





























{"id":53,"date":"2016-03-31T14:08:39","date_gmt":"2016-03-31T14:08:39","guid":{"rendered":"http:\/\/flatsome.dev\/?page_id=6999"},"modified":"2024-11-15T11:51:20","modified_gmt":"2024-11-15T14:51:20","slug":"mutual","status":"publish","type":"page","link":"https:\/\/delosarroyos.com\/tienda\/mutual\/","title":{"rendered":"Mutual"},"content":{"rendered":"\n  <div class=\"banner has-hover\" id=\"banner-202961696\">\n          <div class=\"banner-inner fill\">\n        <div class=\"banner-bg fill\" >\n                                                \n                    <\/div>\n\t\t\n        <div class=\"banner-layers container\">\n            <div class=\"fill banner-link\"><\/div>            \n   <div id=\"text-box-1327818903\" class=\"text-box banner-layer x50 md-x50 lg-x50 y50 md-y50 lg-y50 res-text\">\n                                <div class=\"text-box-content text dark\">\n              \n              <div class=\"text-inner text-center\">\n                  \n\t<div id=\"text-338095688\" class=\"text\">\n\t\t\n<h3 class=\"uppercase\"><strong>HISTORIA<\/strong><\/h3>\n\t\t\n<style>\n#text-338095688 {\n  font-size: 1.55rem;\n}\n<\/style>\n\t<\/div>\n\t\n              <\/div>\n           <\/div>\n                            \n<style>\n#text-box-1327818903 {\n  width: 60%;\n}\n#text-box-1327818903 .text-box-content {\n  font-size: 100%;\n}\n<\/style>\n    <\/div>\n \n        <\/div>\n      <\/div>\n\n            \n<style>\n#banner-202961696 {\n  padding-top: 170px;\n  background-color: rgb(140, 144, 145);\n}\n<\/style>\n  <\/div>\n\n\n<div class=\"is-divider divider clearfix\" style=\"background-color:rgb(255, 255, 255);\"><\/div>\n<div class=\"row\"  id=\"row-1912079253\">\n\n\t<div id=\"col-1379858976\" class=\"col small-12 large-12\"  >\n\t\t\t\t<div class=\"col-inner text-center\"  >\n\t\t\t\n\t\t\t\n\t<div id=\"text-2757491918\" class=\"text\">\n\t\t\n<p>En 1997, ante el cierre de sucursales del Banco Bisel en la regi\u00f3n, la Cooperativa de los Arroyos impuls\u00f3 la creaci\u00f3n de la Mutual de los Arroyos para asegurar servicios financieros a peque\u00f1as localidades. La Mutual, apoyada por la Cooperativa, sigue la filosof\u00eda de las Cajas de Cr\u00e9ditos Cooperativas. Hoy cuenta con 11 sucursales en el sur de Santa Fe y el norte de Buenos Aires, ofreciendo pr\u00e9stamos que apoyan a empresas familiares y Pymes, cumpliendo una funci\u00f3n social clave en la zona.<\/p>\n\t\t\n<style>\n#text-2757491918 {\n  font-size: 1.35rem;\n  text-align: center;\n}\n<\/style>\n\t<\/div>\n\t\n<div class=\"is-divider divider clearfix\" style=\"background-color:rgb(255, 255, 255);\"><\/div>\n<a href=\"https:\/\/delosarroyos.com\/tienda\/sobre-nosotros\/\" class=\"button primary\"  style=\"border-radius:99px;\">\n\t\t<span>sobre nosotros<\/span>\n\t<\/a>\n\n<a href=\"https:\/\/delosarroyos.com\/tienda\/nuetras-filiales\/\" class=\"button primary\"  style=\"border-radius:99px;\">\n\t\t<span>NUESTRAS FILIALES<\/span>\n\t<\/a>\n\n\t\t<\/div>\n\t\t\t\t\t<\/div>\n\n\t\n<\/div>\n","protected":false},"excerpt":{"rendered":"","protected":false},"author":1,"featured_media":18,"parent":0,"menu_order":18,"comment_status":"closed","ping_status":"closed","template":"page-blank.php","meta":{"footnotes":""},"class_list":["post-53","page","type-page","status-publish","has-post-thumbnail","hentry"],"_links":{"self":[{"href":"https:\/\/delosarroyos.com\/tienda\/wp-json\/wp\/v2\/pages\/53","targetHints":{"allow":["GET"]}}],"collection":[{"href":"https:\/\/delosarroyos.com\/tienda\/wp-json\/wp\/v2\/pages"}],"about":[{"href":"https:\/\/delosarroyos.com\/tienda\/wp-json\/wp\/v2\/types\/page"}],"author":[{"embeddable":true,"href":"https:\/\/delosarroyos.com\/tienda\/wp-json\/wp\/v2\/users\/1"}],"replies":[{"embeddable":true,"href":"https:\/\/delosarroyos.com\/tienda\/wp-json\/wp\/v2\/comments?post=53"}],"version-history":[{"count":11,"href":"https:\/\/delosarroyos.com\/tienda\/wp-json\/wp\/v2\/pages\/53\/revisions"}],"predecessor-version":[{"id":1166,"href":"https:\/\/delosarroyos.com\/tienda\/wp-json\/wp\/v2\/pages\/53\/revisions\/1166"}],"wp:featuredmedia":[{"embeddable":true,"href":"https:\/\/delosarroyos.com\/tienda\/wp-json\/wp\/v2\/media\/18"}],"wp:attachment":[{"href":"https:\/\/delosarroyos.com\/tienda\/wp-json\/wp\/v2\/media?parent=53"}],"curies":[{"name":"wp","href":"https:\/\/api.w.org\/{rel}","templated":true}]}}