





























{"id":92,"date":"2013-08-11T19:06:15","date_gmt":"2013-08-11T19:06:15","guid":{"rendered":"http:\/\/localhost:8888\/test\/?page_id=520"},"modified":"2024-11-21T07:13:10","modified_gmt":"2024-11-21T10:13:10","slug":"sobre-nosotros","status":"publish","type":"page","link":"https:\/\/delosarroyos.com\/tienda\/sobre-nosotros\/","title":{"rendered":"Sobre nosotros"},"content":{"rendered":"\n  <div class=\"banner has-hover has-parallax\" id=\"banner-938780785\">\n          <div class=\"banner-inner fill\">\n        <div class=\"banner-bg fill\" data-parallax=\"-3\" data-parallax-container=\".banner\" data-parallax-background>\n            <img loading=\"lazy\" decoding=\"async\" width=\"1020\" height=\"471\" src=\"https:\/\/delosarroyos.com\/tienda\/wp-content\/uploads\/2024\/11\/santa-1400x646.jpg\" class=\"bg attachment-large size-large\" alt=\"\" \/>                        <div class=\"overlay\"><\/div>            \n                    <\/div>\n\t\t\n        <div class=\"banner-layers container\">\n            <div class=\"fill banner-link\"><\/div>            \n   <div id=\"text-box-87956676\" class=\"text-box banner-layer x50 md-x50 lg-x50 y95 md-y95 lg-y95 res-text\">\n                                <div class=\"text-box-content text dark\">\n              \n              <div class=\"text-inner text-center\">\n                  \n<h1 class=\"lead\">Sobre nosotros<\/h1>\n<p class=\"lead\">La Mutual de los Arroyos se identifica con las necesidades del territorio donde est\u00e1 operativa con sus filiales, y trabaja continuamente para ir incorporando servicios que sean de utilidad para los asociados; permitiendo as\u00ed la satisfacci\u00f3n de sus expectativas de crecimiento y mejora.<\/p>\n<div class=\"is-divider divider clearfix\" ><\/div>\n              <\/div>\n           <\/div>\n                            \n<style>\n#text-box-87956676 {\n  width: 60%;\n}\n#text-box-87956676 .text-box-content {\n  font-size: 100%;\n}\n<\/style>\n    <\/div>\n \n        <\/div>\n      <\/div>\n\n            \n<style>\n#banner-938780785 {\n  padding-top: 507px;\n}\n#banner-938780785 .overlay {\n  background-color: rgba(0, 0, 0, 0.49);\n}\n<\/style>\n  <\/div>\n\n\n<div class=\"is-divider divider clearfix\" style=\"background-color:rgb(255, 255, 255);\"><\/div>\n\t<div id=\"text-3017838621\" class=\"text\">\n\t\t\n<p class=\"lead text-center\"><strong>SERVICIOS QUE SE PRESTAN<\/strong><\/p>\n\t\t\n<style>\n#text-3017838621 {\n  font-size: 1.9rem;\n}\n<\/style>\n\t<\/div>\n\t\n<div class=\"row\"  id=\"row-1209236179\">\n\n\t<div id=\"col-1763157280\" class=\"col small-12 large-12\"  >\n\t\t\t\t<div class=\"col-inner\"  >\n\t\t\t\n\t\t\t\n<div class=\"slider-wrapper relative\" id=\"slider-1421159213\" >\n    <div class=\"slider slider-nav-circle slider-nav-large slider-nav-light slider-style-normal\"\n        data-flickity-options='{\n            \"cellAlign\": \"center\",\n            \"imagesLoaded\": true,\n            \"lazyLoad\": 1,\n            \"freeScroll\": false,\n            \"wrapAround\": true,\n            \"autoPlay\": 6000,\n            \"pauseAutoPlayOnHover\" : true,\n            \"prevNextButtons\": true,\n            \"contain\" : true,\n            \"adaptiveHeight\" : true,\n            \"dragThreshold\" : 10,\n            \"percentPosition\": true,\n            \"pageDots\": true,\n            \"rightToLeft\": false,\n            \"draggable\": true,\n            \"selectedAttraction\": 0.1,\n            \"parallax\" : 0,\n            \"friction\": 0.6        }'\n        >\n        \n\n  <div class=\"banner has-hover\" id=\"banner-1499608973\">\n          <div class=\"banner-inner fill\">\n        <div class=\"banner-bg fill\" >\n                                                \n                    <\/div>\n\t\t\n        <div class=\"banner-layers container\">\n            <div class=\"fill banner-link\"><\/div>            \n   <div id=\"text-box-1324478679\" class=\"text-box banner-layer x50 md-x50 lg-x50 y50 md-y50 lg-y50 res-text\">\n                                <div class=\"text-box-content text dark\">\n              \n              <div class=\"text-inner text-center\">\n                  \n<h3 style=\"text-align: center;\"><strong>CREDIARROYOS<\/strong><\/h3>\n<h3>\u00a0<\/h3>\n<h3 style=\"text-align: center;\"><em>Mecanismo de acceso al financiamiento.<\/em><br \/>Se caracteriza por la agilidad en la resoluci\u00f3n, la flexibilidad de sus l\u00edneas y el trato personalizado que toda persona merece. Es una soluci\u00f3n viable para todos y una posibilidad concreta para el desarrollo de la zona.<\/h3>\n              <\/div>\n           <\/div>\n                            \n<style>\n#text-box-1324478679 {\n  width: 60%;\n}\n#text-box-1324478679 .text-box-content {\n  font-size: 100%;\n}\n<\/style>\n    <\/div>\n \n        <\/div>\n      <\/div>\n\n            \n<style>\n#banner-1499608973 {\n  padding-top: 500px;\n  background-color: rgb(0, 127, 174);\n}\n<\/style>\n  <\/div>\n\n\n\n  <div class=\"banner has-hover\" id=\"banner-1510642981\">\n          <div class=\"banner-inner fill\">\n        <div class=\"banner-bg fill\" >\n                                                \n                    <\/div>\n\t\t\n        <div class=\"banner-layers container\">\n            <div class=\"fill banner-link\"><\/div>            \n   <div id=\"text-box-753615172\" class=\"text-box banner-layer x50 md-x50 lg-x50 y50 md-y50 lg-y50 res-text\">\n                                <div class=\"text-box-content text dark\">\n              \n              <div class=\"text-inner text-center\">\n                  \n<h3 style=\"text-align: center;\"><strong>TARJETA CABAL<\/strong><\/h3>\n<h3>\u00a0<\/h3>\n<h3 style=\"text-align: center;\"><em>Tarjeta de cr\u00e9dito.<\/em><br \/>Tarjeta de capital nacional y origen cooperativo, que le otorga beneficios a sus socios.<\/h3>\n              <\/div>\n           <\/div>\n                            \n<style>\n#text-box-753615172 {\n  width: 60%;\n}\n#text-box-753615172 .text-box-content {\n  font-size: 100%;\n}\n<\/style>\n    <\/div>\n \n        <\/div>\n      <\/div>\n\n            \n<style>\n#banner-1510642981 {\n  padding-top: 500px;\n  background-color: rgb(0, 127, 174);\n}\n<\/style>\n  <\/div>\n\n\n\n  <div class=\"banner has-hover\" id=\"banner-1971464383\">\n          <div class=\"banner-inner fill\">\n        <div class=\"banner-bg fill\" >\n                                                \n                    <\/div>\n\t\t\n        <div class=\"banner-layers container\">\n            <div class=\"fill banner-link\"><\/div>            \n   <div id=\"text-box-1446900078\" class=\"text-box banner-layer x50 md-x50 lg-x50 y50 md-y50 lg-y50 res-text\">\n                                <div class=\"text-box-content text dark\">\n              \n              <div class=\"text-inner text-center\">\n                  \n<h3 style=\"text-align: center;\"><strong>CREDIARROYOS PERSONALES<\/strong><\/h3>\n<h3>\u00a0<\/h3>\n<h3 style=\"text-align: center;\"><em>Pr\u00e9stamos personales de amortizaci\u00f3n mensual.<\/em><br \/>Para aquellas personas o grupo familiar cuyos ingresos son mensualizados. Las cuotas pueden ser 3, 6 y 12 meses.<\/h3>\n              <\/div>\n           <\/div>\n                            \n<style>\n#text-box-1446900078 {\n  width: 60%;\n}\n#text-box-1446900078 .text-box-content {\n  font-size: 100%;\n}\n<\/style>\n    <\/div>\n \n        <\/div>\n      <\/div>\n\n            \n<style>\n#banner-1971464383 {\n  padding-top: 500px;\n  background-color: rgb(0, 127, 174);\n}\n<\/style>\n  <\/div>\n\n\n\n  <div class=\"banner has-hover\" id=\"banner-753054367\">\n          <div class=\"banner-inner fill\">\n        <div class=\"banner-bg fill\" >\n                                                \n                    <\/div>\n\t\t\n        <div class=\"banner-layers container\">\n            <div class=\"fill banner-link\"><\/div>            \n   <div id=\"text-box-1635391506\" class=\"text-box banner-layer x50 md-x50 lg-x50 y50 md-y50 lg-y50 res-text\">\n                                <div class=\"text-box-content text dark\">\n              \n              <div class=\"text-inner text-center\">\n                  \n<h3 style=\"text-align: center;\"><strong>CREDIARROYOS PRENDARIOS<\/strong><\/h3>\n<h3>\u00a0<\/h3>\n<h3 style=\"text-align: center;\"><em>L\u00ednea m\u00e1s recomendada para la compra de autom\u00f3viles nuevos o usados.<\/em><br \/>Los montos de otorgamiento se corresponden hasta un 50% del valor del usado y hasta un 60% del nuevo, disponi\u00e9ndose plazos de amortizaci\u00f3n mensual y semestral que van desde 6 a 24 meses.<\/h3>\n              <\/div>\n           <\/div>\n                            \n<style>\n#text-box-1635391506 {\n  width: 60%;\n}\n#text-box-1635391506 .text-box-content {\n  font-size: 100%;\n}\n<\/style>\n    <\/div>\n \n        <\/div>\n      <\/div>\n\n            \n<style>\n#banner-753054367 {\n  padding-top: 500px;\n  background-color: rgb(0, 127, 174);\n}\n<\/style>\n  <\/div>\n\n\n\n  <div class=\"banner has-hover\" id=\"banner-819762544\">\n          <div class=\"banner-inner fill\">\n        <div class=\"banner-bg fill\" >\n                                                \n                    <\/div>\n\t\t\n        <div class=\"banner-layers container\">\n            <div class=\"fill banner-link\"><\/div>            \n   <div id=\"text-box-1940051621\" class=\"text-box banner-layer x50 md-x50 lg-x50 y50 md-y50 lg-y50 res-text\">\n                                <div class=\"text-box-content text dark\">\n              \n              <div class=\"text-inner text-center\">\n                  \n<h3 style=\"text-align: center;\"><strong>CREDIARROYOS AGRO<\/strong><\/h3>\n<h3>\u00a0<\/h3>\n<h3 style=\"text-align: center;\"><em>Incluye todas las necesidades del agro<\/em><br \/>Las cuotas de capital e intereses est\u00e1n dise\u00f1adas para acompa\u00f1ar los ingresos por los ciclos de las cosechas fina y gruesa.<\/h3>\n              <\/div>\n           <\/div>\n                            \n<style>\n#text-box-1940051621 {\n  width: 60%;\n}\n#text-box-1940051621 .text-box-content {\n  font-size: 100%;\n}\n<\/style>\n    <\/div>\n \n        <\/div>\n      <\/div>\n\n            \n<style>\n#banner-819762544 {\n  padding-top: 500px;\n  background-color: rgb(0, 127, 174);\n}\n<\/style>\n  <\/div>\n\n\n\n  <div class=\"banner has-hover\" id=\"banner-532585357\">\n          <div class=\"banner-inner fill\">\n        <div class=\"banner-bg fill\" >\n                                                \n                    <\/div>\n\t\t\n        <div class=\"banner-layers container\">\n            <div class=\"fill banner-link\"><\/div>            \n   <div id=\"text-box-316090830\" class=\"text-box banner-layer x50 md-x50 lg-x50 y50 md-y50 lg-y50 res-text\">\n                                <div class=\"text-box-content text dark\">\n              \n              <div class=\"text-inner text-center\">\n                  \n<h3 style=\"text-align: center;\"><strong>CREDIARROYOS CHEQ<\/strong><\/h3>\n<h3>\u00a0<\/h3>\n<h3 style=\"text-align: center;\"><em>Sistema de pago integro a trav\u00e9s del cambio de valores.<\/em><br \/>Destinado a aquellas micro y peque\u00f1as empresas que necesitan obtener una pronta liquidez en sus activos. Disponibilidad y resoluci\u00f3n inmediata.<\/h3>\n              <\/div>\n           <\/div>\n                            \n<style>\n#text-box-316090830 {\n  width: 60%;\n}\n#text-box-316090830 .text-box-content {\n  font-size: 100%;\n}\n<\/style>\n    <\/div>\n \n        <\/div>\n      <\/div>\n\n            \n<style>\n#banner-532585357 {\n  padding-top: 500px;\n  background-color: rgb(0, 127, 174);\n}\n<\/style>\n  <\/div>\n\n\n\n  <div class=\"banner has-hover\" id=\"banner-1500053941\">\n          <div class=\"banner-inner fill\">\n        <div class=\"banner-bg fill\" >\n                                                \n                    <\/div>\n\t\t\n        <div class=\"banner-layers container\">\n            <div class=\"fill banner-link\"><\/div>            \n   <div id=\"text-box-1271485927\" class=\"text-box banner-layer x50 md-x50 lg-x50 y50 md-y50 lg-y50 res-text\">\n                                <div class=\"text-box-content text dark\">\n              \n              <div class=\"text-inner text-center\">\n                  \n<h3 style=\"text-align: center;\"><strong>CREDIARROYOS PYME<\/strong><\/h3>\n<h3>\u00a0<\/h3>\n<h3 style=\"text-align: center;\"><em>Cr\u00e9ditos totalmente a medida.<\/em><br \/>Se ajustan a cada peque\u00f1a empresa, con plazos y condiciones seg\u00fan sus necesidades especificas.<\/h3>\n              <\/div>\n           <\/div>\n                            \n<style>\n#text-box-1271485927 {\n  width: 60%;\n}\n#text-box-1271485927 .text-box-content {\n  font-size: 100%;\n}\n<\/style>\n    <\/div>\n \n        <\/div>\n      <\/div>\n\n            \n<style>\n#banner-1500053941 {\n  padding-top: 500px;\n  background-color: rgb(0, 127, 174);\n}\n<\/style>\n  <\/div>\n\n\n\n  <div class=\"banner has-hover\" id=\"banner-958030306\">\n          <div class=\"banner-inner fill\">\n        <div class=\"banner-bg fill\" >\n                                                \n                    <\/div>\n\t\t\n        <div class=\"banner-layers container\">\n            <div class=\"fill banner-link\"><\/div>            \n   <div id=\"text-box-995701616\" class=\"text-box banner-layer x50 md-x50 lg-x50 y50 md-y50 lg-y50 res-text\">\n                                <div class=\"text-box-content text dark\">\n              \n              <div class=\"text-inner text-center\">\n                  \n<h3 style=\"text-align: center;\"><strong>AHORRO MUTUAL<\/strong><\/h3>\n<h3>\u00a0<\/h3>\n<h3 style=\"text-align: center;\"><em>Dep\u00f3sitos a plazo fijo.<\/em><br \/>M\u00ednimo 30 d\u00edas. Esta modalidad se compensa con una tasa mayor que var\u00eda de acuerdo al plazo y monto de la imposici\u00f3n. Los dep\u00f3sitos pueden constituirse en pesos o d\u00f3lares.<\/h3>\n              <\/div>\n           <\/div>\n                            \n<style>\n#text-box-995701616 {\n  width: 60%;\n}\n#text-box-995701616 .text-box-content {\n  font-size: 100%;\n}\n<\/style>\n    <\/div>\n \n        <\/div>\n      <\/div>\n\n            \n<style>\n#banner-958030306 {\n  padding-top: 500px;\n  background-color: rgb(0, 127, 174);\n}\n<\/style>\n  <\/div>\n\n\n\n  <div class=\"banner has-hover\" id=\"banner-1838646750\">\n          <div class=\"banner-inner fill\">\n        <div class=\"banner-bg fill\" >\n                                                \n                    <\/div>\n\t\t\n        <div class=\"banner-layers container\">\n            <div class=\"fill banner-link\"><\/div>            \n   <div id=\"text-box-408094113\" class=\"text-box banner-layer x50 md-x50 lg-x50 y50 md-y50 lg-y50 res-text\">\n                                <div class=\"text-box-content text dark\">\n              \n              <div class=\"text-inner text-center\">\n                  \n<h3 style=\"text-align: center;\"><strong>SEGUROS SAN CRISTOBAL<\/strong><\/h3>\n<h3>\u00a0<\/h3>\n<h3 style=\"text-align: center;\"><em>Cobertura en vida y automotor.<\/em><br \/>La Mutual es Agente Institorio de San Crist\u00f3bal, Sociedad Mutual de Seguros Generales, ofreci\u00e9ndole toda la gama de cobertura, principalmente en vida y automotor.<\/h3>\n              <\/div>\n           <\/div>\n                            \n<style>\n#text-box-408094113 {\n  width: 60%;\n}\n#text-box-408094113 .text-box-content {\n  font-size: 100%;\n}\n<\/style>\n    <\/div>\n \n        <\/div>\n      <\/div>\n\n            \n<style>\n#banner-1838646750 {\n  padding-top: 500px;\n  background-color: rgb(0, 127, 174);\n}\n<\/style>\n  <\/div>\n\n\n\n  <div class=\"banner has-hover\" id=\"banner-1590968241\">\n          <div class=\"banner-inner fill\">\n        <div class=\"banner-bg fill\" >\n                                                \n                    <\/div>\n\t\t\n        <div class=\"banner-layers container\">\n            <div class=\"fill banner-link\"><\/div>            \n   <div id=\"text-box-550334303\" class=\"text-box banner-layer x50 md-x50 lg-x50 y50 md-y50 lg-y50 res-text\">\n                                <div class=\"text-box-content text dark\">\n              \n              <div class=\"text-inner text-center\">\n                  \n<h3 style=\"text-align: center;\"><strong>SERVICIO DE PROVEEDUR\u00cdA<\/strong><\/h3>\n<h3>\u00a0<\/h3>\n<h3 style=\"text-align: center;\"><em>Venta directa de productos tecnol\u00f3gicos.<\/em><br \/>Las ventas se realizan en hasta 12 cuotas, posibilitando el acceso de nuestros asociados a estos productos, principalmente en aquellas localidades donde no existen comercios con este tipo de art\u00edculos.<\/h3>\n              <\/div>\n           <\/div>\n                            \n<style>\n#text-box-550334303 {\n  width: 60%;\n}\n#text-box-550334303 .text-box-content {\n  font-size: 100%;\n}\n<\/style>\n    <\/div>\n \n        <\/div>\n      <\/div>\n\n            \n<style>\n#banner-1590968241 {\n  padding-top: 500px;\n  background-color: rgb(0, 127, 174);\n}\n<\/style>\n  <\/div>\n\n\n     <\/div>\n\n     <div class=\"loading-spin dark large centered\"><\/div>\n\n\t<\/div>\n\n\n<div class=\"text-center\"><div class=\"is-divider divider clearfix\" style=\"background-color:rgb(255, 255, 255);\"><\/div><\/div>\n\t\t<\/div>\n\t\t\t\t\t<\/div>\n\n\t\n<\/div>\n","protected":false},"excerpt":{"rendered":"","protected":false},"author":1,"featured_media":18,"parent":0,"menu_order":0,"comment_status":"closed","ping_status":"closed","template":"page-transparent-header-light.php","meta":{"footnotes":""},"class_list":["post-92","page","type-page","status-publish","has-post-thumbnail","hentry"],"_links":{"self":[{"href":"https:\/\/delosarroyos.com\/tienda\/wp-json\/wp\/v2\/pages\/92","targetHints":{"allow":["GET"]}}],"collection":[{"href":"https:\/\/delosarroyos.com\/tienda\/wp-json\/wp\/v2\/pages"}],"about":[{"href":"https:\/\/delosarroyos.com\/tienda\/wp-json\/wp\/v2\/types\/page"}],"author":[{"embeddable":true,"href":"https:\/\/delosarroyos.com\/tienda\/wp-json\/wp\/v2\/users\/1"}],"replies":[{"embeddable":true,"href":"https:\/\/delosarroyos.com\/tienda\/wp-json\/wp\/v2\/comments?post=92"}],"version-history":[{"count":45,"href":"https:\/\/delosarroyos.com\/tienda\/wp-json\/wp\/v2\/pages\/92\/revisions"}],"predecessor-version":[{"id":1218,"href":"https:\/\/delosarroyos.com\/tienda\/wp-json\/wp\/v2\/pages\/92\/revisions\/1218"}],"wp:featuredmedia":[{"embeddable":true,"href":"https:\/\/delosarroyos.com\/tienda\/wp-json\/wp\/v2\/media\/18"}],"wp:attachment":[{"href":"https:\/\/delosarroyos.com\/tienda\/wp-json\/wp\/v2\/media?parent=92"}],"curies":[{"name":"wp","href":"https:\/\/api.w.org\/{rel}","templated":true}]}}