





























{"id":928,"date":"2024-11-11T09:17:16","date_gmt":"2024-11-11T12:17:16","guid":{"rendered":"https:\/\/delosarroyos.com\/demo\/?page_id=928"},"modified":"2024-12-10T07:10:20","modified_gmt":"2024-12-10T10:10:20","slug":"como-comprar","status":"publish","type":"page","link":"https:\/\/delosarroyos.com\/tienda\/como-comprar\/","title":{"rendered":"\u00bfC\u00f3mo comprar?"},"content":{"rendered":"\n  <div class=\"banner has-hover\" id=\"banner-42164019\">\n          <div class=\"banner-inner fill\">\n        <div class=\"banner-bg fill\" >\n                                    <div class=\"overlay\"><\/div>            \n                    <\/div>\n\t\t\n        <div class=\"banner-layers container\">\n            <div class=\"fill banner-link\"><\/div>            \n   <div id=\"text-box-96810707\" class=\"text-box banner-layer x50 md-x50 lg-x50 y95 md-y95 lg-y95 res-text\">\n                                <div class=\"text-box-content text dark\">\n              \n              <div class=\"text-inner text-center\">\n                  \n\t<div id=\"text-2515268253\" class=\"text\">\n\t\t\n<h3 class=\"uppercase\"><strong>\u00bfC\u00f3mo Comprar?<\/strong><\/h3>\n\t\t\n<style>\n#text-2515268253 {\n  font-size: 1.15rem;\n  text-align: center;\n}\n@media (min-width:550px) {\n  #text-2515268253 {\n    font-size: 1.55rem;\n    text-align: center;\n  }\n}\n<\/style>\n\t<\/div>\n\t\n<div class=\"is-divider divider clearfix\" style=\"background-color:#707374;\"><\/div>\n<div class=\"is-divider divider clearfix\" style=\"background-color:#707374;\"><\/div>\n              <\/div>\n           <\/div>\n                            \n<style>\n#text-box-96810707 {\n  width: 60%;\n}\n#text-box-96810707 .text-box-content {\n  font-size: 100%;\n}\n@media (min-width:550px) {\n  #text-box-96810707 {\n    width: 68%;\n  }\n}\n<\/style>\n    <\/div>\n \n        <\/div>\n      <\/div>\n\n            \n<style>\n#banner-42164019 {\n  padding-top: 170px;\n  background-color: rgb(140, 144, 145);\n}\n#banner-42164019 .overlay {\n  background-color: rgba(0, 0, 0, 0.2);\n}\n<\/style>\n  <\/div>\n\n\n<div class=\"is-divider divider clearfix\" style=\"background-color:rgb(255, 255, 255);\"><\/div>\n\t<div id=\"text-2520192980\" class=\"text\">\n\t\t\n<p>Te mostramos c\u00f3mo realizar una compra en nuestra web mediante simples pasos\ud83d\udcdd<br \/>\n\t\t\n<style>\n#text-2520192980 {\n  font-size: 1.2rem;\n  line-height: 1.2;\n  text-align: center;\n}\n@media (min-width:550px) {\n  #text-2520192980 {\n    font-size: 1.2rem;\n    line-height: 1.3;\n  }\n}\n<\/style>\n\t<\/div>\n\t\n<div class=\"row\"  id=\"row-801431222\">\n\n\t<div id=\"col-1916549097\" class=\"col small-12 large-12\"  >\n\t\t\t\t<div class=\"col-inner\" style=\"background-color:#c7eafb;\" >\n\t\t\t\n\t\t\t\n\t<div id=\"text-1570495569\" class=\"text\">\n\t\t\n<h2>\u00a0<\/h2>\n<h2 style=\"text-align: left;\"><span style=\"color: #808080;\"><strong>PRIMER PASO\u2705<\/strong><\/span><\/h2>\n<p><span style=\"color: #808080; font-size: 110%;\"><strong>Si no sos socio:\u00a0<\/strong>hac\u00e9 click <strong><a href=\"https:\/\/www.delosarroyos.com\/app\/altasocios\/\">ac\u00e1<\/a><\/strong><\/span><\/p>\n<p><span style=\"color: #808080;\"><strong><span style=\"font-size: 110%;\">Si sos un socio de la Mutual:<\/span><\/strong><\/span><\/p>\n<ul>\n<li><span style=\"color: #808080;\"><strong><em>Si es tu primera compra: <\/em><\/strong>hac\u00e9 click en<strong><em> ACCEDER. <\/em><\/strong>Eleg\u00ed la opci\u00f3n \u00ab<strong style=\"text-align: center;\"><em>Recuperar cuenta<\/em><\/strong><span style=\"text-align: center;\">\u00ab. <\/span>Complet\u00e1 con tu DNI, te va a llegar un mail de validaci\u00f3n donde podr\u00e1s crear la contrase\u00f1a para acceder y completar la compra.<\/span><\/li>\n<li><span style=\"color: #808080;\"><em><strong>Si ya compraste:<\/strong><\/em> dirigite directamente al <em><strong>segundo paso.<\/strong><\/em><\/span><\/li>\n<\/ul>\n<h2><span style=\"color: #808080;\"><strong>SEGUNDO PASO\u2705<\/strong><\/span><\/h2>\n<p><span style=\"color: #808080;\">Inici\u00e1 sesi\u00f3n y \u00a1<strong><em>ya pod\u00e9s comprar<\/em><\/strong>! <\/span><span style=\"color: #808080;\">Ingres\u00e1 a la <strong><a href=\"https:\/\/delosarroyos.com\/tienda\/productos\/\">Tienda<\/a> <\/strong>y eleg\u00ed el\/los productos. (Pod\u00e9s navegar por las distintas <strong style=\"text-align: center;\"><em>secciones<\/em><\/strong><span style=\"text-align: center;\"> o buscarlo escribiendo en la <\/span><em style=\"text-align: center;\"><strong>barra superior.<\/strong>)<\/em><\/span><\/p>\n<h2 style=\"text-align: left;\"><span style=\"color: #808080;\"><strong>TERCER PASO\u2705<\/strong><\/span><\/h2>\n<p><span style=\"color: #808080;\">A\u00f1ad\u00ed al carrito el\/los productos elegidos. Si ten\u00e9s alg\u00fan cup\u00f3n de descuento activo, ingr\u00e9salo y por \u00faltimo <strong><em>finaliz\u00e1 la compra<\/em><\/strong>.<\/span><\/p>\n<h2 style=\"text-align: left;\"><span style=\"color: #808080;\"><strong>CUARTO PASO\u2705<\/strong><\/span><\/h2>\n<p><span style=\"color: #808080;\">Complet\u00e1 los datos de facturaci\u00f3n y eleg\u00ed la <a href=\"https:\/\/delosarroyos.com\/tienda\/nuetras-filiales\/\"><strong>filial m\u00e1s cercana<\/strong><\/a> para retirar tu pedido. <\/span><span style=\"color: #808080;\">Seleccion\u00e1 el m\u00e9todo de pago y<strong><em> finaliz\u00e1 la compra.<\/em><\/strong><\/span><\/p>\n\t\t\n<style>\n#text-1570495569 {\n  line-height: 2;\n}\n<\/style>\n\t<\/div>\n\t\n<div class=\"row\"  id=\"row-1871527113\">\n\n\t<div id=\"col-1114315538\" class=\"col small-12 large-12\"  >\n\t\t\t\t<div class=\"col-inner\"  >\n\t\t\t\n\t\t\t\n<div class=\"text-center\"><div class=\"is-divider divider clearfix\" style=\"max-width:1000px;height:1px;background-color:#838485;\"><\/div><\/div>\n\t<div id=\"text-83904483\" class=\"text\">\n\t\t\n<h3 style=\"text-align: center;\"><span style=\"color: #808080;\"><strong>\ud83d\udcb5 M\u00c9TODOS DE PAGO \ud83d\udcb3<\/strong><\/span><\/h3>\n<ul>\n<li style=\"text-align: left;\"><span style=\"color: #808080;\"><span style=\"font-size: 120%;\"><strong><em>Mercado Pago: <\/em><\/strong><\/span>p<\/span><span style=\"color: #808080;\">od\u00e9s pagar con dinero en cuenta, tarjeta de d\u00e9bito o cr\u00e9dito.<\/span><\/li>\n<li style=\"text-align: left;\"><span style=\"color: #808080;\"><span style=\"font-size: 120%;\"><strong><em>Transferencia bancaria:<\/em><\/strong><\/span>\u00a0e<\/span><span style=\"color: #808080;\">n esta opci\u00f3n se encuentra el CBU y alias, tambi\u00e9n un WhatsApp para que env\u00edes el comprobante.<\/span><\/li>\n<li style=\"text-align: left;\"><span style=\"color: #808080;\"><span style=\"font-size: 120%;\"><em><strong>Pr\u00e9stamo Personal Mutual<\/strong> o pago en <strong>efectivo: <\/strong><\/em><\/span>p<\/span><span style=\"color: #808080;\">ara aquellas personas o grupo familiar cuyos ingresos son mensualizados. Las cuotas pueden ser <strong>3 y <\/strong><em><strong>6 sin inter\u00e9s y hasta 12 fijas.<\/strong><\/em>\u00a0Este m\u00e9todo <em><strong>se gestiona de manera presencial<\/strong><\/em> al momento de retirar el pedido.<\/span><\/li>\n<\/ul>\n\t\t\n<style>\n#text-83904483 {\n  line-height: 2;\n}\n<\/style>\n\t<\/div>\n\t\n\t\t<\/div>\n\t\t\t\t\n<style>\n#col-1114315538 > .col-inner {\n  margin: 0px 0px 0px 20px;\n}\n<\/style>\n\t<\/div>\n\n\t\n<\/div>\n<div class=\"is-divider divider clearfix\" style=\"max-width:1000px;height:1px;background-color:#808080;\"><\/div>\n<div class=\"row\"  id=\"row-1148374400\">\n\n\t<div id=\"col-1028856752\" class=\"col small-12 large-12\"  >\n\t\t\t\t<div class=\"col-inner text-center\" style=\"background-color:#c7eafb;\" >\n\t\t\t\n\t\t\t\n\t<div id=\"text-586194998\" class=\"text\">\n\t\t\n<h3 style=\"text-align: center;\"><span style=\"color: #808080;\"><strong>\u00a0PREGUNTAS FRECUENTES \ud83d\udcdd<\/strong><\/span><\/h3>\n<p style=\"text-align: left;\"><span style=\"font-size: 120%;\"><em><strong>\u25b6\ufe0f\u00bfC\u00f3mo actualizo mis datos?<\/strong><\/em><\/span><\/p>\n<p style=\"text-align: left;\">Ingres\u00e1 a <strong>\u00bb<em>Mi Cuenta\u00ab<\/em> <\/strong>en la secci\u00f3n <strong>\u00bb<\/strong><em><strong>Detalle de la cuenta\u00ab <\/strong>y podr\u00e1s modificar los datos correspondientes al usuario.<\/em><\/p>\n<p style=\"text-align: left;\"><span style=\"font-size: 120%;\"><em><strong>\u25b6\ufe0f\u00bfC\u00f3mo cambio mi clave?<\/strong><\/em><\/span><\/p>\n<p style=\"text-align: left;\">Ingres\u00e1 a <strong>\u00bb<em>Mi Cuenta\u00ab<\/em> <\/strong>en la secci\u00f3n <strong>\u00bb<\/strong><em><strong>Detalle de la cuenta\u00ab.\u00a0<\/strong><\/em>En la parte inferior de la p\u00e1gina encontrar\u00e1s el apartado \u00bb<em>CAMBIO DE CONTRASE\u00d1A\u00ab <\/em>donde all\u00ed tendr\u00e1s que colocar primero la contrase\u00f1a actual y luego la nueva.<\/p>\n<p style=\"text-align: left;\"><span style=\"font-size: 120%;\"><em><strong>\u25b6\ufe0f\u00bfC\u00f3mo recupero mi clave?<\/strong><\/em><\/span><\/p>\n<p style=\"text-align: left;\">Hac\u00e9 click en<strong><em> \u00bbACCEDER\u00ab. <\/em><\/strong>Eleg\u00ed la opci\u00f3n <strong>\u00bb<em>Recuperar cuenta<\/em>\u00ab<\/strong>. Complet\u00e1 con tu DNI, te va a llegar un mail de validaci\u00f3n donde podr\u00e1s crear la contrase\u00f1a nueva.<\/p>\n<p style=\"text-align: left;\"><span style=\"font-size: 120%;\"><em><strong>\u25b6\ufe0f\u00bfQu\u00e9 es un cup\u00f3n de descuento?<\/strong><\/em><\/span><\/p>\n<p style=\"text-align: left;\">Es una palabra clave que se ingresa antes de <em><strong>finalizar la compra<\/strong><\/em> para obtener un beneficio. Se aplica en la secci\u00f3n\u00a0<em>cup\u00f3n de descuento.<\/em><\/p>\n\t\t\n<style>\n#text-586194998 {\n  line-height: 2;\n}\n<\/style>\n\t<\/div>\n\t\n\t<div id=\"text-2872098950\" class=\"text hidden\">\n\t\t\n<h3><\/h3>\n<h4 style=\"text-align: center;\"><span style=\"color: #808080;\"><strong>\ud83d\udcb5 M\u00c9TODOS DE PAGO \ud83d\udcb3<\/strong><\/span><\/h4>\n<ul>\n<li style=\"text-align: left;\"><span style=\"color: #808080;\"><strong><em>Mercado Pago.<\/em><\/strong><\/span>\n<ul>\n<li><span style=\"color: #808080;\">Pod\u00e9s pagar con dinero en cuenta, tarjeta de d\u00e9bito o cr\u00e9dito.<\/span><\/li>\n<\/ul>\n<\/li>\n<li style=\"text-align: left;\"><span style=\"color: #808080;\"><strong><em>Transferencia bancaria.<\/em><\/strong><\/span>\n<ul>\n<li><span style=\"color: #808080;\">En esta opci\u00f3n se encuentra el CBU y alias, tambi\u00e9n un WhatsApp para que env\u00edes el comprobante.<\/span><\/li>\n<\/ul>\n<\/li>\n<li style=\"text-align: left;\"><span style=\"color: #808080;\"><em><strong>Pr\u00e9stamo Personal Mutual<\/strong> o pago en <strong>efectivo.<\/strong><\/em><\/span>\n<ul>\n<li><span style=\"color: #808080;\">Para aquellas personas o grupo familiar cuyos ingresos son mensualizados. Las cuotas pueden ser <em><strong>6, 12, 18 o 24 meses<\/strong><\/em>. Este m\u00e9todo <em><strong>se gestiona de manera presencial<\/strong><\/em> al momento de retirar el pedido.<\/span><\/li>\n<\/ul>\n<\/li>\n<\/ul>\n\t\t\n<style>\n#text-2872098950 {\n  line-height: 0.95;\n  text-align: center;\n  color: rgba(0, 0, 0, 0.535);\n}\n#text-2872098950 > * {\n  color: rgba(0, 0, 0, 0.535);\n}\n<\/style>\n\t<\/div>\n\t\n\t\t<\/div>\n\t\t\t\t\n<style>\n#col-1028856752 > .col-inner {\n  padding: 0px 10px 0px 0px;\n  margin: 0px 0px 0px 20px;\n}\n<\/style>\n\t<\/div>\n\n\t\n<\/div>\n\t\t<\/div>\n\t\t\t\t\n<style>\n#col-1916549097 > .col-inner {\n  padding: 0px 30px 0px 30px;\n  margin: 0px 0px 0px 0px;\n}\n<\/style>\n\t<\/div>\n\n\t\n<\/div>\n","protected":false},"excerpt":{"rendered":"","protected":false},"author":1,"featured_media":18,"parent":0,"menu_order":0,"comment_status":"closed","ping_status":"closed","template":"page-blank.php","meta":{"footnotes":""},"class_list":["post-928","page","type-page","status-publish","has-post-thumbnail","hentry"],"_links":{"self":[{"href":"https:\/\/delosarroyos.com\/tienda\/wp-json\/wp\/v2\/pages\/928","targetHints":{"allow":["GET"]}}],"collection":[{"href":"https:\/\/delosarroyos.com\/tienda\/wp-json\/wp\/v2\/pages"}],"about":[{"href":"https:\/\/delosarroyos.com\/tienda\/wp-json\/wp\/v2\/types\/page"}],"author":[{"embeddable":true,"href":"https:\/\/delosarroyos.com\/tienda\/wp-json\/wp\/v2\/users\/1"}],"replies":[{"embeddable":true,"href":"https:\/\/delosarroyos.com\/tienda\/wp-json\/wp\/v2\/comments?post=928"}],"version-history":[{"count":75,"href":"https:\/\/delosarroyos.com\/tienda\/wp-json\/wp\/v2\/pages\/928\/revisions"}],"predecessor-version":[{"id":2135,"href":"https:\/\/delosarroyos.com\/tienda\/wp-json\/wp\/v2\/pages\/928\/revisions\/2135"}],"wp:featuredmedia":[{"embeddable":true,"href":"https:\/\/delosarroyos.com\/tienda\/wp-json\/wp\/v2\/media\/18"}],"wp:attachment":[{"href":"https:\/\/delosarroyos.com\/tienda\/wp-json\/wp\/v2\/media?parent=928"}],"curies":[{"name":"wp","href":"https:\/\/api.w.org\/{rel}","templated":true}]}}