





























{"id":1336,"date":"2024-11-23T17:04:49","date_gmt":"2024-11-23T20:04:49","guid":{"rendered":"https:\/\/delosarroyos.com\/tienda\/?post_type=product&#038;p=1336"},"modified":"2025-09-29T09:11:10","modified_gmt":"2025-09-29T12:11:10","slug":"freidora-gadnic-8067-6-5l","status":"publish","type":"product","link":"https:\/\/delosarroyos.com\/tienda\/producto\/freidora-gadnic-8067-6-5l\/","title":{"rendered":"FREIDORA GADNIC 8067 6.5L"},"content":{"rendered":"<ul class=\"txt-listado-caracteristicas\">\n<li>Voltaje: 220~240V,50\/60Hz,<\/li>\n<li>Potencia: 1000W<\/li>\n<li>Capacidad del tanque de fre\u00edr: 6.5L<\/li>\n<li>Temperatura: 30-200 C<\/li>\n<li>Pantalla LED: Si<\/li>\n<li>Control t\u00e1ctil: S\u00ed<\/li>\n<li>Medidas: 27,3 x 31,7 x 33,5 cm<\/li>\n<li>Medidas del interior: 23,5&#215;24,5&#215;13,5 cm<\/li>\n<\/ul>\n","protected":false},"excerpt":{"rendered":"<p>Voltaje: 220~240V,50\/60Hz, Potencia: 1000W Capacidad del tanque de fre\u00edr: 6.5L Temperatura: 30-200 C Pantalla LED: Si Control t\u00e1ctil: S\u00ed Medidas: 27,3 x 31,7 x 33,5 cm Medidas del interior: 23,5&#215;24,5&#215;13,5 cm<\/p>\n","protected":false},"featured_media":1447,"template":"","meta":[],"product_brand":[],"product_cat":[15,69,70],"product_tag":[],"class_list":{"0":"post-1336","1":"product","2":"type-product","3":"status-publish","4":"has-post-thumbnail","6":"product_cat-todos-los-productos","7":"product_cat-productos-cocinas","8":"product_cat-productos-electros","10":"first","11":"instock","12":"sold-individually","13":"shipping-taxable","14":"purchasable","15":"product-type-simple"},"_links":{"self":[{"href":"https:\/\/delosarroyos.com\/tienda\/wp-json\/wp\/v2\/product\/1336","targetHints":{"allow":["GET"]}}],"collection":[{"href":"https:\/\/delosarroyos.com\/tienda\/wp-json\/wp\/v2\/product"}],"about":[{"href":"https:\/\/delosarroyos.com\/tienda\/wp-json\/wp\/v2\/types\/product"}],"wp:featuredmedia":[{"embeddable":true,"href":"https:\/\/delosarroyos.com\/tienda\/wp-json\/wp\/v2\/media\/1447"}],"wp:attachment":[{"href":"https:\/\/delosarroyos.com\/tienda\/wp-json\/wp\/v2\/media?parent=1336"}],"wp:term":[{"taxonomy":"product_brand","embeddable":true,"href":"https:\/\/delosarroyos.com\/tienda\/wp-json\/wp\/v2\/product_brand?post=1336"},{"taxonomy":"product_cat","embeddable":true,"href":"https:\/\/delosarroyos.com\/tienda\/wp-json\/wp\/v2\/product_cat?post=1336"},{"taxonomy":"product_tag","embeddable":true,"href":"https:\/\/delosarroyos.com\/tienda\/wp-json\/wp\/v2\/product_tag?post=1336"}],"curies":[{"name":"wp","href":"https:\/\/api.w.org\/{rel}","templated":true}]}}