





























{"id":1364,"date":"2024-11-23T19:32:05","date_gmt":"2024-11-23T22:32:05","guid":{"rendered":"https:\/\/delosarroyos.com\/tienda\/?post_type=product&#038;p=1364"},"modified":"2026-03-12T09:45:24","modified_gmt":"2026-03-12T12:45:24","slug":"luz-de-emergencia-sica-60-led","status":"publish","type":"product","link":"https:\/\/delosarroyos.com\/tienda\/producto\/luz-de-emergencia-sica-60-led\/","title":{"rendered":"LUZ DE EMERGENCIA SICA 60 LED"},"content":{"rendered":"<p>Vers\u00e1tiles por su funcionamiento aut\u00f3nomo, las luces de emergencia de 60 LEDs SMD, permiten estar preparado tanto para un corte de energ\u00eda el\u00e9ctrica, ya que encienden autom\u00e1ticamente al detectarlo, como tambi\u00e9n para disfrutar de momentos de esparcimiento ya que cuentan con bater\u00eda de litio recargable, pr\u00e1ctica manija rebatible y compartimiento posterior para guardar el cable de alimentaci\u00f3n. Se encuentran disponibles dos modelos que difieren en la autonom\u00eda de la bater\u00eda y la distribuci\u00f3n lum\u00ednica. De f\u00e1cil instalaci\u00f3n, s\u00f3lo se necesitan dos tornillos amurados con tarugos que permiten colocarla en pared o techo seg\u00fan su necesidad. La bater\u00eda de litio es recargable, posee protecci\u00f3n contra sobrecargas y, adem\u00e1s, es reemplazable, logrando as\u00ed una vida \u00fatil m\u00e1s extensa. Tiene dos niveles de intensidad, permitiendo extender la autonom\u00eda de la bater\u00eda durante su uso sin alimentaci\u00f3n. Posee un indicador de carga y un bot\u00f3n de prueba. Se recomienda descargar y recargar cada tres meses para verificar su correcto funcionamiento. Cuenta con el sello de conformidad de IRAM, transmitiendo la confianza que el cliente se merece.<\/p>\n","protected":false},"excerpt":{"rendered":"<p>Caracter\u00edsticas t\u00e9cnicas:<br \/>\nTensi\u00f3n nominal 220-240Vca<br \/>\nPotencia nominal 2W<br \/>\nBater\u00eda de Litio 3.7V\/ 1.2Ah<br \/>\nRecargable<br \/>\nTiempo de carga 24hs.<br \/>\nAutonom\u00eda 5hs (posici\u00f3n 2) o 3hs (posici\u00f3n 1)<\/p>\n","protected":false},"featured_media":1365,"template":"","meta":[],"product_brand":[],"product_cat":[15,131,139],"product_tag":[],"class_list":{"0":"post-1364","1":"product","2":"type-product","3":"status-publish","4":"has-post-thumbnail","6":"product_cat-todos-los-productos","7":"product_cat-herramientas-y-construccion","8":"product_cat-herramientas-electricas","10":"first","11":"instock","12":"sold-individually","13":"shipping-taxable","14":"purchasable","15":"product-type-simple"},"_links":{"self":[{"href":"https:\/\/delosarroyos.com\/tienda\/wp-json\/wp\/v2\/product\/1364","targetHints":{"allow":["GET"]}}],"collection":[{"href":"https:\/\/delosarroyos.com\/tienda\/wp-json\/wp\/v2\/product"}],"about":[{"href":"https:\/\/delosarroyos.com\/tienda\/wp-json\/wp\/v2\/types\/product"}],"wp:featuredmedia":[{"embeddable":true,"href":"https:\/\/delosarroyos.com\/tienda\/wp-json\/wp\/v2\/media\/1365"}],"wp:attachment":[{"href":"https:\/\/delosarroyos.com\/tienda\/wp-json\/wp\/v2\/media?parent=1364"}],"wp:term":[{"taxonomy":"product_brand","embeddable":true,"href":"https:\/\/delosarroyos.com\/tienda\/wp-json\/wp\/v2\/product_brand?post=1364"},{"taxonomy":"product_cat","embeddable":true,"href":"https:\/\/delosarroyos.com\/tienda\/wp-json\/wp\/v2\/product_cat?post=1364"},{"taxonomy":"product_tag","embeddable":true,"href":"https:\/\/delosarroyos.com\/tienda\/wp-json\/wp\/v2\/product_tag?post=1364"}],"curies":[{"name":"wp","href":"https:\/\/api.w.org\/{rel}","templated":true}]}}