





























{"id":1367,"date":"2024-11-23T19:46:47","date_gmt":"2024-11-23T22:46:47","guid":{"rendered":"https:\/\/delosarroyos.com\/tienda\/?post_type=product&#038;p=1367"},"modified":"2026-04-07T11:36:34","modified_gmt":"2026-04-07T14:36:34","slug":"calefon-senorial-14-litros-ge-automatico","status":"publish","type":"product","link":"https:\/\/delosarroyos.com\/tienda\/producto\/calefon-senorial-14-litros-ge-automatico\/","title":{"rendered":"CALEFON SE\u00d1ORIAL EVOLUTION MAX 14 GAS GE"},"content":{"rendered":"<p>MODELO: C-14GE<br \/>\nCALEF\u00d3N GAS ENVASADO<br \/>\nSISTEMA SIN LLAMA PILOTO.<br \/>\nM\u00c1XIMA EFICIENCIA ENERG\u00c9TICA.<br \/>\nLA M\u00c1S ALTA CATEGOR\u00cdA.<br \/>\nMAYOR SEGURIDAD.<br \/>\nCORTE TOTAL POR AUSENCIA DE LLAMA EN EL<br \/>\nQUEMADOR.<br \/>\nPRODUCTO CERTIFICADO POR IGA.<\/p>\n","protected":false},"excerpt":{"rendered":"<p>MODELO: C-14GE CALEF\u00d3N GAS ENVASADO SISTEMA SIN LLAMA PILOTO. M\u00c1XIMA EFICIENCIA ENERG\u00c9TICA. LA M\u00c1S ALTA CATEGOR\u00cdA. MAYOR SEGURIDAD. CORTE TOTAL POR AUSENCIA DE LLAMA EN EL QUEMADOR. PRODUCTO CERTIFICADO POR IGA.<\/p>\n","protected":false},"featured_media":3459,"template":"","meta":[],"product_brand":[],"product_cat":[15,69,108],"product_tag":[],"class_list":{"0":"post-1367","1":"product","2":"type-product","3":"status-publish","4":"has-post-thumbnail","6":"product_cat-todos-los-productos","7":"product_cat-productos-cocinas","8":"product_cat-termotanques","10":"first","11":"instock","12":"sold-individually","13":"shipping-taxable","14":"purchasable","15":"product-type-simple"},"_links":{"self":[{"href":"https:\/\/delosarroyos.com\/tienda\/wp-json\/wp\/v2\/product\/1367","targetHints":{"allow":["GET"]}}],"collection":[{"href":"https:\/\/delosarroyos.com\/tienda\/wp-json\/wp\/v2\/product"}],"about":[{"href":"https:\/\/delosarroyos.com\/tienda\/wp-json\/wp\/v2\/types\/product"}],"wp:featuredmedia":[{"embeddable":true,"href":"https:\/\/delosarroyos.com\/tienda\/wp-json\/wp\/v2\/media\/3459"}],"wp:attachment":[{"href":"https:\/\/delosarroyos.com\/tienda\/wp-json\/wp\/v2\/media?parent=1367"}],"wp:term":[{"taxonomy":"product_brand","embeddable":true,"href":"https:\/\/delosarroyos.com\/tienda\/wp-json\/wp\/v2\/product_brand?post=1367"},{"taxonomy":"product_cat","embeddable":true,"href":"https:\/\/delosarroyos.com\/tienda\/wp-json\/wp\/v2\/product_cat?post=1367"},{"taxonomy":"product_tag","embeddable":true,"href":"https:\/\/delosarroyos.com\/tienda\/wp-json\/wp\/v2\/product_tag?post=1367"}],"curies":[{"name":"wp","href":"https:\/\/api.w.org\/{rel}","templated":true}]}}