





























{"id":1394,"date":"2024-11-25T09:02:40","date_gmt":"2024-11-25T12:02:40","guid":{"rendered":"https:\/\/delosarroyos.com\/tienda\/?post_type=product&#038;p=1394"},"modified":"2026-04-17T09:47:59","modified_gmt":"2026-04-17T12:47:59","slug":"termotanque-senorial-e-65-litros","status":"publish","type":"product","link":"https:\/\/delosarroyos.com\/tienda\/producto\/termotanque-senorial-e-65-litros\/","title":{"rendered":"TERMOTANQUE SE\u00d1ORIAL E-65 LITROS"},"content":{"rendered":"<p>TERMOTANQUE ELECTRICO<br \/>\n65 LTS<br \/>\nCONEXI\u00d3N SUPERIOR<br \/>\nPARA APOYAR<br \/>\nGRIFO DE PURGA<br \/>\nCALENTAMIENTO SIMULTANEO<br \/>\nV\u00c1LVULA DE SEGURIDAD POR SOBREPRESI\u00d3N<br \/>\n1500 W<br \/>\nDIAMETRO 43.3 CM<br \/>\nALTO 68 CM<\/p>\n","protected":false},"excerpt":{"rendered":"<p>TERMOTANQUE ELECTRICO 65 LTS CONEXI\u00d3N SUPERIOR PARA APOYAR GRIFO DE PURGA CALENTAMIENTO SIMULTANEO V\u00c1LVULA DE SEGURIDAD POR SOBREPRESI\u00d3N 1500 W DIAMETRO 43.3 CM ALTO 68 CM<\/p>\n","protected":false},"featured_media":1395,"template":"","meta":[],"product_brand":[],"product_cat":[15,69,108],"product_tag":[],"class_list":{"0":"post-1394","1":"product","2":"type-product","3":"status-publish","4":"has-post-thumbnail","6":"product_cat-todos-los-productos","7":"product_cat-productos-cocinas","8":"product_cat-termotanques","10":"first","11":"instock","12":"sold-individually","13":"shipping-taxable","14":"purchasable","15":"product-type-simple"},"_links":{"self":[{"href":"https:\/\/delosarroyos.com\/tienda\/wp-json\/wp\/v2\/product\/1394","targetHints":{"allow":["GET"]}}],"collection":[{"href":"https:\/\/delosarroyos.com\/tienda\/wp-json\/wp\/v2\/product"}],"about":[{"href":"https:\/\/delosarroyos.com\/tienda\/wp-json\/wp\/v2\/types\/product"}],"wp:featuredmedia":[{"embeddable":true,"href":"https:\/\/delosarroyos.com\/tienda\/wp-json\/wp\/v2\/media\/1395"}],"wp:attachment":[{"href":"https:\/\/delosarroyos.com\/tienda\/wp-json\/wp\/v2\/media?parent=1394"}],"wp:term":[{"taxonomy":"product_brand","embeddable":true,"href":"https:\/\/delosarroyos.com\/tienda\/wp-json\/wp\/v2\/product_brand?post=1394"},{"taxonomy":"product_cat","embeddable":true,"href":"https:\/\/delosarroyos.com\/tienda\/wp-json\/wp\/v2\/product_cat?post=1394"},{"taxonomy":"product_tag","embeddable":true,"href":"https:\/\/delosarroyos.com\/tienda\/wp-json\/wp\/v2\/product_tag?post=1394"}],"curies":[{"name":"wp","href":"https:\/\/api.w.org\/{rel}","templated":true}]}}