





























{"id":1428,"date":"2024-11-25T11:01:30","date_gmt":"2024-11-25T14:01:30","guid":{"rendered":"https:\/\/delosarroyos.com\/tienda\/?post_type=product&#038;p=1428"},"modified":"2026-03-12T10:36:58","modified_gmt":"2026-03-12T13:36:58","slug":"ventilador-turbo-liliana-vvtfm18","status":"publish","type":"product","link":"https:\/\/delosarroyos.com\/tienda\/producto\/ventilador-turbo-liliana-vvtfm18\/","title":{"rendered":"VENTILADOR LILIANA 18&#8243; VVTFM18 ACERO"},"content":{"rendered":"<p>VTFM18 TURBOVENTILADOR 18&#8243;<br \/>\nPARRILLA ESPIRALADA CROMADA.<br \/>\n3 ASPAS MET\u00c1LICAS TIPO TR\u00c9BOL.<br \/>\nCABEZAL RECLINABLE Y SOPORTE CROMADO.<br \/>\nMOTOR DE ALTO RENDIMIENTO.<br \/>\n3 VELOCIDADES.<br \/>\nPOTENCIA: 90 WATTS.<br \/>\nMEDIDAS: 56,9\u00d726,9\u00d754,4 CM<\/p>\n","protected":false},"excerpt":{"rendered":"<p>VTFM18 TURBOVENTILADOR 18&#8243; PARRILLA ESPIRALADA CROMADA. 3 ASPAS MET\u00c1LICAS TIPO TR\u00c9BOL. CABEZAL RECLINABLE Y SOPORTE CROMADO. MOTOR DE ALTO RENDIMIENTO. 3 VELOCIDADES. POTENCIA: 90 WATTS. MEDIDAS: 56,9\u00d726,9\u00d754,4 CM<\/p>\n","protected":false},"featured_media":1429,"template":"","meta":[],"product_brand":[],"product_cat":[15,69,118],"product_tag":[],"class_list":{"0":"post-1428","1":"product","2":"type-product","3":"status-publish","4":"has-post-thumbnail","6":"product_cat-todos-los-productos","7":"product_cat-productos-cocinas","8":"product_cat-climatizacion","10":"first","11":"instock","12":"sold-individually","13":"shipping-taxable","14":"purchasable","15":"product-type-simple"},"_links":{"self":[{"href":"https:\/\/delosarroyos.com\/tienda\/wp-json\/wp\/v2\/product\/1428","targetHints":{"allow":["GET"]}}],"collection":[{"href":"https:\/\/delosarroyos.com\/tienda\/wp-json\/wp\/v2\/product"}],"about":[{"href":"https:\/\/delosarroyos.com\/tienda\/wp-json\/wp\/v2\/types\/product"}],"wp:featuredmedia":[{"embeddable":true,"href":"https:\/\/delosarroyos.com\/tienda\/wp-json\/wp\/v2\/media\/1429"}],"wp:attachment":[{"href":"https:\/\/delosarroyos.com\/tienda\/wp-json\/wp\/v2\/media?parent=1428"}],"wp:term":[{"taxonomy":"product_brand","embeddable":true,"href":"https:\/\/delosarroyos.com\/tienda\/wp-json\/wp\/v2\/product_brand?post=1428"},{"taxonomy":"product_cat","embeddable":true,"href":"https:\/\/delosarroyos.com\/tienda\/wp-json\/wp\/v2\/product_cat?post=1428"},{"taxonomy":"product_tag","embeddable":true,"href":"https:\/\/delosarroyos.com\/tienda\/wp-json\/wp\/v2\/product_tag?post=1428"}],"curies":[{"name":"wp","href":"https:\/\/api.w.org\/{rel}","templated":true}]}}