





























{"id":1435,"date":"2024-11-25T11:15:10","date_gmt":"2024-11-25T14:15:10","guid":{"rendered":"https:\/\/delosarroyos.com\/tienda\/?post_type=product&#038;p=1435"},"modified":"2026-03-12T10:36:08","modified_gmt":"2026-03-12T13:36:08","slug":"turbo-liliana-20-vtf-20p","status":"publish","type":"product","link":"https:\/\/delosarroyos.com\/tienda\/producto\/turbo-liliana-20-vtf-20p\/","title":{"rendered":"TURBO LILIANA 20&#8243; VTF-20P"},"content":{"rendered":"<p>VVTF20P TURBO VENTILADOR RECLINABLE<br \/>\nCON OPCI\u00d3N DE FIJACI\u00d3N A PARED.<br \/>\n20&#8243;<br \/>\n90 WATTS.<br \/>\nBASE ANTIDESLIZANTE.<br \/>\nCABEZAL RECLINABLE.<br \/>\nS\u00daPER SILENCIOSO.<br \/>\n3 VELOCIDADES.<br \/>\n5 ASPAS PLASTICAS NEGRAS<br \/>\nMEDIDAS: 64,8\u00d723,8\u00d762,9 CM.<\/p>\n","protected":false},"excerpt":{"rendered":"<p>VVTF20P TURBO VENTILADOR RECLINABLE CON OPCI\u00d3N DE FIJACI\u00d3N A PARED. 20&#8243; 90 WATTS. BASE ANTIDESLIZANTE. CABEZAL RECLINABLE. S\u00daPER SILENCIOSO. 3 VELOCIDADES. 5 ASPAS PLASTICAS NEGRAS MEDIDAS: 64,8\u00d723,8\u00d762,9 CM.<\/p>\n","protected":false},"featured_media":1436,"template":"","meta":[],"product_brand":[],"product_cat":[15,69,118],"product_tag":[],"class_list":{"0":"post-1435","1":"product","2":"type-product","3":"status-publish","4":"has-post-thumbnail","6":"product_cat-todos-los-productos","7":"product_cat-productos-cocinas","8":"product_cat-climatizacion","10":"first","11":"instock","12":"sold-individually","13":"shipping-taxable","14":"purchasable","15":"product-type-simple"},"_links":{"self":[{"href":"https:\/\/delosarroyos.com\/tienda\/wp-json\/wp\/v2\/product\/1435","targetHints":{"allow":["GET"]}}],"collection":[{"href":"https:\/\/delosarroyos.com\/tienda\/wp-json\/wp\/v2\/product"}],"about":[{"href":"https:\/\/delosarroyos.com\/tienda\/wp-json\/wp\/v2\/types\/product"}],"wp:featuredmedia":[{"embeddable":true,"href":"https:\/\/delosarroyos.com\/tienda\/wp-json\/wp\/v2\/media\/1436"}],"wp:attachment":[{"href":"https:\/\/delosarroyos.com\/tienda\/wp-json\/wp\/v2\/media?parent=1435"}],"wp:term":[{"taxonomy":"product_brand","embeddable":true,"href":"https:\/\/delosarroyos.com\/tienda\/wp-json\/wp\/v2\/product_brand?post=1435"},{"taxonomy":"product_cat","embeddable":true,"href":"https:\/\/delosarroyos.com\/tienda\/wp-json\/wp\/v2\/product_cat?post=1435"},{"taxonomy":"product_tag","embeddable":true,"href":"https:\/\/delosarroyos.com\/tienda\/wp-json\/wp\/v2\/product_tag?post=1435"}],"curies":[{"name":"wp","href":"https:\/\/api.w.org\/{rel}","templated":true}]}}