





























{"id":1439,"date":"2024-11-25T11:21:27","date_gmt":"2024-11-25T14:21:27","guid":{"rendered":"https:\/\/delosarroyos.com\/tienda\/?post_type=product&#038;p=1439"},"modified":"2026-03-12T10:34:51","modified_gmt":"2026-03-12T13:34:51","slug":"ventilador-liliana-vp20p-de-pie","status":"publish","type":"product","link":"https:\/\/delosarroyos.com\/tienda\/producto\/ventilador-liliana-vp20p-de-pie\/","title":{"rendered":"VENTILADOR LILIANA VP20P DE PIE"},"content":{"rendered":"<p>\u00b7 Barral telesc\u00f3pico extensible met\u00e1lico. Altura m\u00e1xima 1.50 mts.<br \/>\n\u00b7 3 velocidades.<br \/>\n\u00b7 5 aspas negras.<br \/>\n\u00b7 Base redonda.<br \/>\n\u00b7 Potencia: 90 watts.<br \/>\n\u00b7 Medidas: 166x56x53 mm.<br \/>\n\u00b7 Di\u00e1metro: 20\u2033.<\/p>\n","protected":false},"excerpt":{"rendered":"<p>\u00b7 Barral telesc\u00f3pico extensible met\u00e1lico. Altura m\u00e1xima 1.50 mts. \u00b7 3 velocidades. \u00b7 5 aspas negras. \u00b7 Base redonda. \u00b7 Potencia: 90 watts. \u00b7 Medidas: 166x56x53 mm. \u00b7 Di\u00e1metro: 20\u2033.<\/p>\n","protected":false},"featured_media":1440,"template":"","meta":[],"product_brand":[],"product_cat":[15,69,118],"product_tag":[],"class_list":{"0":"post-1439","1":"product","2":"type-product","3":"status-publish","4":"has-post-thumbnail","6":"product_cat-todos-los-productos","7":"product_cat-productos-cocinas","8":"product_cat-climatizacion","10":"first","11":"instock","12":"sold-individually","13":"shipping-taxable","14":"purchasable","15":"product-type-simple"},"_links":{"self":[{"href":"https:\/\/delosarroyos.com\/tienda\/wp-json\/wp\/v2\/product\/1439","targetHints":{"allow":["GET"]}}],"collection":[{"href":"https:\/\/delosarroyos.com\/tienda\/wp-json\/wp\/v2\/product"}],"about":[{"href":"https:\/\/delosarroyos.com\/tienda\/wp-json\/wp\/v2\/types\/product"}],"wp:featuredmedia":[{"embeddable":true,"href":"https:\/\/delosarroyos.com\/tienda\/wp-json\/wp\/v2\/media\/1440"}],"wp:attachment":[{"href":"https:\/\/delosarroyos.com\/tienda\/wp-json\/wp\/v2\/media?parent=1439"}],"wp:term":[{"taxonomy":"product_brand","embeddable":true,"href":"https:\/\/delosarroyos.com\/tienda\/wp-json\/wp\/v2\/product_brand?post=1439"},{"taxonomy":"product_cat","embeddable":true,"href":"https:\/\/delosarroyos.com\/tienda\/wp-json\/wp\/v2\/product_cat?post=1439"},{"taxonomy":"product_tag","embeddable":true,"href":"https:\/\/delosarroyos.com\/tienda\/wp-json\/wp\/v2\/product_tag?post=1439"}],"curies":[{"name":"wp","href":"https:\/\/api.w.org\/{rel}","templated":true}]}}