





























{"id":1467,"date":"2024-11-25T13:09:36","date_gmt":"2024-11-25T16:09:36","guid":{"rendered":"https:\/\/delosarroyos.com\/tienda\/?post_type=product&#038;p=1467"},"modified":"2026-01-09T11:19:34","modified_gmt":"2026-01-09T14:19:34","slug":"multiprocesadora-atma-lp-8425","status":"publish","type":"product","link":"https:\/\/delosarroyos.com\/tienda\/producto\/multiprocesadora-atma-lp-8425\/","title":{"rendered":"SILLA PLASTICA REINA"},"content":{"rendered":"<h3 class=\"groupTitle\">Caracter\u00edsticas generales<\/h3>\n<div class=\"content\">\n<div class=\"sc-24cb27c0-5 RSBpg\"><span class=\"specName\">Medidas <\/span><span class=\"specValue\">Ancho 40 x Alto 88 x Profundidad 50cm<\/span><\/div>\n<div class=\"sc-24cb27c0-5 bSuNu\"><span class=\"specName\">Material <\/span><span class=\"specValue\">Pl\u00e1stico<\/span><\/div>\n<div class=\"sc-24cb27c0-5 RSBpg\"><span class=\"specName\">Peso m\u00e1ximo soportado<\/span><span class=\"specValue\">120 KG<\/span><\/div>\n<div class=\"sc-24cb27c0-5 bSuNu\"><span class=\"specName\">Color seg\u00fan disponibilidad\u00a0<\/span><\/div>\n<div class=\"sc-24cb27c0-5 bSuNu\"><\/div>\n<div class=\"sc-24cb27c0-5 RSBpg\"><\/div>\n<\/div>\n","protected":false},"excerpt":{"rendered":"<p>Caracter\u00edsticas generales Medidas Ancho 40 x Alto 88 x Profundidad 50cm Material Pl\u00e1stico Peso m\u00e1ximo soportado120 KG Color seg\u00fan disponibilidad\u00a0<\/p>\n","protected":false},"featured_media":1468,"template":"","meta":[],"product_brand":[],"product_cat":[15,120,113],"product_tag":[],"class_list":{"0":"post-1467","1":"product","2":"type-product","3":"status-publish","4":"has-post-thumbnail","6":"product_cat-todos-los-productos","7":"product_cat-hogar-y-deco","8":"product_cat-muebles-de-exteriores","10":"first","11":"instock","12":"shipping-taxable","13":"purchasable","14":"product-type-simple"},"_links":{"self":[{"href":"https:\/\/delosarroyos.com\/tienda\/wp-json\/wp\/v2\/product\/1467","targetHints":{"allow":["GET"]}}],"collection":[{"href":"https:\/\/delosarroyos.com\/tienda\/wp-json\/wp\/v2\/product"}],"about":[{"href":"https:\/\/delosarroyos.com\/tienda\/wp-json\/wp\/v2\/types\/product"}],"wp:featuredmedia":[{"embeddable":true,"href":"https:\/\/delosarroyos.com\/tienda\/wp-json\/wp\/v2\/media\/1468"}],"wp:attachment":[{"href":"https:\/\/delosarroyos.com\/tienda\/wp-json\/wp\/v2\/media?parent=1467"}],"wp:term":[{"taxonomy":"product_brand","embeddable":true,"href":"https:\/\/delosarroyos.com\/tienda\/wp-json\/wp\/v2\/product_brand?post=1467"},{"taxonomy":"product_cat","embeddable":true,"href":"https:\/\/delosarroyos.com\/tienda\/wp-json\/wp\/v2\/product_cat?post=1467"},{"taxonomy":"product_tag","embeddable":true,"href":"https:\/\/delosarroyos.com\/tienda\/wp-json\/wp\/v2\/product_tag?post=1467"}],"curies":[{"name":"wp","href":"https:\/\/api.w.org\/{rel}","templated":true}]}}