





























{"id":1495,"date":"2024-11-25T17:49:22","date_gmt":"2024-11-25T20:49:22","guid":{"rendered":"https:\/\/delosarroyos.com\/tienda\/?post_type=product&#038;p=1495"},"modified":"2026-04-06T09:38:16","modified_gmt":"2026-04-06T12:38:16","slug":"secador-de-pelo-bellisima","status":"publish","type":"product","link":"https:\/\/delosarroyos.com\/tienda\/producto\/secador-de-pelo-bellisima\/","title":{"rendered":"SECADOR DE PELO BELLISIMA P5457 S9 2200 WATTS"},"content":{"rendered":"<p>&#8211; Motor Potente para un secado r\u00e1pido y un moldeado eficaz<br \/>\n&#8211; 2 velocidades, 3 temperaturas para personalizar el secado en funci\u00f3n del tipo de cabello<br \/>\n&#8211; Golpe de aire fr\u00edo para fijar el peinado<br \/>\n&#8211; Accesorios: boquilla para salida de flujo de aire<br \/>\n&#8211; Filtro extra\u00edble para facilitar la limpieza<br \/>\n&#8211; Longitud del cable 1,8\u00a0m<br \/>\n&#8211;\u00a0Potencia 2200 W<br \/>\n&#8211;\u00a0Anilla de sujeci\u00f3n<br \/>\n&#8211;\u00a0Dise\u00f1o italiano<br \/>\n&#8211; Color negro<\/p>\n","protected":false},"excerpt":{"rendered":"<p>&#8211; Motor Potente para un secado r\u00e1pido y un moldeado eficaz &#8211; 2 velocidades, 3 temperaturas para personalizar el secado en funci\u00f3n del tipo de cabello &#8211; Golpe de aire fr\u00edo para fijar el peinado &#8211; Accesorios: boquilla para salida de flujo de aire &#8211; Filtro extra\u00edble para facilitar la limpieza &#8211; Longitud del cable [&#8230;]\n","protected":false},"featured_media":1496,"template":"","meta":[],"product_brand":[],"product_cat":[15,116,97],"product_tag":[],"class_list":{"0":"post-1495","1":"product","2":"type-product","3":"status-publish","4":"has-post-thumbnail","6":"product_cat-todos-los-productos","7":"product_cat-salud-y-belleza","8":"product_cat-cuidado-personal","10":"first","11":"instock","12":"sold-individually","13":"shipping-taxable","14":"purchasable","15":"product-type-simple"},"_links":{"self":[{"href":"https:\/\/delosarroyos.com\/tienda\/wp-json\/wp\/v2\/product\/1495","targetHints":{"allow":["GET"]}}],"collection":[{"href":"https:\/\/delosarroyos.com\/tienda\/wp-json\/wp\/v2\/product"}],"about":[{"href":"https:\/\/delosarroyos.com\/tienda\/wp-json\/wp\/v2\/types\/product"}],"wp:featuredmedia":[{"embeddable":true,"href":"https:\/\/delosarroyos.com\/tienda\/wp-json\/wp\/v2\/media\/1496"}],"wp:attachment":[{"href":"https:\/\/delosarroyos.com\/tienda\/wp-json\/wp\/v2\/media?parent=1495"}],"wp:term":[{"taxonomy":"product_brand","embeddable":true,"href":"https:\/\/delosarroyos.com\/tienda\/wp-json\/wp\/v2\/product_brand?post=1495"},{"taxonomy":"product_cat","embeddable":true,"href":"https:\/\/delosarroyos.com\/tienda\/wp-json\/wp\/v2\/product_cat?post=1495"},{"taxonomy":"product_tag","embeddable":true,"href":"https:\/\/delosarroyos.com\/tienda\/wp-json\/wp\/v2\/product_tag?post=1495"}],"curies":[{"name":"wp","href":"https:\/\/api.w.org\/{rel}","templated":true}]}}