





























{"id":1520,"date":"2024-11-26T08:12:33","date_gmt":"2024-11-26T11:12:33","guid":{"rendered":"https:\/\/delosarroyos.com\/tienda\/?post_type=product&#038;p=1520"},"modified":"2026-01-09T11:26:51","modified_gmt":"2026-01-09T14:26:51","slug":"climatizador-frio-solo-midea-ac100-20ar1","status":"publish","type":"product","link":"https:\/\/delosarroyos.com\/tienda\/producto\/climatizador-frio-solo-midea-ac100-20ar1\/","title":{"rendered":"CLIMATIZADOR MIDEA AC10020AR1 FRIO SOLO 5.7 LTS"},"content":{"rendered":"<p>El climatizador Midea brinda una excelente experiencia de enfriamiento para tu oficina o ambiente residencial.<br \/>\nPanel de operaci\u00f3n f\u00e1cil e intuitivo.<br \/>\n3 Velocidades de ventilador.<br \/>\nControl remoto inal\u00e1mbrico.<br \/>\nPacks de hielo reutilizables.<br \/>\nControl de humedad.<br \/>\nVisor de nivel de agua.<\/p>\n","protected":false},"excerpt":{"rendered":"<p>El climatizador Midea brinda una excelente experiencia de enfriamiento para tu oficina o ambiente residencial. Panel de operaci\u00f3n f\u00e1cil e intuitivo. 3 Velocidades de ventilador. Control remoto inal\u00e1mbrico. Packs de hielo reutilizables. Control de humedad. Visor de nivel de agua.<\/p>\n","protected":false},"featured_media":1521,"template":"","meta":[],"product_brand":[],"product_cat":[15,118],"product_tag":[],"class_list":{"0":"post-1520","1":"product","2":"type-product","3":"status-publish","4":"has-post-thumbnail","6":"product_cat-todos-los-productos","7":"product_cat-climatizacion","9":"first","10":"instock","11":"sold-individually","12":"shipping-taxable","13":"purchasable","14":"product-type-simple"},"_links":{"self":[{"href":"https:\/\/delosarroyos.com\/tienda\/wp-json\/wp\/v2\/product\/1520","targetHints":{"allow":["GET"]}}],"collection":[{"href":"https:\/\/delosarroyos.com\/tienda\/wp-json\/wp\/v2\/product"}],"about":[{"href":"https:\/\/delosarroyos.com\/tienda\/wp-json\/wp\/v2\/types\/product"}],"wp:featuredmedia":[{"embeddable":true,"href":"https:\/\/delosarroyos.com\/tienda\/wp-json\/wp\/v2\/media\/1521"}],"wp:attachment":[{"href":"https:\/\/delosarroyos.com\/tienda\/wp-json\/wp\/v2\/media?parent=1520"}],"wp:term":[{"taxonomy":"product_brand","embeddable":true,"href":"https:\/\/delosarroyos.com\/tienda\/wp-json\/wp\/v2\/product_brand?post=1520"},{"taxonomy":"product_cat","embeddable":true,"href":"https:\/\/delosarroyos.com\/tienda\/wp-json\/wp\/v2\/product_cat?post=1520"},{"taxonomy":"product_tag","embeddable":true,"href":"https:\/\/delosarroyos.com\/tienda\/wp-json\/wp\/v2\/product_tag?post=1520"}],"curies":[{"name":"wp","href":"https:\/\/api.w.org\/{rel}","templated":true}]}}