





























{"id":1549,"date":"2024-11-26T10:37:46","date_gmt":"2024-11-26T13:37:46","guid":{"rendered":"https:\/\/delosarroyos.com\/tienda\/?post_type=product&#038;p=1549"},"modified":"2026-01-05T08:53:39","modified_gmt":"2026-01-05T11:53:39","slug":"kit-masculino-remington-tlg-100","status":"publish","type":"product","link":"https:\/\/delosarroyos.com\/tienda\/producto\/kit-masculino-remington-tlg-100\/","title":{"rendered":"KIT MASCULINO REMINGTON TLG-100"},"content":{"rendered":"<p>Este kit de 12 piezas es un completo\u00a0<b>juego de peluquer\u00eda<\/b>\u00a0perfecto para viajar que cubre todas sus necesidades de corte: Pinzas, Tijeras, Cortau\u00f1as, Cortador para detalles, Mango del cortador, Cortador para nariz y o\u00eddos, Peines peque\u00f1os 4 longitudes, Cepillo de dientes, Lima, Botella de aceite, Cepillo para limpiar, Peine para bigote, Peine para el cabello<\/p>\n","protected":false},"excerpt":{"rendered":"<ul id=\"nav\">\n<li>Acero Quir\u00fargico autoafilables<\/li>\n<li>Incluye 12 piezas: Gu\u00eda de Peine ajustable, Cortadora de barba, Recortadora de hoja, Detalladora para Nariz y oidos, Peine, Tijeras, Pinzas, Cortador de u\u00f1as, Aceite lubricante<\/li>\n<li>Caja de almacenamiento<\/li>\n<li>Peines intercambiables Lavables<\/li>\n<li>Peine para barba<\/li>\n<\/ul>\n","protected":false},"featured_media":1551,"template":"","meta":[],"product_brand":[],"product_cat":[15,116,97],"product_tag":[],"class_list":{"0":"post-1549","1":"product","2":"type-product","3":"status-publish","4":"has-post-thumbnail","6":"product_cat-todos-los-productos","7":"product_cat-salud-y-belleza","8":"product_cat-cuidado-personal","10":"first","11":"instock","12":"sold-individually","13":"shipping-taxable","14":"purchasable","15":"product-type-simple"},"_links":{"self":[{"href":"https:\/\/delosarroyos.com\/tienda\/wp-json\/wp\/v2\/product\/1549","targetHints":{"allow":["GET"]}}],"collection":[{"href":"https:\/\/delosarroyos.com\/tienda\/wp-json\/wp\/v2\/product"}],"about":[{"href":"https:\/\/delosarroyos.com\/tienda\/wp-json\/wp\/v2\/types\/product"}],"wp:featuredmedia":[{"embeddable":true,"href":"https:\/\/delosarroyos.com\/tienda\/wp-json\/wp\/v2\/media\/1551"}],"wp:attachment":[{"href":"https:\/\/delosarroyos.com\/tienda\/wp-json\/wp\/v2\/media?parent=1549"}],"wp:term":[{"taxonomy":"product_brand","embeddable":true,"href":"https:\/\/delosarroyos.com\/tienda\/wp-json\/wp\/v2\/product_brand?post=1549"},{"taxonomy":"product_cat","embeddable":true,"href":"https:\/\/delosarroyos.com\/tienda\/wp-json\/wp\/v2\/product_cat?post=1549"},{"taxonomy":"product_tag","embeddable":true,"href":"https:\/\/delosarroyos.com\/tienda\/wp-json\/wp\/v2\/product_tag?post=1549"}],"curies":[{"name":"wp","href":"https:\/\/api.w.org\/{rel}","templated":true}]}}