





























{"id":1614,"date":"2024-11-26T12:39:05","date_gmt":"2024-11-26T15:39:05","guid":{"rendered":"https:\/\/delosarroyos.com\/tienda\/?post_type=product&#038;p=1614"},"modified":"2026-03-12T08:42:17","modified_gmt":"2026-03-12T11:42:17","slug":"combo-arrow-ak-6000a-planchita-secador","status":"publish","type":"product","link":"https:\/\/delosarroyos.com\/tienda\/producto\/combo-arrow-ak-6000a-planchita-secador\/","title":{"rendered":"SECADOR DE CABELLO PHILIPS BHD274 2200W"},"content":{"rendered":"<p>BHD274\/00<br \/>\nSECADOR DE CABELLO<br \/>\nNEGRO\/VIOLETA<br \/>\n2200 W<br \/>\nTECNOLOG\u00cdA I\u00d3NICA<br \/>\nFUNCI\u00d3N PROFESIONAL<br \/>\nAIRE FR\u00cdO<br \/>\n2 VELOCIDADES Y 3 NIVELES DE<\/p>\n","protected":false},"excerpt":{"rendered":"<p>BHD274\/00 SECADOR DE CABELLO NEGRO\/VIOLETA 2200 W TECNOLOG\u00cdA I\u00d3NICA FUNCI\u00d3N PROFESIONAL AIRE FR\u00cdO 2 VELOCIDADES Y 3 NIVELES DE<\/p>\n","protected":false},"featured_media":3852,"template":"","meta":[],"product_brand":[],"product_cat":[15,116,97],"product_tag":[],"class_list":{"0":"post-1614","1":"product","2":"type-product","3":"status-publish","4":"has-post-thumbnail","6":"product_cat-todos-los-productos","7":"product_cat-salud-y-belleza","8":"product_cat-cuidado-personal","10":"first","11":"instock","12":"sold-individually","13":"shipping-taxable","14":"purchasable","15":"product-type-simple"},"_links":{"self":[{"href":"https:\/\/delosarroyos.com\/tienda\/wp-json\/wp\/v2\/product\/1614","targetHints":{"allow":["GET"]}}],"collection":[{"href":"https:\/\/delosarroyos.com\/tienda\/wp-json\/wp\/v2\/product"}],"about":[{"href":"https:\/\/delosarroyos.com\/tienda\/wp-json\/wp\/v2\/types\/product"}],"wp:featuredmedia":[{"embeddable":true,"href":"https:\/\/delosarroyos.com\/tienda\/wp-json\/wp\/v2\/media\/3852"}],"wp:attachment":[{"href":"https:\/\/delosarroyos.com\/tienda\/wp-json\/wp\/v2\/media?parent=1614"}],"wp:term":[{"taxonomy":"product_brand","embeddable":true,"href":"https:\/\/delosarroyos.com\/tienda\/wp-json\/wp\/v2\/product_brand?post=1614"},{"taxonomy":"product_cat","embeddable":true,"href":"https:\/\/delosarroyos.com\/tienda\/wp-json\/wp\/v2\/product_cat?post=1614"},{"taxonomy":"product_tag","embeddable":true,"href":"https:\/\/delosarroyos.com\/tienda\/wp-json\/wp\/v2\/product_tag?post=1614"}],"curies":[{"name":"wp","href":"https:\/\/api.w.org\/{rel}","templated":true}]}}