





























{"id":1680,"date":"2024-11-27T07:56:46","date_gmt":"2024-11-27T10:56:46","guid":{"rendered":"https:\/\/delosarroyos.com\/tienda\/?post_type=product&#038;p=1680"},"modified":"2026-03-12T09:34:59","modified_gmt":"2026-03-12T12:34:59","slug":"salsera-mango-modelo-600-rectificada","status":"publish","type":"product","link":"https:\/\/delosarroyos.com\/tienda\/producto\/salsera-mango-modelo-600-rectificada\/","title":{"rendered":"SALSERA MANGO MODELO 600 RECTIFICADA"},"content":{"rendered":"<p>Marca Eterna<br \/>\nL\u00ednea Rectificada<br \/>\nModelo 600<br \/>\nTipo de olla Olla<br \/>\nCapacidad en volumen 2 L<br \/>\nAltura x Ancho: 11 cm x 20 cm<br \/>\nDi\u00e1metro: 20 cm<br \/>\nCon revestimiento antiadherente: No<br \/>\nIncluye tapa: S\u00ed<\/p>\n","protected":false},"excerpt":{"rendered":"<p>Marca Eterna L\u00ednea Rectificada Modelo 600 Tipo de olla Olla Capacidad en volumen 2 L Altura x Ancho: 11 cm x 20 cm Di\u00e1metro: 20 cm Con revestimiento antiadherente: No Incluye tapa: S\u00ed<\/p>\n","protected":false},"featured_media":1682,"template":"","meta":[],"product_brand":[],"product_cat":[15,69,79],"product_tag":[],"class_list":{"0":"post-1680","1":"product","2":"type-product","3":"status-publish","4":"has-post-thumbnail","6":"product_cat-todos-los-productos","7":"product_cat-productos-cocinas","8":"product_cat-ollas","10":"first","11":"instock","12":"sold-individually","13":"shipping-taxable","14":"purchasable","15":"product-type-simple"},"_links":{"self":[{"href":"https:\/\/delosarroyos.com\/tienda\/wp-json\/wp\/v2\/product\/1680","targetHints":{"allow":["GET"]}}],"collection":[{"href":"https:\/\/delosarroyos.com\/tienda\/wp-json\/wp\/v2\/product"}],"about":[{"href":"https:\/\/delosarroyos.com\/tienda\/wp-json\/wp\/v2\/types\/product"}],"wp:featuredmedia":[{"embeddable":true,"href":"https:\/\/delosarroyos.com\/tienda\/wp-json\/wp\/v2\/media\/1682"}],"wp:attachment":[{"href":"https:\/\/delosarroyos.com\/tienda\/wp-json\/wp\/v2\/media?parent=1680"}],"wp:term":[{"taxonomy":"product_brand","embeddable":true,"href":"https:\/\/delosarroyos.com\/tienda\/wp-json\/wp\/v2\/product_brand?post=1680"},{"taxonomy":"product_cat","embeddable":true,"href":"https:\/\/delosarroyos.com\/tienda\/wp-json\/wp\/v2\/product_cat?post=1680"},{"taxonomy":"product_tag","embeddable":true,"href":"https:\/\/delosarroyos.com\/tienda\/wp-json\/wp\/v2\/product_tag?post=1680"}],"curies":[{"name":"wp","href":"https:\/\/api.w.org\/{rel}","templated":true}]}}