





























{"id":1947,"date":"2024-12-03T12:57:28","date_gmt":"2024-12-03T15:57:28","guid":{"rendered":"https:\/\/delosarroyos.com\/tienda\/?post_type=product&#038;p=1947"},"modified":"2024-12-04T08:53:15","modified_gmt":"2024-12-04T11:53:15","slug":"generador-facsa-lt8000-15hp-6kva-arranque-eletrico","status":"publish","type":"product","link":"https:\/\/delosarroyos.com\/tienda\/producto\/generador-facsa-lt8000-15hp-6kva-arranque-eletrico\/","title":{"rendered":"GENERADOR FACSA LT8000 15HP-6KVA ARRANQUE. ELETRICO"},"content":{"rendered":"<p>Modelo motor 4 tiempos. 15 hp. arranque electrico. Potencia de salida: 6 kva. Corriente de salida: 27.3 A. Arranque: el\u00e9ctrico. Capacidad del tanque de combustible (lts.): 25. Potencia del motor (hp): 15. Potencia m\u00e1xima de salida (kva): 6.5. Subrubro: generadores el\u00e9ctricos. Tipo de motor: 4 tiempos<\/p>\n","protected":false},"excerpt":{"rendered":"<p>Modelo motor 4 tiempos. 15 hp. arranque electrico. Potencia de salida: 6 kva. Corriente de salida: 27.3 A. Arranque: el\u00e9ctrico. Capacidad del tanque de combustible (lts.): 25. Potencia del motor (hp): 15. Potencia m\u00e1xima de salida (kva): 6.5. Subrubro: generadores el\u00e9ctricos. Tipo de motor: 4 tiempos<\/p>\n","protected":false},"featured_media":1978,"template":"","meta":[],"product_brand":[],"product_cat":[15,131,139],"product_tag":[],"class_list":{"0":"post-1947","1":"product","2":"type-product","3":"status-publish","4":"has-post-thumbnail","6":"product_cat-todos-los-productos","7":"product_cat-herramientas-y-construccion","8":"product_cat-herramientas-electricas","10":"first","11":"instock","12":"sold-individually","13":"shipping-taxable","14":"purchasable","15":"product-type-simple"},"_links":{"self":[{"href":"https:\/\/delosarroyos.com\/tienda\/wp-json\/wp\/v2\/product\/1947","targetHints":{"allow":["GET"]}}],"collection":[{"href":"https:\/\/delosarroyos.com\/tienda\/wp-json\/wp\/v2\/product"}],"about":[{"href":"https:\/\/delosarroyos.com\/tienda\/wp-json\/wp\/v2\/types\/product"}],"wp:featuredmedia":[{"embeddable":true,"href":"https:\/\/delosarroyos.com\/tienda\/wp-json\/wp\/v2\/media\/1978"}],"wp:attachment":[{"href":"https:\/\/delosarroyos.com\/tienda\/wp-json\/wp\/v2\/media?parent=1947"}],"wp:term":[{"taxonomy":"product_brand","embeddable":true,"href":"https:\/\/delosarroyos.com\/tienda\/wp-json\/wp\/v2\/product_brand?post=1947"},{"taxonomy":"product_cat","embeddable":true,"href":"https:\/\/delosarroyos.com\/tienda\/wp-json\/wp\/v2\/product_cat?post=1947"},{"taxonomy":"product_tag","embeddable":true,"href":"https:\/\/delosarroyos.com\/tienda\/wp-json\/wp\/v2\/product_tag?post=1947"}],"curies":[{"name":"wp","href":"https:\/\/api.w.org\/{rel}","templated":true}]}}