





























{"id":1971,"date":"2024-12-03T13:54:59","date_gmt":"2024-12-03T16:54:59","guid":{"rendered":"https:\/\/delosarroyos.com\/tienda\/?post_type=product&#038;p=1971"},"modified":"2026-05-15T08:47:21","modified_gmt":"2026-05-15T11:47:21","slug":"heladera-bambi-2f-1200-c-freezer","status":"publish","type":"product","link":"https:\/\/delosarroyos.com\/tienda\/producto\/heladera-bambi-2f-1200-c-freezer\/","title":{"rendered":"HELADERA BAMBI 2F-1200 C\/FREEZER"},"content":{"rendered":"<p>FREEZER DE 60 LITROS. -18\u00b0C CON ESTANTE .<br \/>\nM\u00c1XIMA EFICIENCIA ENERG\u00c9TICA: CLASE A.<br \/>\nVOLUMEN \u00daTIL: 239 LITROS.<br \/>\nCOLOR BLANCO<br \/>\nDIMENSIONES: ALTURA: 147 CM \u2022 ANCHO: 56 CM \u2022<br \/>\nPROFUNDIDAD: 67 CM<\/p>\n","protected":false},"excerpt":{"rendered":"<p>FREEZER DE 60 LITROS. -18\u00b0C CON ESTANTE . M\u00c1XIMA EFICIENCIA ENERG\u00c9TICA: CLASE A. VOLUMEN \u00daTIL: 239 LITROS. COLOR BLANCO DIMENSIONES: ALTURA: 147 CM \u2022 ANCHO: 56 CM \u2022 PROFUNDIDAD: 67 CM<\/p>\n","protected":false},"featured_media":1975,"template":"","meta":[],"product_brand":[],"product_cat":[15,69,119],"product_tag":[],"class_list":{"0":"post-1971","1":"product","2":"type-product","3":"status-publish","4":"has-post-thumbnail","6":"product_cat-todos-los-productos","7":"product_cat-productos-cocinas","8":"product_cat-heladeras-y-freezers","10":"first","11":"instock","12":"sold-individually","13":"shipping-taxable","14":"purchasable","15":"product-type-simple"},"_links":{"self":[{"href":"https:\/\/delosarroyos.com\/tienda\/wp-json\/wp\/v2\/product\/1971","targetHints":{"allow":["GET"]}}],"collection":[{"href":"https:\/\/delosarroyos.com\/tienda\/wp-json\/wp\/v2\/product"}],"about":[{"href":"https:\/\/delosarroyos.com\/tienda\/wp-json\/wp\/v2\/types\/product"}],"wp:featuredmedia":[{"embeddable":true,"href":"https:\/\/delosarroyos.com\/tienda\/wp-json\/wp\/v2\/media\/1975"}],"wp:attachment":[{"href":"https:\/\/delosarroyos.com\/tienda\/wp-json\/wp\/v2\/media?parent=1971"}],"wp:term":[{"taxonomy":"product_brand","embeddable":true,"href":"https:\/\/delosarroyos.com\/tienda\/wp-json\/wp\/v2\/product_brand?post=1971"},{"taxonomy":"product_cat","embeddable":true,"href":"https:\/\/delosarroyos.com\/tienda\/wp-json\/wp\/v2\/product_cat?post=1971"},{"taxonomy":"product_tag","embeddable":true,"href":"https:\/\/delosarroyos.com\/tienda\/wp-json\/wp\/v2\/product_tag?post=1971"}],"curies":[{"name":"wp","href":"https:\/\/api.w.org\/{rel}","templated":true}]}}