





























{"id":2062,"date":"2024-12-06T08:51:37","date_gmt":"2024-12-06T11:51:37","guid":{"rendered":"https:\/\/delosarroyos.com\/tienda\/?post_type=product&#038;p=2062"},"modified":"2026-04-17T09:42:59","modified_gmt":"2026-04-17T12:42:59","slug":"termotanque-senorial-e-40-electrico-40-litros","status":"publish","type":"product","link":"https:\/\/delosarroyos.com\/tienda\/producto\/termotanque-senorial-e-40-electrico-40-litros\/","title":{"rendered":"TERMOTANQUE SE\u00d1ORIAL E-40 ELECTRICO 40 LITROS"},"content":{"rendered":"<p>TESZP-40 \/ 40 LITROS<br \/>\nELECTRICO<br \/>\nCONEXI\u00d3N SUPERIOR<br \/>\nCALENTAMIENTO SIMULTANEO<br \/>\nV\u00c1LVULA DE SEGURIDAD<br \/>\nDIMENSIONES: ALTO 43 CM; DI\u00c1METRO 41 CM.<\/p>\n","protected":false},"excerpt":{"rendered":"<p>TESZP-40 \/ 40 LITROS ELECTRICO CONEXI\u00d3N SUPERIOR CALENTAMIENTO SIMULTANEO V\u00c1LVULA DE SEGURIDAD DIMENSIONES: ALTO 43 CM; DI\u00c1METRO 41 CM.<\/p>\n","protected":false},"featured_media":2063,"template":"","meta":[],"product_brand":[],"product_cat":[15,69,108],"product_tag":[],"class_list":{"0":"post-2062","1":"product","2":"type-product","3":"status-publish","4":"has-post-thumbnail","6":"product_cat-todos-los-productos","7":"product_cat-productos-cocinas","8":"product_cat-termotanques","10":"first","11":"instock","12":"sold-individually","13":"shipping-taxable","14":"purchasable","15":"product-type-simple"},"_links":{"self":[{"href":"https:\/\/delosarroyos.com\/tienda\/wp-json\/wp\/v2\/product\/2062","targetHints":{"allow":["GET"]}}],"collection":[{"href":"https:\/\/delosarroyos.com\/tienda\/wp-json\/wp\/v2\/product"}],"about":[{"href":"https:\/\/delosarroyos.com\/tienda\/wp-json\/wp\/v2\/types\/product"}],"wp:featuredmedia":[{"embeddable":true,"href":"https:\/\/delosarroyos.com\/tienda\/wp-json\/wp\/v2\/media\/2063"}],"wp:attachment":[{"href":"https:\/\/delosarroyos.com\/tienda\/wp-json\/wp\/v2\/media?parent=2062"}],"wp:term":[{"taxonomy":"product_brand","embeddable":true,"href":"https:\/\/delosarroyos.com\/tienda\/wp-json\/wp\/v2\/product_brand?post=2062"},{"taxonomy":"product_cat","embeddable":true,"href":"https:\/\/delosarroyos.com\/tienda\/wp-json\/wp\/v2\/product_cat?post=2062"},{"taxonomy":"product_tag","embeddable":true,"href":"https:\/\/delosarroyos.com\/tienda\/wp-json\/wp\/v2\/product_tag?post=2062"}],"curies":[{"name":"wp","href":"https:\/\/api.w.org\/{rel}","templated":true}]}}