





























{"id":2097,"date":"2024-12-06T11:47:04","date_gmt":"2024-12-06T14:47:04","guid":{"rendered":"https:\/\/delosarroyos.com\/tienda\/?post_type=product&#038;p=2097"},"modified":"2025-12-23T09:41:35","modified_gmt":"2025-12-23T12:41:35","slug":"generador-kld-kldga8kva","status":"publish","type":"product","link":"https:\/\/delosarroyos.com\/tienda\/producto\/generador-kld-kldga8kva\/","title":{"rendered":"GENERADOR KLD KLDGA8KVA"},"content":{"rendered":"<p>C\u00f3digo: KLDGAE8KVA<br \/>\n* 6500 w 8 KVA 12 V DC-220V AC<br \/>\n*Motor 4 tiempos 15 HP<br \/>\n*Bajo Nivel de Ruido<br \/>\n*Corte autom\u00e1tico por bajo nivel de Aceite<br \/>\n*Arranque El\u00e9ctrico<br \/>\n* Ruedas<br \/>\n* Manijas<\/p>\n","protected":false},"excerpt":{"rendered":"<p>C\u00f3digo: KLDGAE8KVA * 6500 w 8 KVA 12 V DC-220V AC *Motor 4 tiempos 15 HP *Bajo Nivel de Ruido *Corte autom\u00e1tico por bajo nivel de Aceite *Arranque El\u00e9ctrico * Ruedas * Manijas<\/p>\n","protected":false},"featured_media":2098,"template":"","meta":[],"product_brand":[],"product_cat":[15,131,139],"product_tag":[],"class_list":{"0":"post-2097","1":"product","2":"type-product","3":"status-publish","4":"has-post-thumbnail","6":"product_cat-todos-los-productos","7":"product_cat-herramientas-y-construccion","8":"product_cat-herramientas-electricas","10":"first","11":"instock","12":"sold-individually","13":"shipping-taxable","14":"purchasable","15":"product-type-simple"},"_links":{"self":[{"href":"https:\/\/delosarroyos.com\/tienda\/wp-json\/wp\/v2\/product\/2097","targetHints":{"allow":["GET"]}}],"collection":[{"href":"https:\/\/delosarroyos.com\/tienda\/wp-json\/wp\/v2\/product"}],"about":[{"href":"https:\/\/delosarroyos.com\/tienda\/wp-json\/wp\/v2\/types\/product"}],"wp:featuredmedia":[{"embeddable":true,"href":"https:\/\/delosarroyos.com\/tienda\/wp-json\/wp\/v2\/media\/2098"}],"wp:attachment":[{"href":"https:\/\/delosarroyos.com\/tienda\/wp-json\/wp\/v2\/media?parent=2097"}],"wp:term":[{"taxonomy":"product_brand","embeddable":true,"href":"https:\/\/delosarroyos.com\/tienda\/wp-json\/wp\/v2\/product_brand?post=2097"},{"taxonomy":"product_cat","embeddable":true,"href":"https:\/\/delosarroyos.com\/tienda\/wp-json\/wp\/v2\/product_cat?post=2097"},{"taxonomy":"product_tag","embeddable":true,"href":"https:\/\/delosarroyos.com\/tienda\/wp-json\/wp\/v2\/product_tag?post=2097"}],"curies":[{"name":"wp","href":"https:\/\/api.w.org\/{rel}","templated":true}]}}