





























{"id":2214,"date":"2024-12-17T19:45:05","date_gmt":"2024-12-17T22:45:05","guid":{"rendered":"https:\/\/delosarroyos.com\/tienda\/?post_type=product&#038;p=2214"},"modified":"2026-02-04T11:48:27","modified_gmt":"2026-02-04T14:48:27","slug":"planchita-gamma-mini-cp1","status":"publish","type":"product","link":"https:\/\/delosarroyos.com\/tienda\/producto\/planchita-gamma-mini-cp1\/","title":{"rendered":"HOME SALON SECADOR + PLANCHITA ATMA CK4010N"},"content":{"rendered":"<p data-pb-style=\"6345F0B1AD45B\"><span data-pb-style=\"6345F0B1AD463\"><em>HOME SALON SET <\/em><\/span><strong><span data-pb-style=\"6345F0B1AD472\">Panchita de pelo<\/span><\/strong><\/p>\n<p data-pb-style=\"6345F0B1AD477\"><span data-pb-style=\"6345F0B1AD47D\">Indicador LED de encendido<\/span><\/p>\n<p data-pb-style=\"6345F0B1AD482\"><span data-pb-style=\"6345F0B1AD487\">Bot\u00f3n de bloqueo<\/span><\/p>\n<p data-pb-style=\"6345F0B1AD48C\"><strong><span data-pb-style=\"6345F0B1AD491\">Secador de pelo<\/span><\/strong><\/p>\n<p data-pb-style=\"6345F0B1AD495\"><span data-pb-style=\"6345F0B1AD49A\">M\u00faltiples temperaturas y velocidades<\/span><\/p>\n<p data-pb-style=\"6345F0B1AD49F\"><span data-pb-style=\"6345F0B1AD4A4\">2000W de potencia<\/span><\/p>\n<p data-pb-style=\"6345F0B1AD4A8\"><span data-pb-style=\"6345F0B1AD4AD\">Bot\u00f3n de aire fr\u00edo<\/span><\/p>\n<p data-pb-style=\"6345F0B1AD4B2\"><span data-pb-style=\"6345F0B1AD4B7\">Boquilla concentradora de aire<\/span><\/p>\n<p data-pb-style=\"6345F0B1AD4B2\">\n","protected":false},"excerpt":{"rendered":"<p>HOME SALON SET Panchita de pelo Indicador LED de encendido Bot\u00f3n de bloqueo Secador de pelo M\u00faltiples temperaturas y velocidades 2000W de potencia Bot\u00f3n de aire fr\u00edo Boquilla concentradora de aire<\/p>\n","protected":false},"featured_media":3928,"template":"","meta":[],"product_brand":[],"product_cat":[15,116,97],"product_tag":[],"class_list":{"0":"post-2214","1":"product","2":"type-product","3":"status-publish","4":"has-post-thumbnail","6":"product_cat-todos-los-productos","7":"product_cat-salud-y-belleza","8":"product_cat-cuidado-personal","10":"first","11":"instock","12":"sold-individually","13":"shipping-taxable","14":"purchasable","15":"product-type-simple"},"_links":{"self":[{"href":"https:\/\/delosarroyos.com\/tienda\/wp-json\/wp\/v2\/product\/2214","targetHints":{"allow":["GET"]}}],"collection":[{"href":"https:\/\/delosarroyos.com\/tienda\/wp-json\/wp\/v2\/product"}],"about":[{"href":"https:\/\/delosarroyos.com\/tienda\/wp-json\/wp\/v2\/types\/product"}],"wp:featuredmedia":[{"embeddable":true,"href":"https:\/\/delosarroyos.com\/tienda\/wp-json\/wp\/v2\/media\/3928"}],"wp:attachment":[{"href":"https:\/\/delosarroyos.com\/tienda\/wp-json\/wp\/v2\/media?parent=2214"}],"wp:term":[{"taxonomy":"product_brand","embeddable":true,"href":"https:\/\/delosarroyos.com\/tienda\/wp-json\/wp\/v2\/product_brand?post=2214"},{"taxonomy":"product_cat","embeddable":true,"href":"https:\/\/delosarroyos.com\/tienda\/wp-json\/wp\/v2\/product_cat?post=2214"},{"taxonomy":"product_tag","embeddable":true,"href":"https:\/\/delosarroyos.com\/tienda\/wp-json\/wp\/v2\/product_tag?post=2214"}],"curies":[{"name":"wp","href":"https:\/\/api.w.org\/{rel}","templated":true}]}}