





























{"id":2293,"date":"2024-12-12T18:00:02","date_gmt":"2024-12-12T21:00:02","guid":{"rendered":"https:\/\/delosarroyos.com\/tienda\/?post_type=product&#038;p=2293"},"modified":"2026-04-24T10:16:43","modified_gmt":"2026-04-24T13:16:43","slug":"pava-electrica-atma-pe-1821-na","status":"publish","type":"product","link":"https:\/\/delosarroyos.com\/tienda\/producto\/pava-electrica-atma-pe-1821-na\/","title":{"rendered":"PAVA ELECTRICA ATMA PE 1821"},"content":{"rendered":"<p>PAVA EL\u00c9CTRICA<br \/>\n1.7LTS<br \/>\nSELECTOR DE TEMPERATURA<br \/>\nCON APAGADO AUTOM\u00c1TICO.<br \/>\nTRAE LUZ INDICADORA DE FUNCIONAMIENTO.<br \/>\nPOSEE INDICADOR DE NIVEL DEL AGUA.<br \/>\nTIENE FUNCI\u00d3N MATE.<br \/>\nCUENTA CON BASE GIRATORIA<\/p>\n","protected":false},"excerpt":{"rendered":"<p>PAVA EL\u00c9CTRICA 1.7LTS SELECTOR DE TEMPERATURA CON APAGADO AUTOM\u00c1TICO. TRAE LUZ INDICADORA DE FUNCIONAMIENTO. POSEE INDICADOR DE NIVEL DEL AGUA. TIENE FUNCI\u00d3N MATE. CUENTA CON BASE GIRATORIA<\/p>\n","protected":false},"featured_media":2297,"template":"","meta":[],"product_brand":[],"product_cat":[15,69,70],"product_tag":[],"class_list":{"0":"post-2293","1":"product","2":"type-product","3":"status-publish","4":"has-post-thumbnail","6":"product_cat-todos-los-productos","7":"product_cat-productos-cocinas","8":"product_cat-productos-electros","10":"first","11":"instock","12":"sold-individually","13":"shipping-taxable","14":"purchasable","15":"product-type-simple"},"_links":{"self":[{"href":"https:\/\/delosarroyos.com\/tienda\/wp-json\/wp\/v2\/product\/2293","targetHints":{"allow":["GET"]}}],"collection":[{"href":"https:\/\/delosarroyos.com\/tienda\/wp-json\/wp\/v2\/product"}],"about":[{"href":"https:\/\/delosarroyos.com\/tienda\/wp-json\/wp\/v2\/types\/product"}],"wp:featuredmedia":[{"embeddable":true,"href":"https:\/\/delosarroyos.com\/tienda\/wp-json\/wp\/v2\/media\/2297"}],"wp:attachment":[{"href":"https:\/\/delosarroyos.com\/tienda\/wp-json\/wp\/v2\/media?parent=2293"}],"wp:term":[{"taxonomy":"product_brand","embeddable":true,"href":"https:\/\/delosarroyos.com\/tienda\/wp-json\/wp\/v2\/product_brand?post=2293"},{"taxonomy":"product_cat","embeddable":true,"href":"https:\/\/delosarroyos.com\/tienda\/wp-json\/wp\/v2\/product_cat?post=2293"},{"taxonomy":"product_tag","embeddable":true,"href":"https:\/\/delosarroyos.com\/tienda\/wp-json\/wp\/v2\/product_tag?post=2293"}],"curies":[{"name":"wp","href":"https:\/\/api.w.org\/{rel}","templated":true}]}}