





























{"id":2349,"date":"2024-12-13T18:55:32","date_gmt":"2024-12-13T21:55:32","guid":{"rendered":"https:\/\/delosarroyos.com\/tienda\/?post_type=product&#038;p=2349"},"modified":"2026-04-07T10:43:54","modified_gmt":"2026-04-07T13:43:54","slug":"almohada-visco-0-80x0-12","status":"publish","type":"product","link":"https:\/\/delosarroyos.com\/tienda\/producto\/almohada-visco-0-80x0-12\/","title":{"rendered":"ALMOHADA NATIVA VISCO DOS PREMIUM 080X012"},"content":{"rendered":"<p>Un producto que combina espuma soft por un lado y una espuma visco por el otro.<br \/>\nLa almohada Visco DOS Premium de Nativa\u00ae ofrece un soporte personalizable permitiendo elegir el nivel de apoyo seg\u00fan tus preferencias y estilos de sue\u00f1o.<br \/>\nSu funda desmontable con cierre, la convierte en una opci\u00f3n ideal para poder lavarla y mantener su frescura en todo momento.<\/p>\n<ul>\n<li><b>Alto (cm):<\/b>\u00a012<\/li>\n<li><i class=\"icon-ok\"><\/i><b>Ancho (cm):<\/b> 80<\/li>\n<li><i class=\"icon-ok\"><\/i><b>Largo (cm):<\/b>\u00a040<\/li>\n<\/ul>\n","protected":false},"excerpt":{"rendered":"<p>Un producto que combina espuma soft por un lado y una espuma visco por el otro. La almohada Visco DOS Premium de Nativa\u00ae ofrece un soporte personalizable permitiendo elegir el nivel de apoyo seg\u00fan tus preferencias y estilos de sue\u00f1o. Su funda desmontable con cierre, la convierte en una opci\u00f3n ideal para poder lavarla y [&#8230;]\n","protected":false},"featured_media":2350,"template":"","meta":[],"product_brand":[],"product_cat":[234,15,122,99],"product_tag":[],"class_list":{"0":"post-2349","1":"product","2":"type-product","3":"status-publish","4":"has-post-thumbnail","6":"product_cat-almohadas","7":"product_cat-todos-los-productos","8":"product_cat-muebles-y-colchones","9":"product_cat-colchones-y-sommiers","11":"first","12":"instock","13":"sold-individually","14":"shipping-taxable","15":"purchasable","16":"product-type-simple"},"_links":{"self":[{"href":"https:\/\/delosarroyos.com\/tienda\/wp-json\/wp\/v2\/product\/2349","targetHints":{"allow":["GET"]}}],"collection":[{"href":"https:\/\/delosarroyos.com\/tienda\/wp-json\/wp\/v2\/product"}],"about":[{"href":"https:\/\/delosarroyos.com\/tienda\/wp-json\/wp\/v2\/types\/product"}],"wp:featuredmedia":[{"embeddable":true,"href":"https:\/\/delosarroyos.com\/tienda\/wp-json\/wp\/v2\/media\/2350"}],"wp:attachment":[{"href":"https:\/\/delosarroyos.com\/tienda\/wp-json\/wp\/v2\/media?parent=2349"}],"wp:term":[{"taxonomy":"product_brand","embeddable":true,"href":"https:\/\/delosarroyos.com\/tienda\/wp-json\/wp\/v2\/product_brand?post=2349"},{"taxonomy":"product_cat","embeddable":true,"href":"https:\/\/delosarroyos.com\/tienda\/wp-json\/wp\/v2\/product_cat?post=2349"},{"taxonomy":"product_tag","embeddable":true,"href":"https:\/\/delosarroyos.com\/tienda\/wp-json\/wp\/v2\/product_tag?post=2349"}],"curies":[{"name":"wp","href":"https:\/\/api.w.org\/{rel}","templated":true}]}}