





























{"id":2364,"date":"2024-12-16T08:18:06","date_gmt":"2024-12-16T11:18:06","guid":{"rendered":"https:\/\/delosarroyos.com\/tienda\/?post_type=product&#038;p=2364"},"modified":"2026-02-04T10:27:21","modified_gmt":"2026-02-04T13:27:21","slug":"gazebo-oxford-poliester-3x3-mts-plegable","status":"publish","type":"product","link":"https:\/\/delosarroyos.com\/tienda\/producto\/gazebo-oxford-poliester-3x3-mts-plegable\/","title":{"rendered":"GAZEBO OXFORD POLIESTER 3X3 MTS PLEGABLE"},"content":{"rendered":"<p>El Gazebo Plegable Autoarmable 3&#215;3 Impermeable es el complemento perfecto para tus eventos al aire libre. Con su dise\u00f1o plegable y ajustable, podr\u00e1s armarlo y desarmarlo f\u00e1cilmente en cuesti\u00f3n de minutos. Su armaz\u00f3n de acero garantiza su resistencia y durabilidad, mientras que la tela de poli\u00e9ster Oxford 800D lo hace impermeable, protegi\u00e9ndote de la lluvia.<\/p>\n<p>CARACTER\u00cdSTICAS:<br \/>\n&#8211; Estructura de acero pintado negro<br \/>\n&#8211; Tela de poli\u00e9ster Oxford 800D<br \/>\n&#8211; Impermeable<br \/>\n&#8211; Medidas: 3&#215;3 mt<br \/>\n&#8211; Altura regulable: 190\/200\/210\/220 cm<br \/>\n&#8211; Tubos estructurales externos: 30x30x0.5 mm<br \/>\n&#8211; Tubos estructurales internos 25x10x0.5 mm<br \/>\n&#8211; Incluye: Bolso para guardar y transportar, 8 estacas met\u00e1licas y cuerdas<\/p>\n","protected":false},"excerpt":{"rendered":"<p>El Gazebo Plegable Autoarmable 3&#215;3 Impermeable es el complemento perfecto para tus eventos al aire libre. Con su dise\u00f1o plegable y ajustable, podr\u00e1s armarlo y desarmarlo f\u00e1cilmente en cuesti\u00f3n de minutos. Su armaz\u00f3n de acero garantiza su resistencia y durabilidad, mientras que la tela de poli\u00e9ster Oxford 800D lo hace impermeable, protegi\u00e9ndote de la lluvia. [&#8230;]\n","protected":false},"featured_media":3479,"template":"","meta":[],"product_brand":[],"product_cat":[15,120,113],"product_tag":[],"class_list":{"0":"post-2364","1":"product","2":"type-product","3":"status-publish","4":"has-post-thumbnail","6":"product_cat-todos-los-productos","7":"product_cat-hogar-y-deco","8":"product_cat-muebles-de-exteriores","10":"first","11":"instock","12":"sold-individually","13":"shipping-taxable","14":"purchasable","15":"product-type-simple"},"_links":{"self":[{"href":"https:\/\/delosarroyos.com\/tienda\/wp-json\/wp\/v2\/product\/2364","targetHints":{"allow":["GET"]}}],"collection":[{"href":"https:\/\/delosarroyos.com\/tienda\/wp-json\/wp\/v2\/product"}],"about":[{"href":"https:\/\/delosarroyos.com\/tienda\/wp-json\/wp\/v2\/types\/product"}],"wp:featuredmedia":[{"embeddable":true,"href":"https:\/\/delosarroyos.com\/tienda\/wp-json\/wp\/v2\/media\/3479"}],"wp:attachment":[{"href":"https:\/\/delosarroyos.com\/tienda\/wp-json\/wp\/v2\/media?parent=2364"}],"wp:term":[{"taxonomy":"product_brand","embeddable":true,"href":"https:\/\/delosarroyos.com\/tienda\/wp-json\/wp\/v2\/product_brand?post=2364"},{"taxonomy":"product_cat","embeddable":true,"href":"https:\/\/delosarroyos.com\/tienda\/wp-json\/wp\/v2\/product_cat?post=2364"},{"taxonomy":"product_tag","embeddable":true,"href":"https:\/\/delosarroyos.com\/tienda\/wp-json\/wp\/v2\/product_tag?post=2364"}],"curies":[{"name":"wp","href":"https:\/\/api.w.org\/{rel}","templated":true}]}}