





























{"id":2391,"date":"2024-12-17T11:02:56","date_gmt":"2024-12-17T14:02:56","guid":{"rendered":"https:\/\/delosarroyos.com\/tienda\/?post_type=product&#038;p=2391"},"modified":"2025-01-07T11:15:10","modified_gmt":"2025-01-07T14:15:10","slug":"rotomartillo-stanley-sthr-202k-1-34j-20mm-sp","status":"publish","type":"product","link":"https:\/\/delosarroyos.com\/tienda\/producto\/rotomartillo-stanley-sthr-202k-1-34j-20mm-sp\/","title":{"rendered":"ROTOMARTILLO STANLEY STHR-202K 1.34J-20MM SP"},"content":{"rendered":"<p>Motor de 620W<br \/>\n2 modos: Rotaci\u00f3n y Percusi\u00f3n<br \/>\nCon Sistema de Embrague (Clutch)<br \/>\nEmpu\u00f1adura Lateral Multi-posici\u00f3n y Barra de Profundidad<\/p>\n<p>Especificaciones:<br \/>\nMarca: Stanley<br \/>\nModelo: STHR202K-AR<br \/>\nVoltaje: 220 V<br \/>\nPotencia: 620 W<br \/>\nTipo de Encastre: SDS Plus<br \/>\nModos: Rotaci\u00f3n y Percusi\u00f3n<br \/>\nVelocidad de Rotaci\u00f3n Variable: SI<br \/>\nRango de Velocidad de Rotaci\u00f3n: 0 \u2013 1250 rpm<br \/>\nEnerg\u00eda de Impacto: 1,3 Joule<br \/>\nRango de Impactos por Minuto: 0-3900 gpm<br \/>\nCapacidad en Madera: 25m<br \/>\nCapacidad en Acero: 13mm<br \/>\nCapacidad en Concreto: 20mm<br \/>\nReversa: NO<br \/>\nPosici\u00f3n del Motor: Horizontal<br \/>\nIncluye Accesorios: SI<br \/>\nPeso: 2,6 kg<\/p>\n","protected":false},"excerpt":{"rendered":"<p>Motor de 620W 2 modos: Rotaci\u00f3n y Percusi\u00f3n Con Sistema de Embrague (Clutch) Empu\u00f1adura Lateral Multi-posici\u00f3n y Barra de Profundidad Especificaciones: Marca: Stanley Modelo: STHR202K-AR Voltaje: 220 V Potencia: 620 W Tipo de Encastre: SDS Plus Modos: Rotaci\u00f3n y Percusi\u00f3n Velocidad de Rotaci\u00f3n Variable: SI Rango de Velocidad de Rotaci\u00f3n: 0 \u2013 1250 rpm Energ\u00eda [&#8230;]\n","protected":false},"featured_media":2392,"template":"","meta":[],"product_brand":[],"product_cat":[15,131,95,139],"product_tag":[],"class_list":{"0":"post-2391","1":"product","2":"type-product","3":"status-publish","4":"has-post-thumbnail","6":"product_cat-todos-los-productos","7":"product_cat-herramientas-y-construccion","8":"product_cat-herramientas","9":"product_cat-herramientas-electricas","11":"first","12":"instock","13":"sold-individually","14":"shipping-taxable","15":"purchasable","16":"product-type-simple"},"_links":{"self":[{"href":"https:\/\/delosarroyos.com\/tienda\/wp-json\/wp\/v2\/product\/2391","targetHints":{"allow":["GET"]}}],"collection":[{"href":"https:\/\/delosarroyos.com\/tienda\/wp-json\/wp\/v2\/product"}],"about":[{"href":"https:\/\/delosarroyos.com\/tienda\/wp-json\/wp\/v2\/types\/product"}],"wp:featuredmedia":[{"embeddable":true,"href":"https:\/\/delosarroyos.com\/tienda\/wp-json\/wp\/v2\/media\/2392"}],"wp:attachment":[{"href":"https:\/\/delosarroyos.com\/tienda\/wp-json\/wp\/v2\/media?parent=2391"}],"wp:term":[{"taxonomy":"product_brand","embeddable":true,"href":"https:\/\/delosarroyos.com\/tienda\/wp-json\/wp\/v2\/product_brand?post=2391"},{"taxonomy":"product_cat","embeddable":true,"href":"https:\/\/delosarroyos.com\/tienda\/wp-json\/wp\/v2\/product_cat?post=2391"},{"taxonomy":"product_tag","embeddable":true,"href":"https:\/\/delosarroyos.com\/tienda\/wp-json\/wp\/v2\/product_tag?post=2391"}],"curies":[{"name":"wp","href":"https:\/\/api.w.org\/{rel}","templated":true}]}}