





























{"id":2421,"date":"2024-12-17T18:14:53","date_gmt":"2024-12-17T21:14:53","guid":{"rendered":"https:\/\/delosarroyos.com\/tienda\/?post_type=product&#038;p=2421"},"modified":"2026-02-10T11:21:32","modified_gmt":"2026-02-10T14:21:32","slug":"sombrilla-playera-con-carpa-rompeviento","status":"publish","type":"product","link":"https:\/\/delosarroyos.com\/tienda\/producto\/sombrilla-playera-con-carpa-rompeviento\/","title":{"rendered":"SOMBRILLA PLAYERA CON CARPA ROMPEVIENTO"},"content":{"rendered":"<p>La Sombrilla Carpa Playera es ideal para playa, picnic, pesca o actividades al aire libre. Tiene capacidad para dos personas, pr\u00e1ctica y vers\u00e1til, puede utilizarse como sombrilla tradicional o como carpa. Confeccionada en material resistente y duradero, garantizando protecci\u00f3n contra el viento y el sol. Adem\u00e1s, incluye un bolso para guardar y transportar.<\/p>\n<p>CARACTER\u00cdSTICAS:<br \/>\n&#8211; Estructura de acero: ca\u00f1o 22\/19 mm.<br \/>\n&#8211; Varillas: 8 (4,3 mm)<br \/>\n&#8211; Tela Oxford 90 gr. con forro plateado<br \/>\n&#8211; Sin inclinaci\u00f3n<br \/>\n&#8211; Con bolsillos y mosquiteros en los laterales<br \/>\n&#8211; Incluye: 8 estacas pl\u00e1sticas y 3 correas sujetadoras<\/p>\n<p>MEDIDAS:<br \/>\n&#8211; Di\u00e1metro sombrilla abierta: 1,90 mt.<br \/>\n&#8211; Altura: 2,06 mt (punto m\u00e1ximo) | Laterales: 1,60 mt<br \/>\n&#8211; Altura en posici\u00f3n carpa: 1,20 mt<br \/>\n&#8211; Plegada en bolso: 125 x 13 x 8 cm<br \/>\n&#8211; Peso del producto: 3 kg.<\/p>\n","protected":false},"excerpt":{"rendered":"<p>La Sombrilla Carpa Playera es ideal para playa, picnic, pesca o actividades al aire libre. Tiene capacidad para dos personas, pr\u00e1ctica y vers\u00e1til, puede utilizarse como sombrilla tradicional o como carpa. Confeccionada en material resistente y duradero, garantizando protecci\u00f3n contra el viento y el sol. Adem\u00e1s, incluye un bolso para guardar y transportar. CARACTER\u00cdSTICAS: &#8211; [&#8230;]\n","protected":false},"featured_media":2422,"template":"","meta":[],"product_brand":[],"product_cat":[15,120,133],"product_tag":[],"class_list":{"0":"post-2421","1":"product","2":"type-product","3":"status-publish","4":"has-post-thumbnail","6":"product_cat-todos-los-productos","7":"product_cat-hogar-y-deco","8":"product_cat-camping","10":"first","11":"instock","12":"sold-individually","13":"shipping-taxable","14":"purchasable","15":"product-type-simple"},"_links":{"self":[{"href":"https:\/\/delosarroyos.com\/tienda\/wp-json\/wp\/v2\/product\/2421","targetHints":{"allow":["GET"]}}],"collection":[{"href":"https:\/\/delosarroyos.com\/tienda\/wp-json\/wp\/v2\/product"}],"about":[{"href":"https:\/\/delosarroyos.com\/tienda\/wp-json\/wp\/v2\/types\/product"}],"wp:featuredmedia":[{"embeddable":true,"href":"https:\/\/delosarroyos.com\/tienda\/wp-json\/wp\/v2\/media\/2422"}],"wp:attachment":[{"href":"https:\/\/delosarroyos.com\/tienda\/wp-json\/wp\/v2\/media?parent=2421"}],"wp:term":[{"taxonomy":"product_brand","embeddable":true,"href":"https:\/\/delosarroyos.com\/tienda\/wp-json\/wp\/v2\/product_brand?post=2421"},{"taxonomy":"product_cat","embeddable":true,"href":"https:\/\/delosarroyos.com\/tienda\/wp-json\/wp\/v2\/product_cat?post=2421"},{"taxonomy":"product_tag","embeddable":true,"href":"https:\/\/delosarroyos.com\/tienda\/wp-json\/wp\/v2\/product_tag?post=2421"}],"curies":[{"name":"wp","href":"https:\/\/api.w.org\/{rel}","templated":true}]}}