





























{"id":2431,"date":"2024-12-17T19:06:38","date_gmt":"2024-12-17T22:06:38","guid":{"rendered":"https:\/\/delosarroyos.com\/tienda\/?post_type=product&#038;p=2431"},"modified":"2026-02-13T12:42:50","modified_gmt":"2026-02-13T15:42:50","slug":"speaker-novik-adventure-5","status":"publish","type":"product","link":"https:\/\/delosarroyos.com\/tienda\/producto\/speaker-novik-adventure-5\/","title":{"rendered":"SPEAKER NOVIK ADVENTURE 5"},"content":{"rendered":"<p>PARLANTE NOVIK ADVENTURE 5 PORTATIL BTH\/USB\/SD + MICROFONO Podes escuchar tu m\u00fasica preferida en tu cuarto, cantar con el micr\u00f3fono que incluye! Liviano: Con solo 2 Kg. podes transportarlo donde sea o podes llevarlo colgado con la correa incluida. Su bater\u00eda tiene una duraci\u00f3n de hasta 6 horas. Luces de colores. Parlante port\u00e1til con bater\u00eda, m\u00e1xima conectividad Bluetooth, USB, MicroSd. Incluye micr\u00f3fono con cable y correa para llevarlo como un bolso! Caracter\u00edsticas: &#8211; Marca: NOVIK. &#8211; Modelo: ADVENTURE 5. &#8211; Sistema de audio. &#8211; Micr\u00f3fono din\u00e1mico y cable incluido. &#8211; Accionado por bater\u00eda recargable. &#8211; 120W RMS. &#8211; Conectividad Bluetooth\u00ae. &#8211; Entrada de m\u00fasica USB \/ Micro SD. &#8211; Entradas de micr\u00f3fono y guitarra. &#8211; EQ digital. &#8211; Woofer 5.25 &#8216;. &#8211; Tweeter 1.5&#8217;. &#8211; Entrada de l\u00ednea. &#8211; Modo grabaci\u00f3n. &#8211; Salida de auriculares. &#8211; Radio FM. &#8211; Luces audio r\u00edtmicas FX. &#8211; Medidas: Ancho: 16 cm. Alto: 18 cm. Profundidad: 38 cm.<\/p>\n","protected":false},"excerpt":{"rendered":"<p>PARLANTE NOVIK ADVENTURE 5 PORTATIL BTH\/USB\/SD + MICROFONO Podes escuchar tu m\u00fasica preferida en tu cuarto, cantar con el micr\u00f3fono que incluye! Liviano: Con solo 2 Kg. podes transportarlo donde sea o podes llevarlo colgado con la correa incluida. Su bater\u00eda tiene una duraci\u00f3n de hasta 6 horas. Luces de colores. Parlante port\u00e1til con bater\u00eda, [&#8230;]\n","protected":false},"featured_media":2432,"template":"","meta":[],"product_brand":[],"product_cat":[15,102,134],"product_tag":[],"class_list":{"0":"post-2431","1":"product","2":"type-product","3":"status-publish","4":"has-post-thumbnail","6":"product_cat-todos-los-productos","7":"product_cat-tecnologia","8":"product_cat-tv-audio-y-video","10":"first","11":"instock","12":"sold-individually","13":"shipping-taxable","14":"purchasable","15":"product-type-simple"},"_links":{"self":[{"href":"https:\/\/delosarroyos.com\/tienda\/wp-json\/wp\/v2\/product\/2431","targetHints":{"allow":["GET"]}}],"collection":[{"href":"https:\/\/delosarroyos.com\/tienda\/wp-json\/wp\/v2\/product"}],"about":[{"href":"https:\/\/delosarroyos.com\/tienda\/wp-json\/wp\/v2\/types\/product"}],"wp:featuredmedia":[{"embeddable":true,"href":"https:\/\/delosarroyos.com\/tienda\/wp-json\/wp\/v2\/media\/2432"}],"wp:attachment":[{"href":"https:\/\/delosarroyos.com\/tienda\/wp-json\/wp\/v2\/media?parent=2431"}],"wp:term":[{"taxonomy":"product_brand","embeddable":true,"href":"https:\/\/delosarroyos.com\/tienda\/wp-json\/wp\/v2\/product_brand?post=2431"},{"taxonomy":"product_cat","embeddable":true,"href":"https:\/\/delosarroyos.com\/tienda\/wp-json\/wp\/v2\/product_cat?post=2431"},{"taxonomy":"product_tag","embeddable":true,"href":"https:\/\/delosarroyos.com\/tienda\/wp-json\/wp\/v2\/product_tag?post=2431"}],"curies":[{"name":"wp","href":"https:\/\/api.w.org\/{rel}","templated":true}]}}