





























{"id":2627,"date":"2025-01-02T09:12:17","date_gmt":"2025-01-02T12:12:17","guid":{"rendered":"https:\/\/delosarroyos.com\/tienda\/?post_type=product&#038;p=2627"},"modified":"2025-01-07T10:51:53","modified_gmt":"2025-01-07T13:51:53","slug":"impresora-hp-laser-1000w","status":"publish","type":"product","link":"https:\/\/delosarroyos.com\/tienda\/producto\/impresora-hp-laser-1000w\/","title":{"rendered":"IMPRESORA HP LASER 1000W"},"content":{"rendered":"<div class=\"pulletsPointsList\">Hogar y oficina Laser<\/div>\n<div class=\"pulletsPointsList\">600 x 600 DPI<\/div>\n<div class=\"pulletsPointsList\">Colores de impresi\u00f3n: Negro<\/div>\n<div class=\"pulletsPointsList\">A4 20 ppm<\/div>\n<div class=\"pulletsPointsList\">Impresi\u00f3n a doble cara<\/div>\n<div class=\"pulletsPointsList\">Puerto USB Wifi<\/div>\n<div class=\"pulletsPointsList\">LED Pantalla incorporada<\/div>\n<div class=\"pulletsPointsList\">Ciclo de trabajo (m\u00e1ximo): 25000 p\u00e1ginas por mes<\/div>\n<div class=\"pulletsPointsList\">N\u00famero total de bandejas de entrada: 1 Capacidad total de entrada: 150 hojas Capacidad total de salida: 100 hojas<\/div>\n<div class=\"pulletsPointsList\">Memoria interna: 32 MB Procesador incorporado 500 MHz<\/div>\n","protected":false},"excerpt":{"rendered":"<p>Hogar y oficina Laser 600 x 600 DPI Colores de impresi\u00f3n: Negro A4 20 ppm Impresi\u00f3n a doble cara Puerto USB Wifi LED Pantalla incorporada Ciclo de trabajo (m\u00e1ximo): 25000 p\u00e1ginas por mes N\u00famero total de bandejas de entrada: 1 Capacidad total de entrada: 150 hojas Capacidad total de salida: 100 hojas Memoria interna: 32 [&#8230;]\n","protected":false},"featured_media":2642,"template":"","meta":[],"product_brand":[],"product_cat":[15,102,185],"product_tag":[],"class_list":{"0":"post-2627","1":"product","2":"type-product","3":"status-publish","4":"has-post-thumbnail","6":"product_cat-todos-los-productos","7":"product_cat-tecnologia","8":"product_cat-otros","10":"first","11":"instock","12":"sold-individually","13":"shipping-taxable","14":"purchasable","15":"product-type-simple"},"_links":{"self":[{"href":"https:\/\/delosarroyos.com\/tienda\/wp-json\/wp\/v2\/product\/2627","targetHints":{"allow":["GET"]}}],"collection":[{"href":"https:\/\/delosarroyos.com\/tienda\/wp-json\/wp\/v2\/product"}],"about":[{"href":"https:\/\/delosarroyos.com\/tienda\/wp-json\/wp\/v2\/types\/product"}],"wp:featuredmedia":[{"embeddable":true,"href":"https:\/\/delosarroyos.com\/tienda\/wp-json\/wp\/v2\/media\/2642"}],"wp:attachment":[{"href":"https:\/\/delosarroyos.com\/tienda\/wp-json\/wp\/v2\/media?parent=2627"}],"wp:term":[{"taxonomy":"product_brand","embeddable":true,"href":"https:\/\/delosarroyos.com\/tienda\/wp-json\/wp\/v2\/product_brand?post=2627"},{"taxonomy":"product_cat","embeddable":true,"href":"https:\/\/delosarroyos.com\/tienda\/wp-json\/wp\/v2\/product_cat?post=2627"},{"taxonomy":"product_tag","embeddable":true,"href":"https:\/\/delosarroyos.com\/tienda\/wp-json\/wp\/v2\/product_tag?post=2627"}],"curies":[{"name":"wp","href":"https:\/\/api.w.org\/{rel}","templated":true}]}}