





























{"id":2742,"date":"2025-01-16T17:41:49","date_gmt":"2025-01-16T20:41:49","guid":{"rendered":"https:\/\/delosarroyos.com\/tienda\/?post_type=product&#038;p=2742"},"modified":"2026-03-02T10:29:48","modified_gmt":"2026-03-02T13:29:48","slug":"bordeadora-bd-gl-1000-gh-35-cm-900w","status":"publish","type":"product","link":"https:\/\/delosarroyos.com\/tienda\/producto\/bordeadora-bd-gl-1000-gh-35-cm-900w\/","title":{"rendered":"BORDEADORA B&amp;D GL-1000\/GH 35 CM 900W"},"content":{"rendered":"<ul class=\"sc-34c797d0-2 caRSJV\">\n<li class=\"sc-34c797d0-3 bqzLZL\">\n<h3 class=\"sc-34c797d0-4 kdvZTD\">Caracter\u00edsticas<\/h3>\n<div class=\"sc-34c797d0-6 hXHXnJ\">\n<div id=\"5a301bee14000063004908b8\">\n<p>Motor de 900W con dise\u00f1o de alto torque.<\/p>\n<p>Carrete de alimentaci\u00f3n autom\u00e1tica de l\u00ednea doble.<\/p>\n<p>Velocidad 7200\/min (rpm).<\/p>\n<p>Ancho de corte 35cm (14&#8243;).<\/p>\n<p>Carrete de repuesto DF-080.<\/p>\n<p>Peso 3,1kg (6,9lb).<\/p>\n<\/div>\n<\/div>\n<\/li>\n<\/ul>\n","protected":false},"excerpt":{"rendered":"<p>Caracter\u00edsticas Motor de 900W con dise\u00f1o de alto torque. Carrete de alimentaci\u00f3n autom\u00e1tica de l\u00ednea doble. Velocidad 7200\/min (rpm). Ancho de corte 35cm (14&#8243;). Carrete de repuesto DF-080. Peso 3,1kg (6,9lb).<\/p>\n","protected":false},"featured_media":2743,"template":"","meta":[],"product_brand":[],"product_cat":[15,131,132],"product_tag":[],"class_list":{"0":"post-2742","1":"product","2":"type-product","3":"status-publish","4":"has-post-thumbnail","6":"product_cat-todos-los-productos","7":"product_cat-herramientas-y-construccion","8":"product_cat-herramientas-de-jardin","10":"first","11":"instock","12":"sold-individually","13":"shipping-taxable","14":"purchasable","15":"product-type-simple"},"_links":{"self":[{"href":"https:\/\/delosarroyos.com\/tienda\/wp-json\/wp\/v2\/product\/2742","targetHints":{"allow":["GET"]}}],"collection":[{"href":"https:\/\/delosarroyos.com\/tienda\/wp-json\/wp\/v2\/product"}],"about":[{"href":"https:\/\/delosarroyos.com\/tienda\/wp-json\/wp\/v2\/types\/product"}],"wp:featuredmedia":[{"embeddable":true,"href":"https:\/\/delosarroyos.com\/tienda\/wp-json\/wp\/v2\/media\/2743"}],"wp:attachment":[{"href":"https:\/\/delosarroyos.com\/tienda\/wp-json\/wp\/v2\/media?parent=2742"}],"wp:term":[{"taxonomy":"product_brand","embeddable":true,"href":"https:\/\/delosarroyos.com\/tienda\/wp-json\/wp\/v2\/product_brand?post=2742"},{"taxonomy":"product_cat","embeddable":true,"href":"https:\/\/delosarroyos.com\/tienda\/wp-json\/wp\/v2\/product_cat?post=2742"},{"taxonomy":"product_tag","embeddable":true,"href":"https:\/\/delosarroyos.com\/tienda\/wp-json\/wp\/v2\/product_tag?post=2742"}],"curies":[{"name":"wp","href":"https:\/\/api.w.org\/{rel}","templated":true}]}}