





























{"id":2868,"date":"2025-02-20T10:22:53","date_gmt":"2025-02-20T13:22:53","guid":{"rendered":"https:\/\/delosarroyos.com\/tienda\/?post_type=product&#038;p=2868"},"modified":"2026-04-07T11:38:12","modified_gmt":"2026-04-07T14:38:12","slug":"trv-protector-de-tesion-smart-e","status":"publish","type":"product","link":"https:\/\/delosarroyos.com\/tienda\/producto\/trv-protector-de-tesion-smart-e\/","title":{"rendered":"TRV PROTECTOR DE TESION SMART E"},"content":{"rendered":"<p>PROTEGE: TVS, DECODIFICADORES DE TV,<br \/>\nEQUIPOS DE AUDIO, REPRODUCTORES DE<br \/>\nVIDEO.<br \/>\nPROTECCI\u00d3N DE BAJA Y ALTA TENSI\u00d3N<br \/>\nPERMITE AJUSTAR LOS PAR\u00c1METROS SEG\u00daN<br \/>\nLAS NECESIDADES DEL USUARIO.<\/p>\n","protected":false},"excerpt":{"rendered":"<p>PROTEGE: TVS, DECODIFICADORES DE TV, EQUIPOS DE AUDIO, REPRODUCTORES DE VIDEO. PROTECCI\u00d3N DE BAJA Y ALTA TENSI\u00d3N PERMITE AJUSTAR LOS PAR\u00c1METROS SEG\u00daN LAS NECESIDADES DEL USUARIO.<\/p>\n","protected":false},"featured_media":3503,"template":"","meta":[],"product_brand":[],"product_cat":[15,102,185],"product_tag":[],"class_list":{"0":"post-2868","1":"product","2":"type-product","3":"status-publish","4":"has-post-thumbnail","6":"product_cat-todos-los-productos","7":"product_cat-tecnologia","8":"product_cat-otros","10":"first","11":"instock","12":"sold-individually","13":"shipping-taxable","14":"purchasable","15":"product-type-simple"},"_links":{"self":[{"href":"https:\/\/delosarroyos.com\/tienda\/wp-json\/wp\/v2\/product\/2868","targetHints":{"allow":["GET"]}}],"collection":[{"href":"https:\/\/delosarroyos.com\/tienda\/wp-json\/wp\/v2\/product"}],"about":[{"href":"https:\/\/delosarroyos.com\/tienda\/wp-json\/wp\/v2\/types\/product"}],"wp:featuredmedia":[{"embeddable":true,"href":"https:\/\/delosarroyos.com\/tienda\/wp-json\/wp\/v2\/media\/3503"}],"wp:attachment":[{"href":"https:\/\/delosarroyos.com\/tienda\/wp-json\/wp\/v2\/media?parent=2868"}],"wp:term":[{"taxonomy":"product_brand","embeddable":true,"href":"https:\/\/delosarroyos.com\/tienda\/wp-json\/wp\/v2\/product_brand?post=2868"},{"taxonomy":"product_cat","embeddable":true,"href":"https:\/\/delosarroyos.com\/tienda\/wp-json\/wp\/v2\/product_cat?post=2868"},{"taxonomy":"product_tag","embeddable":true,"href":"https:\/\/delosarroyos.com\/tienda\/wp-json\/wp\/v2\/product_tag?post=2868"}],"curies":[{"name":"wp","href":"https:\/\/api.w.org\/{rel}","templated":true}]}}