





























{"id":2936,"date":"2025-03-07T12:28:30","date_gmt":"2025-03-07T15:28:30","guid":{"rendered":"https:\/\/delosarroyos.com\/tienda\/?post_type=product&#038;p=2936"},"modified":"2026-01-19T09:44:36","modified_gmt":"2026-01-19T12:44:36","slug":"protector-smart-f-1-toma","status":"publish","type":"product","link":"https:\/\/delosarroyos.com\/tienda\/producto\/protector-smart-f-1-toma\/","title":{"rendered":"TRV PROTECCION &#8211; PROTECH &#8211; F"},"content":{"rendered":"<p>PROTECTOR DE TENSI\u00d3N:<br \/>\nHELADERAS, AIRES ACONDICIONADOS,<br \/>\nLAVARROPAS Y LAVAVAJILLAS.<br \/>\nDESCONEXION AUTOM\u00c1TICA.<br \/>\nPROTECCI\u00d3N ALTA Y BAJA<br \/>\nNO CORRIGE LOS VALORES DE TENSI\u00d3N (NO<\/p>\n","protected":false},"excerpt":{"rendered":"<p>PROTECTOR DE TENSI\u00d3N: HELADERAS, AIRES ACONDICIONADOS, LAVARROPAS Y LAVAVAJILLAS. DESCONEXION AUTOM\u00c1TICA. PROTECCI\u00d3N ALTA Y BAJA NO CORRIGE LOS VALORES DE TENSI\u00d3N (NO<\/p>\n","protected":false},"featured_media":2937,"template":"","meta":[],"product_brand":[],"product_cat":[15,102,185],"product_tag":[],"class_list":{"0":"post-2936","1":"product","2":"type-product","3":"status-publish","4":"has-post-thumbnail","6":"product_cat-todos-los-productos","7":"product_cat-tecnologia","8":"product_cat-otros","10":"first","11":"instock","12":"sold-individually","13":"shipping-taxable","14":"purchasable","15":"product-type-simple"},"_links":{"self":[{"href":"https:\/\/delosarroyos.com\/tienda\/wp-json\/wp\/v2\/product\/2936","targetHints":{"allow":["GET"]}}],"collection":[{"href":"https:\/\/delosarroyos.com\/tienda\/wp-json\/wp\/v2\/product"}],"about":[{"href":"https:\/\/delosarroyos.com\/tienda\/wp-json\/wp\/v2\/types\/product"}],"wp:featuredmedia":[{"embeddable":true,"href":"https:\/\/delosarroyos.com\/tienda\/wp-json\/wp\/v2\/media\/2937"}],"wp:attachment":[{"href":"https:\/\/delosarroyos.com\/tienda\/wp-json\/wp\/v2\/media?parent=2936"}],"wp:term":[{"taxonomy":"product_brand","embeddable":true,"href":"https:\/\/delosarroyos.com\/tienda\/wp-json\/wp\/v2\/product_brand?post=2936"},{"taxonomy":"product_cat","embeddable":true,"href":"https:\/\/delosarroyos.com\/tienda\/wp-json\/wp\/v2\/product_cat?post=2936"},{"taxonomy":"product_tag","embeddable":true,"href":"https:\/\/delosarroyos.com\/tienda\/wp-json\/wp\/v2\/product_tag?post=2936"}],"curies":[{"name":"wp","href":"https:\/\/api.w.org\/{rel}","templated":true}]}}