





























{"id":3005,"date":"2025-03-31T08:19:17","date_gmt":"2025-03-31T11:19:17","guid":{"rendered":"https:\/\/delosarroyos.com\/tienda\/?post_type=product&#038;p=3005"},"modified":"2026-03-02T10:01:57","modified_gmt":"2026-03-02T13:01:57","slug":"tendedero-de-canos-color-blanco-de-france","status":"publish","type":"product","link":"https:\/\/delosarroyos.com\/tienda\/producto\/tendedero-de-canos-color-blanco-de-france\/","title":{"rendered":"TENDEDERO DE CA\u00d1OS COLOR BLANCO DE FRANCE"},"content":{"rendered":"<p>El Tendedero de Pie de Mor es pr\u00e1ctico y funcional, perfecto para quienes no disponen de mucho espacio en casa para secar la ropa. Est\u00e1 confeccionado en acero pintado. Es f\u00e1cil de trasladar y cuando no lo est\u00e9s usando podes simplemente plegarlo y guardarlo en cualquier rinc\u00f3n. Cuenta en total con 12 varillas que soportan hasta 15 kilos de ropa h\u00fameda distribuida.<\/p>\n<p>Caracter\u00edsticas:<br \/>\n&#8211; Modelo: 6105<br \/>\n&#8211; Material: Acero<br \/>\n&#8211; Varillas: 6 (en cuerpo) | 3 (en cada ala)<br \/>\n&#8211; Peso del producto: 2,85 kg<\/p>\n<p>Medidas:<br \/>\n&#8211; Largo total: 144 cm<br \/>\n&#8211; Ancho total: 49 cm<br \/>\n&#8211; Altura: 89 cm<\/p>\n","protected":false},"excerpt":{"rendered":"<p>El Tendedero de Pie de Mor es pr\u00e1ctico y funcional, perfecto para quienes no disponen de mucho espacio en casa para secar la ropa. Est\u00e1 confeccionado en acero pintado. Es f\u00e1cil de trasladar y cuando no lo est\u00e9s usando podes simplemente plegarlo y guardarlo en cualquier rinc\u00f3n. Cuenta en total con 12 varillas que soportan [&#8230;]\n","protected":false},"featured_media":3006,"template":"","meta":[],"product_brand":[],"product_cat":[15,69,117],"product_tag":[],"class_list":{"0":"post-3005","1":"product","2":"type-product","3":"status-publish","4":"has-post-thumbnail","6":"product_cat-todos-los-productos","7":"product_cat-productos-cocinas","8":"product_cat-pequenos-hogar","10":"first","11":"instock","12":"sold-individually","13":"shipping-taxable","14":"purchasable","15":"product-type-simple"},"_links":{"self":[{"href":"https:\/\/delosarroyos.com\/tienda\/wp-json\/wp\/v2\/product\/3005","targetHints":{"allow":["GET"]}}],"collection":[{"href":"https:\/\/delosarroyos.com\/tienda\/wp-json\/wp\/v2\/product"}],"about":[{"href":"https:\/\/delosarroyos.com\/tienda\/wp-json\/wp\/v2\/types\/product"}],"wp:featuredmedia":[{"embeddable":true,"href":"https:\/\/delosarroyos.com\/tienda\/wp-json\/wp\/v2\/media\/3006"}],"wp:attachment":[{"href":"https:\/\/delosarroyos.com\/tienda\/wp-json\/wp\/v2\/media?parent=3005"}],"wp:term":[{"taxonomy":"product_brand","embeddable":true,"href":"https:\/\/delosarroyos.com\/tienda\/wp-json\/wp\/v2\/product_brand?post=3005"},{"taxonomy":"product_cat","embeddable":true,"href":"https:\/\/delosarroyos.com\/tienda\/wp-json\/wp\/v2\/product_cat?post=3005"},{"taxonomy":"product_tag","embeddable":true,"href":"https:\/\/delosarroyos.com\/tienda\/wp-json\/wp\/v2\/product_tag?post=3005"}],"curies":[{"name":"wp","href":"https:\/\/api.w.org\/{rel}","templated":true}]}}