





























{"id":3107,"date":"2025-05-13T18:00:10","date_gmt":"2025-05-13T21:00:10","guid":{"rendered":"https:\/\/delosarroyos.com\/tienda\/?post_type=product&#038;p=3107"},"modified":"2025-11-07T08:54:06","modified_gmt":"2025-11-07T11:54:06","slug":"monopatin-randers-grande","status":"publish","type":"product","link":"https:\/\/delosarroyos.com\/tienda\/producto\/monopatin-randers-grande\/","title":{"rendered":"MONOPATIN RANDERS GRANDE"},"content":{"rendered":"<ul>\n<li>Monopat\u00edn urbano Randers \u2013 Estilo y velocidad para todos tus paseos<\/li>\n<li>El monopat\u00edn Randers es la combinaci\u00f3n perfecta de dise\u00f1o moderno y funcionalidad.<\/li>\n<li>Ideal para moverte por la ciudad o disfrutar de paseos recreativos, este scooter garantiza comodidad y rendimiento.<\/li>\n<li>Caracter\u00edsticas destacadas:<\/li>\n<li>Ruedas de gran tama\u00f1o: Con 200 mm de di\u00e1metro, ideales para desplazamientos m\u00e1s suaves y estables.<\/li>\n<li>Estructura resistente: Fabricado con materiales de alta calidad que soportan el uso diario.<\/li>\n<li>Base antideslizante: Ofrece mayor seguridad al andar, incluso en superficies complicadas.<\/li>\n<li>Manillar ajustable: Adaptalo f\u00e1cilmente a tu altura para mayor comodidad.<\/li>\n<li>Pata de soporte: Perfecto para estacionarlo sin problemas.<\/li>\n<li>Plegable: Ideal para transportar y guardar.<\/li>\n<li>Cuerpo met\u00e1lico resistente.<\/li>\n<\/ul>\n<p>&nbsp;<\/p>\n","protected":false},"excerpt":{"rendered":"<p>Monopat\u00edn urbano Randers \u2013 Estilo y velocidad para todos tus paseos El monopat\u00edn Randers es la combinaci\u00f3n perfecta de dise\u00f1o moderno y funcionalidad. Ideal para moverte por la ciudad o disfrutar de paseos recreativos, este scooter garantiza comodidad y rendimiento. Caracter\u00edsticas destacadas: Ruedas de gran tama\u00f1o: Con 200 mm de di\u00e1metro, ideales para desplazamientos m\u00e1s [&#8230;]\n","protected":false},"featured_media":3108,"template":"","meta":[],"product_brand":[],"product_cat":[15,121],"product_tag":[],"class_list":{"0":"post-3107","1":"product","2":"type-product","3":"status-publish","4":"has-post-thumbnail","6":"product_cat-todos-los-productos","7":"product_cat-juguetes-bebes-y-ninos","9":"first","10":"instock","11":"sold-individually","12":"shipping-taxable","13":"purchasable","14":"product-type-simple"},"_links":{"self":[{"href":"https:\/\/delosarroyos.com\/tienda\/wp-json\/wp\/v2\/product\/3107","targetHints":{"allow":["GET"]}}],"collection":[{"href":"https:\/\/delosarroyos.com\/tienda\/wp-json\/wp\/v2\/product"}],"about":[{"href":"https:\/\/delosarroyos.com\/tienda\/wp-json\/wp\/v2\/types\/product"}],"wp:featuredmedia":[{"embeddable":true,"href":"https:\/\/delosarroyos.com\/tienda\/wp-json\/wp\/v2\/media\/3108"}],"wp:attachment":[{"href":"https:\/\/delosarroyos.com\/tienda\/wp-json\/wp\/v2\/media?parent=3107"}],"wp:term":[{"taxonomy":"product_brand","embeddable":true,"href":"https:\/\/delosarroyos.com\/tienda\/wp-json\/wp\/v2\/product_brand?post=3107"},{"taxonomy":"product_cat","embeddable":true,"href":"https:\/\/delosarroyos.com\/tienda\/wp-json\/wp\/v2\/product_cat?post=3107"},{"taxonomy":"product_tag","embeddable":true,"href":"https:\/\/delosarroyos.com\/tienda\/wp-json\/wp\/v2\/product_tag?post=3107"}],"curies":[{"name":"wp","href":"https:\/\/api.w.org\/{rel}","templated":true}]}}