





























{"id":3125,"date":"2025-05-14T08:44:47","date_gmt":"2025-05-14T11:44:47","guid":{"rendered":"https:\/\/delosarroyos.com\/tienda\/?post_type=product&#038;p=3125"},"modified":"2026-04-30T08:19:10","modified_gmt":"2026-04-30T11:19:10","slug":"estufa-lliliana-ci-080-infrarroja","status":"publish","type":"product","link":"https:\/\/delosarroyos.com\/tienda\/producto\/estufa-lliliana-ci-080-infrarroja\/","title":{"rendered":"ESTUFA LLILIANA CI-080 INFRARROJA"},"content":{"rendered":"<p>ESTUFA INFRARROJA<br \/>\nAMPLIA RADIACI\u00d3N FRONTAL.<br \/>\n3 TUBOS.<br \/>\nFRENTE MALLADO.<br \/>\nSELECTOR DE TEMPERATURA : 2 INTENSIDADES<br \/>\nDISE\u00d1O COMPACTO.<br \/>\nCORTE DE SEGURIDAD POR CA\u00cdDA Y SOBRECALENTAMIENTO.<br \/>\nPOTENCIA: 700\/ 1.400 W.<\/p>\n","protected":false},"excerpt":{"rendered":"<p>ESTUFA INFRARROJA AMPLIA RADIACI\u00d3N FRONTAL. 3 TUBOS. FRENTE MALLADO. SELECTOR DE TEMPERATURA : 2 INTENSIDADES DISE\u00d1O COMPACTO. CORTE DE SEGURIDAD POR CA\u00cdDA Y SOBRECALENTAMIENTO. POTENCIA: 700\/ 1.400 W.<\/p>\n","protected":false},"featured_media":3126,"template":"","meta":[],"product_brand":[],"product_cat":[15,69,118],"product_tag":[],"class_list":{"0":"post-3125","1":"product","2":"type-product","3":"status-publish","4":"has-post-thumbnail","6":"product_cat-todos-los-productos","7":"product_cat-productos-cocinas","8":"product_cat-climatizacion","10":"first","11":"instock","12":"sold-individually","13":"shipping-taxable","14":"purchasable","15":"product-type-simple"},"_links":{"self":[{"href":"https:\/\/delosarroyos.com\/tienda\/wp-json\/wp\/v2\/product\/3125","targetHints":{"allow":["GET"]}}],"collection":[{"href":"https:\/\/delosarroyos.com\/tienda\/wp-json\/wp\/v2\/product"}],"about":[{"href":"https:\/\/delosarroyos.com\/tienda\/wp-json\/wp\/v2\/types\/product"}],"wp:featuredmedia":[{"embeddable":true,"href":"https:\/\/delosarroyos.com\/tienda\/wp-json\/wp\/v2\/media\/3126"}],"wp:attachment":[{"href":"https:\/\/delosarroyos.com\/tienda\/wp-json\/wp\/v2\/media?parent=3125"}],"wp:term":[{"taxonomy":"product_brand","embeddable":true,"href":"https:\/\/delosarroyos.com\/tienda\/wp-json\/wp\/v2\/product_brand?post=3125"},{"taxonomy":"product_cat","embeddable":true,"href":"https:\/\/delosarroyos.com\/tienda\/wp-json\/wp\/v2\/product_cat?post=3125"},{"taxonomy":"product_tag","embeddable":true,"href":"https:\/\/delosarroyos.com\/tienda\/wp-json\/wp\/v2\/product_tag?post=3125"}],"curies":[{"name":"wp","href":"https:\/\/api.w.org\/{rel}","templated":true}]}}