





























{"id":3127,"date":"2025-05-14T08:51:25","date_gmt":"2025-05-14T11:51:25","guid":{"rendered":"https:\/\/delosarroyos.com\/tienda\/?post_type=product&#038;p=3127"},"modified":"2026-04-24T09:25:16","modified_gmt":"2026-04-24T12:25:16","slug":"estufa-liliana-infrarroja-cig100n","status":"publish","type":"product","link":"https:\/\/delosarroyos.com\/tienda\/producto\/estufa-liliana-infrarroja-cig100n\/","title":{"rendered":"ESTUFA LILIANA INFRARROJA CIG100N"},"content":{"rendered":"<p>CIG100N ESTUFA OSCILANTE NEGRA<br \/>\n3 TUBOS.<br \/>\nFRENTE MALLADO.<br \/>\nILUMINACI\u00d3N ATENUADA.<br \/>\nSELECTOR DE TEMPERATURA: 2 INTENSIDADES DE CALOR.<br \/>\nNO CONSUME OX\u00cdGENO.<br \/>\nCORTE DE SEGURIDAD POR CA\u00cdDA Y SOBRECALENTAMIENTO.<br \/>\nPOTENCIA: 700 \/ 1.400 W.<br \/>\nMEDIDAS: 34X54X22CM. (BASE X ALTURA X PROFUNDIDAD)<\/p>\n","protected":false},"excerpt":{"rendered":"<p>CIG100N ESTUFA OSCILANTE NEGRA 3 TUBOS. FRENTE MALLADO. ILUMINACI\u00d3N ATENUADA. SELECTOR DE TEMPERATURA: 2 INTENSIDADES DE CALOR. NO CONSUME OX\u00cdGENO. CORTE DE SEGURIDAD POR CA\u00cdDA Y SOBRECALENTAMIENTO. POTENCIA: 700 \/ 1.400 W. MEDIDAS: 34X54X22CM. (BASE X ALTURA X PROFUNDIDAD)<\/p>\n","protected":false},"featured_media":3128,"template":"","meta":[],"product_brand":[],"product_cat":[15,69,118],"product_tag":[],"class_list":{"0":"post-3127","1":"product","2":"type-product","3":"status-publish","4":"has-post-thumbnail","6":"product_cat-todos-los-productos","7":"product_cat-productos-cocinas","8":"product_cat-climatizacion","10":"first","11":"instock","12":"sold-individually","13":"shipping-taxable","14":"purchasable","15":"product-type-simple"},"_links":{"self":[{"href":"https:\/\/delosarroyos.com\/tienda\/wp-json\/wp\/v2\/product\/3127","targetHints":{"allow":["GET"]}}],"collection":[{"href":"https:\/\/delosarroyos.com\/tienda\/wp-json\/wp\/v2\/product"}],"about":[{"href":"https:\/\/delosarroyos.com\/tienda\/wp-json\/wp\/v2\/types\/product"}],"wp:featuredmedia":[{"embeddable":true,"href":"https:\/\/delosarroyos.com\/tienda\/wp-json\/wp\/v2\/media\/3128"}],"wp:attachment":[{"href":"https:\/\/delosarroyos.com\/tienda\/wp-json\/wp\/v2\/media?parent=3127"}],"wp:term":[{"taxonomy":"product_brand","embeddable":true,"href":"https:\/\/delosarroyos.com\/tienda\/wp-json\/wp\/v2\/product_brand?post=3127"},{"taxonomy":"product_cat","embeddable":true,"href":"https:\/\/delosarroyos.com\/tienda\/wp-json\/wp\/v2\/product_cat?post=3127"},{"taxonomy":"product_tag","embeddable":true,"href":"https:\/\/delosarroyos.com\/tienda\/wp-json\/wp\/v2\/product_tag?post=3127"}],"curies":[{"name":"wp","href":"https:\/\/api.w.org\/{rel}","templated":true}]}}