





























{"id":3190,"date":"2025-05-20T09:41:12","date_gmt":"2025-05-20T12:41:12","guid":{"rendered":"https:\/\/delosarroyos.com\/tienda\/?post_type=product&#038;p=3190"},"modified":"2025-11-03T11:19:13","modified_gmt":"2025-11-03T14:19:13","slug":"dispenser-essential-negro-con-unidad-filtrante","status":"publish","type":"product","link":"https:\/\/delosarroyos.com\/tienda\/producto\/dispenser-essential-negro-con-unidad-filtrante\/","title":{"rendered":"DISPENSER ESSENTIAL NEGRO CON UNIDAD FILTRANTE"},"content":{"rendered":"<p>Dispositivo de acondicionamiento de agua de red domiciliaria<br \/>\nBeneficios:<\/p>\n<ul class=\"bullets-list\">\n<li>Reduce el sabor y el olor del agua de red.<\/li>\n<li>Reduce el 89,77% de la concentraci\u00f3n de cloro del agua de red para un agua de entrada que contenga hasta 2,23 mg\/l de cloro.<\/li>\n<li>Capacidad\/ Caudal: 1,5 litros por minuto.<\/li>\n<li>Presi\u00f3n m\u00ednima y m\u00e1xima: 1 kg\/cm2<\/li>\n<\/ul>\n","protected":false},"excerpt":{"rendered":"<p>Dispositivo de acondicionamiento de agua de red domiciliaria Beneficios: Reduce el sabor y el olor del agua de red. Reduce el 89,77% de la concentraci\u00f3n de cloro del agua de red para un agua de entrada que contenga hasta 2,23 mg\/l de cloro. Capacidad\/ Caudal: 1,5 litros por minuto. Presi\u00f3n m\u00ednima y m\u00e1xima: 1 kg\/cm2<\/p>\n","protected":false},"featured_media":3191,"template":"","meta":[],"product_brand":[],"product_cat":[15,69,117],"product_tag":[],"class_list":{"0":"post-3190","1":"product","2":"type-product","3":"status-publish","4":"has-post-thumbnail","6":"product_cat-todos-los-productos","7":"product_cat-productos-cocinas","8":"product_cat-pequenos-hogar","10":"first","11":"instock","12":"sold-individually","13":"shipping-taxable","14":"purchasable","15":"product-type-simple"},"_links":{"self":[{"href":"https:\/\/delosarroyos.com\/tienda\/wp-json\/wp\/v2\/product\/3190","targetHints":{"allow":["GET"]}}],"collection":[{"href":"https:\/\/delosarroyos.com\/tienda\/wp-json\/wp\/v2\/product"}],"about":[{"href":"https:\/\/delosarroyos.com\/tienda\/wp-json\/wp\/v2\/types\/product"}],"wp:featuredmedia":[{"embeddable":true,"href":"https:\/\/delosarroyos.com\/tienda\/wp-json\/wp\/v2\/media\/3191"}],"wp:attachment":[{"href":"https:\/\/delosarroyos.com\/tienda\/wp-json\/wp\/v2\/media?parent=3190"}],"wp:term":[{"taxonomy":"product_brand","embeddable":true,"href":"https:\/\/delosarroyos.com\/tienda\/wp-json\/wp\/v2\/product_brand?post=3190"},{"taxonomy":"product_cat","embeddable":true,"href":"https:\/\/delosarroyos.com\/tienda\/wp-json\/wp\/v2\/product_cat?post=3190"},{"taxonomy":"product_tag","embeddable":true,"href":"https:\/\/delosarroyos.com\/tienda\/wp-json\/wp\/v2\/product_tag?post=3190"}],"curies":[{"name":"wp","href":"https:\/\/api.w.org\/{rel}","templated":true}]}}