





























{"id":3353,"date":"2025-07-18T09:47:03","date_gmt":"2025-07-18T12:47:03","guid":{"rendered":"https:\/\/delosarroyos.com\/tienda\/?post_type=product&#038;p=3353"},"modified":"2026-04-27T09:42:23","modified_gmt":"2026-04-27T12:42:23","slug":"aspiradora-robot-electrolux-con-remoto-y-trapeador","status":"publish","type":"product","link":"https:\/\/delosarroyos.com\/tienda\/producto\/aspiradora-robot-electrolux-con-remoto-y-trapeador\/","title":{"rendered":"ASPIRADORA MIDEA S\/BOLSA 2000W VS-MJ20TAR4"},"content":{"rendered":"<p>SKU VS-MJ20TAR4<br \/>\nComercializa Carrier SRL<br \/>\nModelo VS-MJ20TAR4<br \/>\nPotencia (W) 2000W<br \/>\nBolsa No<br \/>\nTipo Aspiradora<br \/>\nAccesorios Cepillo piso con cerdas ajustablesCepillo boca fina 2 en 1Accesorio para tapicer\u00eda<br \/>\nMaterial del tubo Met\u00e1lico<br \/>\nLargo del cable (m) 5<br \/>\nEnrollacable autom\u00e1tico Si<br \/>\nCapacidad del recipiente (Lts) 2<br \/>\nControl de potencia Si<br \/>\nFiltro HEPA No<br \/>\nInal\u00e1mbrica No<br \/>\nDimensiones (ancho x alto x profundidad mm) 265x240x410<\/p>\n","protected":false},"excerpt":{"rendered":"<p>SKU VS-MJ20TAR4 Comercializa Carrier SRL Modelo VS-MJ20TAR4 Potencia (W) 2000W Bolsa No Tipo Aspiradora Accesorios Cepillo piso con cerdas ajustablesCepillo boca fina 2 en 1Accesorio para tapicer\u00eda Material del tubo Met\u00e1lico Largo del cable (m) 5 Enrollacable autom\u00e1tico Si Capacidad del recipiente (Lts) 2 Control de potencia Si Filtro HEPA No Inal\u00e1mbrica No Dimensiones (ancho [&#8230;]\n","protected":false},"featured_media":3824,"template":"","meta":[],"product_brand":[],"product_cat":[15,69,117],"product_tag":[],"class_list":{"0":"post-3353","1":"product","2":"type-product","3":"status-publish","4":"has-post-thumbnail","6":"product_cat-todos-los-productos","7":"product_cat-productos-cocinas","8":"product_cat-pequenos-hogar","10":"first","11":"instock","12":"sold-individually","13":"shipping-taxable","14":"purchasable","15":"product-type-simple"},"_links":{"self":[{"href":"https:\/\/delosarroyos.com\/tienda\/wp-json\/wp\/v2\/product\/3353","targetHints":{"allow":["GET"]}}],"collection":[{"href":"https:\/\/delosarroyos.com\/tienda\/wp-json\/wp\/v2\/product"}],"about":[{"href":"https:\/\/delosarroyos.com\/tienda\/wp-json\/wp\/v2\/types\/product"}],"wp:featuredmedia":[{"embeddable":true,"href":"https:\/\/delosarroyos.com\/tienda\/wp-json\/wp\/v2\/media\/3824"}],"wp:attachment":[{"href":"https:\/\/delosarroyos.com\/tienda\/wp-json\/wp\/v2\/media?parent=3353"}],"wp:term":[{"taxonomy":"product_brand","embeddable":true,"href":"https:\/\/delosarroyos.com\/tienda\/wp-json\/wp\/v2\/product_brand?post=3353"},{"taxonomy":"product_cat","embeddable":true,"href":"https:\/\/delosarroyos.com\/tienda\/wp-json\/wp\/v2\/product_cat?post=3353"},{"taxonomy":"product_tag","embeddable":true,"href":"https:\/\/delosarroyos.com\/tienda\/wp-json\/wp\/v2\/product_tag?post=3353"}],"curies":[{"name":"wp","href":"https:\/\/api.w.org\/{rel}","templated":true}]}}