





























{"id":3370,"date":"2025-08-04T09:38:16","date_gmt":"2025-08-04T12:38:16","guid":{"rendered":"https:\/\/delosarroyos.com\/tienda\/?post_type=product&#038;p=3370"},"modified":"2026-04-24T10:36:32","modified_gmt":"2026-04-24T13:36:32","slug":"t-v-50-rca-g50p6uhd","status":"publish","type":"product","link":"https:\/\/delosarroyos.com\/tienda\/producto\/t-v-50-rca-g50p6uhd\/","title":{"rendered":"SMART TV RCA 50&#8243; UHD 4K C50AND-F ANDROID"},"content":{"rendered":"<p>Tama\u00f1o de Pantalla 50&#8243;<br \/>\nResoluci\u00f3n UHD 4K 3.840 x 2.160 p\u00edxeles<br \/>\nEntradas USB 2<br \/>\nEntradas HDMI 4<br \/>\nYouTube S\u00ed<br \/>\nNetflix S\u00ed<br \/>\nOtros Servicios Amazon Prime, Disney+, Youtube Kids, Navegador<br \/>\nSistema Operativo (S.O.) Android<br \/>\nMedidas VESA 300 x 300<br \/>\nControl por Voz S\u00ed<br \/>\nSintonizador TDA Si<br \/>\nAlto (mm) 705<br \/>\nAncho (mm) 1222<br \/>\nProfundidad (mm) 286<br \/>\nPeso (Kg) 17<\/p>\n","protected":false},"excerpt":{"rendered":"<p>Tama\u00f1o de Pantalla 50&#8243; Resoluci\u00f3n UHD 4K 3.840 x 2.160 p\u00edxeles Entradas USB 2 Entradas HDMI 4 YouTube S\u00ed Netflix S\u00ed Otros Servicios Amazon Prime, Disney+, Youtube Kids, Navegador Sistema Operativo (S.O.) Android Medidas VESA 300 x 300 Control por Voz S\u00ed Sintonizador TDA Si Alto (mm) 705 Ancho (mm) 1222 Profundidad (mm) 286 Peso [&#8230;]\n","protected":false},"featured_media":3371,"template":"","meta":[],"product_brand":[],"product_cat":[15,102,134],"product_tag":[],"class_list":{"0":"post-3370","1":"product","2":"type-product","3":"status-publish","4":"has-post-thumbnail","6":"product_cat-todos-los-productos","7":"product_cat-tecnologia","8":"product_cat-tv-audio-y-video","10":"first","11":"instock","12":"sold-individually","13":"shipping-taxable","14":"purchasable","15":"product-type-simple"},"_links":{"self":[{"href":"https:\/\/delosarroyos.com\/tienda\/wp-json\/wp\/v2\/product\/3370","targetHints":{"allow":["GET"]}}],"collection":[{"href":"https:\/\/delosarroyos.com\/tienda\/wp-json\/wp\/v2\/product"}],"about":[{"href":"https:\/\/delosarroyos.com\/tienda\/wp-json\/wp\/v2\/types\/product"}],"wp:featuredmedia":[{"embeddable":true,"href":"https:\/\/delosarroyos.com\/tienda\/wp-json\/wp\/v2\/media\/3371"}],"wp:attachment":[{"href":"https:\/\/delosarroyos.com\/tienda\/wp-json\/wp\/v2\/media?parent=3370"}],"wp:term":[{"taxonomy":"product_brand","embeddable":true,"href":"https:\/\/delosarroyos.com\/tienda\/wp-json\/wp\/v2\/product_brand?post=3370"},{"taxonomy":"product_cat","embeddable":true,"href":"https:\/\/delosarroyos.com\/tienda\/wp-json\/wp\/v2\/product_cat?post=3370"},{"taxonomy":"product_tag","embeddable":true,"href":"https:\/\/delosarroyos.com\/tienda\/wp-json\/wp\/v2\/product_tag?post=3370"}],"curies":[{"name":"wp","href":"https:\/\/api.w.org\/{rel}","templated":true}]}}