





























{"id":3594,"date":"2025-11-06T08:51:42","date_gmt":"2025-11-06T11:51:42","guid":{"rendered":"https:\/\/delosarroyos.com\/tienda\/?post_type=product&#038;p=3594"},"modified":"2026-01-08T08:46:24","modified_gmt":"2026-01-08T11:46:24","slug":"desmalezadora-lusqtoff-ld52-7-52cc-2t","status":"publish","type":"product","link":"https:\/\/delosarroyos.com\/tienda\/producto\/desmalezadora-lusqtoff-ld52-7-52cc-2t\/","title":{"rendered":"DESMALEZADORA LUSQTOFF LD52-7 52CC 2T"},"content":{"rendered":"<p>\u2022 Tipo de motor: 2 tiempos<br \/>\n\u2022 M\u00e1x. Potencia: 1.7 Hp\/ 1,27 Kw \/ 1.68 CV<br \/>\n\u2022 Cilindrada: 52 CC<br \/>\n\u2022 Tipo de Carburador: diafragma<br \/>\n\u2022 Fuente de alimentaci\u00f3n: mezcla (nafta y aceite 2T)<br \/>\n\u2022 Capacidad del tanque de combustible: 1.2 lts<br \/>\n\u2022 Transmisi\u00f3n: eje card\u00e1nico r\u00edgido<br \/>\n\u2022 Arranque: manual (polea retr\u00e1ctil)<br \/>\n\u2022 Di\u00e1metro m\u00e1x. de tanza: 2,5 mm<br \/>\n\u2022 Longitud m\u00e1x. de corte: cuchilla 255 mm \/ tanza 430 mm<br \/>\n\u2022 Peso: 8,7 kg<\/p>\n","protected":false},"excerpt":{"rendered":"<p>\u2022 Tipo de motor: 2 tiempos \u2022 M\u00e1x. Potencia: 1.7 Hp\/ 1,27 Kw \/ 1.68 CV \u2022 Cilindrada: 52 CC \u2022 Tipo de Carburador: diafragma \u2022 Fuente de alimentaci\u00f3n: mezcla (nafta y aceite 2T) \u2022 Capacidad del tanque de combustible: 1.2 lts \u2022 Transmisi\u00f3n: eje card\u00e1nico r\u00edgido \u2022 Arranque: manual (polea retr\u00e1ctil) \u2022 Di\u00e1metro m\u00e1x. [&#8230;]\n","protected":false},"featured_media":3595,"template":"","meta":[],"product_brand":[],"product_cat":[15,131,132],"product_tag":[],"class_list":{"0":"post-3594","1":"product","2":"type-product","3":"status-publish","4":"has-post-thumbnail","6":"product_cat-todos-los-productos","7":"product_cat-herramientas-y-construccion","8":"product_cat-herramientas-de-jardin","10":"first","11":"instock","12":"sold-individually","13":"shipping-taxable","14":"purchasable","15":"product-type-simple"},"_links":{"self":[{"href":"https:\/\/delosarroyos.com\/tienda\/wp-json\/wp\/v2\/product\/3594","targetHints":{"allow":["GET"]}}],"collection":[{"href":"https:\/\/delosarroyos.com\/tienda\/wp-json\/wp\/v2\/product"}],"about":[{"href":"https:\/\/delosarroyos.com\/tienda\/wp-json\/wp\/v2\/types\/product"}],"wp:featuredmedia":[{"embeddable":true,"href":"https:\/\/delosarroyos.com\/tienda\/wp-json\/wp\/v2\/media\/3595"}],"wp:attachment":[{"href":"https:\/\/delosarroyos.com\/tienda\/wp-json\/wp\/v2\/media?parent=3594"}],"wp:term":[{"taxonomy":"product_brand","embeddable":true,"href":"https:\/\/delosarroyos.com\/tienda\/wp-json\/wp\/v2\/product_brand?post=3594"},{"taxonomy":"product_cat","embeddable":true,"href":"https:\/\/delosarroyos.com\/tienda\/wp-json\/wp\/v2\/product_cat?post=3594"},{"taxonomy":"product_tag","embeddable":true,"href":"https:\/\/delosarroyos.com\/tienda\/wp-json\/wp\/v2\/product_tag?post=3594"}],"curies":[{"name":"wp","href":"https:\/\/api.w.org\/{rel}","templated":true}]}}