





























{"id":3715,"date":"2025-12-01T10:09:10","date_gmt":"2025-12-01T13:09:10","guid":{"rendered":"https:\/\/delosarroyos.com\/tienda\/?post_type=product&#038;p=3715"},"modified":"2026-03-02T10:38:40","modified_gmt":"2026-03-02T13:38:40","slug":"termo-contigo-ac-inox-1l","status":"publish","type":"product","link":"https:\/\/delosarroyos.com\/tienda\/producto\/termo-contigo-ac-inox-1l\/","title":{"rendered":"TERMO CONTIGO AC. INOX 1L"},"content":{"rendered":"<p>Peso 1 kg<br \/>\nDimensiones 92 \u00d7 107 \u00d7 33 cm<br \/>\nDi\u00e1metro: 10.7 cm<br \/>\nMaterial: Acero Inoxidable<br \/>\nCapacidad: 1.182 mililitros<br \/>\nPeso: 0.9 Kg<\/p>\n","protected":false},"excerpt":{"rendered":"<p>Peso 1 kg Dimensiones 92 \u00d7 107 \u00d7 33 cm Di\u00e1metro: 10.7 cm Material: Acero Inoxidable Capacidad: 1.182 mililitros Peso: 0.9 Kg<\/p>\n","protected":false},"featured_media":3716,"template":"","meta":[],"product_brand":[],"product_cat":[15,69,107],"product_tag":[],"class_list":{"0":"post-3715","1":"product","2":"type-product","3":"status-publish","4":"has-post-thumbnail","6":"product_cat-todos-los-productos","7":"product_cat-productos-cocinas","8":"product_cat-bazar","10":"first","11":"instock","12":"sold-individually","13":"shipping-taxable","14":"purchasable","15":"product-type-simple"},"_links":{"self":[{"href":"https:\/\/delosarroyos.com\/tienda\/wp-json\/wp\/v2\/product\/3715","targetHints":{"allow":["GET"]}}],"collection":[{"href":"https:\/\/delosarroyos.com\/tienda\/wp-json\/wp\/v2\/product"}],"about":[{"href":"https:\/\/delosarroyos.com\/tienda\/wp-json\/wp\/v2\/types\/product"}],"wp:featuredmedia":[{"embeddable":true,"href":"https:\/\/delosarroyos.com\/tienda\/wp-json\/wp\/v2\/media\/3716"}],"wp:attachment":[{"href":"https:\/\/delosarroyos.com\/tienda\/wp-json\/wp\/v2\/media?parent=3715"}],"wp:term":[{"taxonomy":"product_brand","embeddable":true,"href":"https:\/\/delosarroyos.com\/tienda\/wp-json\/wp\/v2\/product_brand?post=3715"},{"taxonomy":"product_cat","embeddable":true,"href":"https:\/\/delosarroyos.com\/tienda\/wp-json\/wp\/v2\/product_cat?post=3715"},{"taxonomy":"product_tag","embeddable":true,"href":"https:\/\/delosarroyos.com\/tienda\/wp-json\/wp\/v2\/product_tag?post=3715"}],"curies":[{"name":"wp","href":"https:\/\/api.w.org\/{rel}","templated":true}]}}