





























{"id":3727,"date":"2025-12-04T10:25:32","date_gmt":"2025-12-04T13:25:32","guid":{"rendered":"https:\/\/delosarroyos.com\/tienda\/?post_type=product&#038;p=3727"},"modified":"2025-12-16T10:31:51","modified_gmt":"2025-12-16T13:31:51","slug":"tabla-de-planchar-para-mesa","status":"publish","type":"product","link":"https:\/\/delosarroyos.com\/tienda\/producto\/tabla-de-planchar-para-mesa\/","title":{"rendered":"TABLA DE PLANCHAR PARA MESA"},"content":{"rendered":"<p>Pr\u00e1ctica tabla de mesa para planchar. Es plegable lo que facilita su guardado y es de pr\u00e1ctico traslado.<br \/>\nCon tela aluminizada y relleno de goma espuma.<\/p>\n<p>Caracter\u00edsticas:<br \/>\n&#8211; Ca\u00f1o 3\/4<br \/>\n&#8211; Base de madera aglomerada<br \/>\n&#8211; Pata plegable<br \/>\n&#8211; Con posa plancha<\/p>\n<p>Medidas:<br \/>\n&#8211; Tabla: Ancho 30 cm | Largo 68 cm<br \/>\n&#8211; Largo total: 87 cm<br \/>\n&#8211; Altura: 10 cm<br \/>\n&#8211; Peso del producto: 3,200 k<\/p>\n","protected":false},"excerpt":{"rendered":"<p>Pr\u00e1ctica tabla de mesa para planchar. Es plegable lo que facilita su guardado y es de pr\u00e1ctico traslado. Con tela aluminizada y relleno de goma espuma. Caracter\u00edsticas: &#8211; Ca\u00f1o 3\/4 &#8211; Base de madera aglomerada &#8211; Pata plegable &#8211; Con posa plancha Medidas: &#8211; Tabla: Ancho 30 cm | Largo 68 cm &#8211; Largo total: [&#8230;]\n","protected":false},"featured_media":3728,"template":"","meta":[],"product_brand":[],"product_cat":[15,69,117],"product_tag":[],"class_list":{"0":"post-3727","1":"product","2":"type-product","3":"status-publish","4":"has-post-thumbnail","6":"product_cat-todos-los-productos","7":"product_cat-productos-cocinas","8":"product_cat-pequenos-hogar","10":"first","11":"instock","12":"sold-individually","13":"shipping-taxable","14":"purchasable","15":"product-type-simple"},"_links":{"self":[{"href":"https:\/\/delosarroyos.com\/tienda\/wp-json\/wp\/v2\/product\/3727","targetHints":{"allow":["GET"]}}],"collection":[{"href":"https:\/\/delosarroyos.com\/tienda\/wp-json\/wp\/v2\/product"}],"about":[{"href":"https:\/\/delosarroyos.com\/tienda\/wp-json\/wp\/v2\/types\/product"}],"wp:featuredmedia":[{"embeddable":true,"href":"https:\/\/delosarroyos.com\/tienda\/wp-json\/wp\/v2\/media\/3728"}],"wp:attachment":[{"href":"https:\/\/delosarroyos.com\/tienda\/wp-json\/wp\/v2\/media?parent=3727"}],"wp:term":[{"taxonomy":"product_brand","embeddable":true,"href":"https:\/\/delosarroyos.com\/tienda\/wp-json\/wp\/v2\/product_brand?post=3727"},{"taxonomy":"product_cat","embeddable":true,"href":"https:\/\/delosarroyos.com\/tienda\/wp-json\/wp\/v2\/product_cat?post=3727"},{"taxonomy":"product_tag","embeddable":true,"href":"https:\/\/delosarroyos.com\/tienda\/wp-json\/wp\/v2\/product_tag?post=3727"}],"curies":[{"name":"wp","href":"https:\/\/api.w.org\/{rel}","templated":true}]}}