





























{"id":3741,"date":"2025-12-10T08:12:06","date_gmt":"2025-12-10T11:12:06","guid":{"rendered":"https:\/\/delosarroyos.com\/tienda\/?post_type=product&#038;p=3741"},"modified":"2026-04-24T09:21:08","modified_gmt":"2026-04-24T12:21:08","slug":"colchon-gani-golden-flex-190-x-140-x-30-esp-pi","status":"publish","type":"product","link":"https:\/\/delosarroyos.com\/tienda\/producto\/colchon-gani-golden-flex-190-x-140-x-30-esp-pi\/","title":{"rendered":"COLCHON GANI GOLDEN FLEX 1,90 X 1,40 X 30 ESP. PI"},"content":{"rendered":"<p>Firmeza del colch\u00f3n: Extra firme<br \/>\nMarca: Gani<br \/>\nCon pillow: No<br \/>\nPeso m\u00e1ximo soportado: 120 kg<br \/>\nTama\u00f1o: 2 plazas<br \/>\nTipo de relleno: Espuma<\/p>\n","protected":false},"excerpt":{"rendered":"<p>Firmeza del colch\u00f3n: Extra firme Marca: Gani Con pillow: No Peso m\u00e1ximo soportado: 120 kg Tama\u00f1o: 2 plazas Tipo de relleno: Espuma<\/p>\n","protected":false},"featured_media":3751,"template":"","meta":[],"product_brand":[],"product_cat":[15,122,99],"product_tag":[],"class_list":{"0":"post-3741","1":"product","2":"type-product","3":"status-publish","4":"has-post-thumbnail","6":"product_cat-todos-los-productos","7":"product_cat-muebles-y-colchones","8":"product_cat-colchones-y-sommiers","10":"first","11":"instock","12":"sold-individually","13":"shipping-taxable","14":"purchasable","15":"product-type-simple"},"_links":{"self":[{"href":"https:\/\/delosarroyos.com\/tienda\/wp-json\/wp\/v2\/product\/3741","targetHints":{"allow":["GET"]}}],"collection":[{"href":"https:\/\/delosarroyos.com\/tienda\/wp-json\/wp\/v2\/product"}],"about":[{"href":"https:\/\/delosarroyos.com\/tienda\/wp-json\/wp\/v2\/types\/product"}],"wp:featuredmedia":[{"embeddable":true,"href":"https:\/\/delosarroyos.com\/tienda\/wp-json\/wp\/v2\/media\/3751"}],"wp:attachment":[{"href":"https:\/\/delosarroyos.com\/tienda\/wp-json\/wp\/v2\/media?parent=3741"}],"wp:term":[{"taxonomy":"product_brand","embeddable":true,"href":"https:\/\/delosarroyos.com\/tienda\/wp-json\/wp\/v2\/product_brand?post=3741"},{"taxonomy":"product_cat","embeddable":true,"href":"https:\/\/delosarroyos.com\/tienda\/wp-json\/wp\/v2\/product_cat?post=3741"},{"taxonomy":"product_tag","embeddable":true,"href":"https:\/\/delosarroyos.com\/tienda\/wp-json\/wp\/v2\/product_tag?post=3741"}],"curies":[{"name":"wp","href":"https:\/\/api.w.org\/{rel}","templated":true}]}}