





























{"id":3761,"date":"2025-12-12T08:21:49","date_gmt":"2025-12-12T11:21:49","guid":{"rendered":"https:\/\/delosarroyos.com\/tienda\/?post_type=product&#038;p=3761"},"modified":"2026-03-12T09:05:32","modified_gmt":"2026-03-12T12:05:32","slug":"ventilador-de-techo-liliana-vthm214","status":"publish","type":"product","link":"https:\/\/delosarroyos.com\/tienda\/producto\/ventilador-de-techo-liliana-vthm214\/","title":{"rendered":"VENTILADOR DE TECHO LILIANA VTHM214"},"content":{"rendered":"<h3><strong>Especificaciones t\u00e9cnicas y funcionalidades<\/strong><\/h3>\n<ul>\n<li><strong>Motor con doble rodamiento blindado<\/strong>: Duradero y silencioso.<\/li>\n<li><strong>Regulador de velocidad de pared<\/strong>: Control c\u00f3modo desde cualquier lugar de la habitaci\u00f3n.<\/li>\n<li><strong>5 velocidades<\/strong>: Ajuste preciso para mayor confort.<\/li>\n<li><strong>4 palas de madera reversible<\/strong>: Disponible en dos colores (Madera Clara\/Madera Tradicional) para adaptarse a tu decoraci\u00f3n.<\/li>\n<li><strong>Cuerpo met\u00e1lico color platil<\/strong>: Dise\u00f1o moderno y resistente.<\/li>\n<li><strong>Plaf\u00f3n de vidrio<\/strong>: Iluminaci\u00f3n elegante y sofisticada.<\/li>\n<li><strong>Giro revertido<\/strong>: Ideal para distribuir el calor en invierno.<\/li>\n<li><strong>Di\u00e1metro<\/strong>: 1.2 metros (48 pulgadas), perfecto para espacios medianos.<\/li>\n<li><strong>Velocidad m\u00e1xima<\/strong>: 285 rpm, para una circulaci\u00f3n de aire eficiente.<\/li>\n<li><strong>Potencia<\/strong>: 80 watts, bajo consumo energ\u00e9tico.<\/li>\n<li><strong>Medidas<\/strong>: 52x23x21 cm, dise\u00f1o compacto y funcional.<\/li>\n<li><strong>Garant\u00eda<\/strong>: 2 a\u00f1os, respaldando su calidad y durabilidad.<\/li>\n<li><strong>Industria Argentina<\/strong>: Producto fabricado en Argentina.<\/li>\n<\/ul>\n","protected":false},"excerpt":{"rendered":"<p>Especificaciones t\u00e9cnicas y funcionalidades Motor con doble rodamiento blindado: Duradero y silencioso. Regulador de velocidad de pared: Control c\u00f3modo desde cualquier lugar de la habitaci\u00f3n. 5 velocidades: Ajuste preciso para mayor confort. 4 palas de madera reversible: Disponible en dos colores (Madera Clara\/Madera Tradicional) para adaptarse a tu decoraci\u00f3n. Cuerpo met\u00e1lico color platil: Dise\u00f1o moderno [&#8230;]\n","protected":false},"featured_media":3764,"template":"","meta":[],"product_brand":[],"product_cat":[15,69,118],"product_tag":[],"class_list":{"0":"post-3761","1":"product","2":"type-product","3":"status-publish","4":"has-post-thumbnail","6":"product_cat-todos-los-productos","7":"product_cat-productos-cocinas","8":"product_cat-climatizacion","10":"first","11":"instock","12":"sold-individually","13":"shipping-taxable","14":"purchasable","15":"product-type-simple"},"_links":{"self":[{"href":"https:\/\/delosarroyos.com\/tienda\/wp-json\/wp\/v2\/product\/3761","targetHints":{"allow":["GET"]}}],"collection":[{"href":"https:\/\/delosarroyos.com\/tienda\/wp-json\/wp\/v2\/product"}],"about":[{"href":"https:\/\/delosarroyos.com\/tienda\/wp-json\/wp\/v2\/types\/product"}],"wp:featuredmedia":[{"embeddable":true,"href":"https:\/\/delosarroyos.com\/tienda\/wp-json\/wp\/v2\/media\/3764"}],"wp:attachment":[{"href":"https:\/\/delosarroyos.com\/tienda\/wp-json\/wp\/v2\/media?parent=3761"}],"wp:term":[{"taxonomy":"product_brand","embeddable":true,"href":"https:\/\/delosarroyos.com\/tienda\/wp-json\/wp\/v2\/product_brand?post=3761"},{"taxonomy":"product_cat","embeddable":true,"href":"https:\/\/delosarroyos.com\/tienda\/wp-json\/wp\/v2\/product_cat?post=3761"},{"taxonomy":"product_tag","embeddable":true,"href":"https:\/\/delosarroyos.com\/tienda\/wp-json\/wp\/v2\/product_tag?post=3761"}],"curies":[{"name":"wp","href":"https:\/\/api.w.org\/{rel}","templated":true}]}}