





























{"id":3793,"date":"2025-12-19T09:35:13","date_gmt":"2025-12-19T12:35:13","guid":{"rendered":"https:\/\/delosarroyos.com\/tienda\/?post_type=product&#038;p=3793"},"modified":"2026-01-09T11:07:57","modified_gmt":"2026-01-09T14:07:57","slug":"cama-elastica-c-red-de-seguridad-305-mts","status":"publish","type":"product","link":"https:\/\/delosarroyos.com\/tienda\/producto\/cama-elastica-c-red-de-seguridad-305-mts\/","title":{"rendered":"CAMA ELASTICA C\/RED DE SEGURIDAD 3,05 MTS"},"content":{"rendered":"<p>Construcci\u00f3n estable y s\u00f3lida, con estructura de acero y red de seguridad superior. Material de lana sint\u00e9tica resistente a roturas, marco extra delgado con almohadillas que amortiguan golpes y entradas con cierre de seguridad y hebillas de liberaci\u00f3n r\u00e1pida.<br \/>\nTotalmente impermeable, para dejarla siempre lista para usar en el jard\u00edn.<\/p>\n<p>ESPECIFICACIONES T\u00c9CNICAS:<br \/>\n&#8211; Modelo: 10 FT<br \/>\n&#8211; Di\u00e1metro: 3,05 mt<br \/>\n&#8211; Altura del piso al trampol\u00edn: 70 cm<br \/>\n&#8211; Altura red de seguridad: 1,80 mt<br \/>\n&#8211; Altura total: 2,50 mt<br \/>\n&#8211; Peso m\u00e1ximo recomendado: 110 kg<br \/>\n&#8211; Estructura ca\u00f1o: 34 mm x 1,20 mm<br \/>\n&#8211; Resortes y ganchos: 54<br \/>\n&#8211; Peso del producto: 42 kg<br \/>\n&#8211; Medidas de la caja: 1,60 x 0,57 x 0,20 mt<\/p>\n","protected":false},"excerpt":{"rendered":"<p>Construcci\u00f3n estable y s\u00f3lida, con estructura de acero y red de seguridad superior. Material de lana sint\u00e9tica resistente a roturas, marco extra delgado con almohadillas que amortiguan golpes y entradas con cierre de seguridad y hebillas de liberaci\u00f3n r\u00e1pida. Totalmente impermeable, para dejarla siempre lista para usar en el jard\u00edn. ESPECIFICACIONES T\u00c9CNICAS: &#8211; Modelo: 10 [&#8230;]\n","protected":false},"featured_media":3794,"template":"","meta":[],"product_brand":[],"product_cat":[15,121],"product_tag":[],"class_list":{"0":"post-3793","1":"product","2":"type-product","3":"status-publish","4":"has-post-thumbnail","6":"product_cat-todos-los-productos","7":"product_cat-juguetes-bebes-y-ninos","9":"first","10":"instock","11":"sold-individually","12":"shipping-taxable","13":"purchasable","14":"product-type-simple"},"_links":{"self":[{"href":"https:\/\/delosarroyos.com\/tienda\/wp-json\/wp\/v2\/product\/3793","targetHints":{"allow":["GET"]}}],"collection":[{"href":"https:\/\/delosarroyos.com\/tienda\/wp-json\/wp\/v2\/product"}],"about":[{"href":"https:\/\/delosarroyos.com\/tienda\/wp-json\/wp\/v2\/types\/product"}],"wp:featuredmedia":[{"embeddable":true,"href":"https:\/\/delosarroyos.com\/tienda\/wp-json\/wp\/v2\/media\/3794"}],"wp:attachment":[{"href":"https:\/\/delosarroyos.com\/tienda\/wp-json\/wp\/v2\/media?parent=3793"}],"wp:term":[{"taxonomy":"product_brand","embeddable":true,"href":"https:\/\/delosarroyos.com\/tienda\/wp-json\/wp\/v2\/product_brand?post=3793"},{"taxonomy":"product_cat","embeddable":true,"href":"https:\/\/delosarroyos.com\/tienda\/wp-json\/wp\/v2\/product_cat?post=3793"},{"taxonomy":"product_tag","embeddable":true,"href":"https:\/\/delosarroyos.com\/tienda\/wp-json\/wp\/v2\/product_tag?post=3793"}],"curies":[{"name":"wp","href":"https:\/\/api.w.org\/{rel}","templated":true}]}}