





























{"id":3848,"date":"2026-01-09T18:34:15","date_gmt":"2026-01-09T21:34:15","guid":{"rendered":"https:\/\/delosarroyos.com\/tienda\/?post_type=product&#038;p=3848"},"modified":"2026-03-12T08:43:04","modified_gmt":"2026-03-12T11:43:04","slug":"parlante-stromberg-mega-twin-20w","status":"publish","type":"product","link":"https:\/\/delosarroyos.com\/tienda\/producto\/parlante-stromberg-mega-twin-20w\/","title":{"rendered":"PARLANTE STROMBERG MEGA TWIN 20W"},"content":{"rendered":"<p>DISE\u00d1O 2 EN 1<br \/>\nCONEXI\u00d3N BLUETOOTH<br \/>\n20 WATTS DE POTENCIA REAL<br \/>\nDOS SUBWOOFERS DE 3&#8243;<br \/>\nBATER\u00cdA DE LARGA DURACI\u00d3N<br \/>\nSISTEMA DE LUCES RGB<\/p>\n","protected":false},"excerpt":{"rendered":"<p>DISE\u00d1O 2 EN 1 CONEXI\u00d3N BLUETOOTH 20 WATTS DE POTENCIA REAL DOS SUBWOOFERS DE 3&#8243; BATER\u00cdA DE LARGA DURACI\u00d3N SISTEMA DE LUCES RGB<\/p>\n","protected":false},"featured_media":3849,"template":"","meta":[],"product_brand":[],"product_cat":[15,102,134],"product_tag":[],"class_list":{"0":"post-3848","1":"product","2":"type-product","3":"status-publish","4":"has-post-thumbnail","6":"product_cat-todos-los-productos","7":"product_cat-tecnologia","8":"product_cat-tv-audio-y-video","10":"first","11":"instock","12":"sold-individually","13":"shipping-taxable","14":"purchasable","15":"product-type-simple"},"_links":{"self":[{"href":"https:\/\/delosarroyos.com\/tienda\/wp-json\/wp\/v2\/product\/3848","targetHints":{"allow":["GET"]}}],"collection":[{"href":"https:\/\/delosarroyos.com\/tienda\/wp-json\/wp\/v2\/product"}],"about":[{"href":"https:\/\/delosarroyos.com\/tienda\/wp-json\/wp\/v2\/types\/product"}],"wp:featuredmedia":[{"embeddable":true,"href":"https:\/\/delosarroyos.com\/tienda\/wp-json\/wp\/v2\/media\/3849"}],"wp:attachment":[{"href":"https:\/\/delosarroyos.com\/tienda\/wp-json\/wp\/v2\/media?parent=3848"}],"wp:term":[{"taxonomy":"product_brand","embeddable":true,"href":"https:\/\/delosarroyos.com\/tienda\/wp-json\/wp\/v2\/product_brand?post=3848"},{"taxonomy":"product_cat","embeddable":true,"href":"https:\/\/delosarroyos.com\/tienda\/wp-json\/wp\/v2\/product_cat?post=3848"},{"taxonomy":"product_tag","embeddable":true,"href":"https:\/\/delosarroyos.com\/tienda\/wp-json\/wp\/v2\/product_tag?post=3848"}],"curies":[{"name":"wp","href":"https:\/\/api.w.org\/{rel}","templated":true}]}}