





























{"id":3897,"date":"2026-01-22T11:33:46","date_gmt":"2026-01-22T14:33:46","guid":{"rendered":"https:\/\/delosarroyos.com\/tienda\/?post_type=product&#038;p=3897"},"modified":"2026-02-09T09:14:23","modified_gmt":"2026-02-09T12:14:23","slug":"ventilador-turbo-liliana-vtfm20","status":"publish","type":"product","link":"https:\/\/delosarroyos.com\/tienda\/producto\/ventilador-turbo-liliana-vtfm20\/","title":{"rendered":"VENTILADOR TURBO LILIANA VTFM20"},"content":{"rendered":"<p>VVTFM20 TURBO 20&#8243;<br \/>\n100 WATTS.<br \/>\nPARRILLA ESPIRALADA CROMADA.<br \/>\n3 ASPAS MET\u00c1LICAS TIPO TR\u00c9BOL.<br \/>\nCABEZAL RECLINABLE Y SOPORTE<br \/>\nCROMADO.<br \/>\nMOTOR DE ALTO RENDIMIENTO.<br \/>\nS\u00daPER SILENCIOSO.<\/p>\n","protected":false},"excerpt":{"rendered":"<p>VVTFM20 TURBO 20&#8243; 100 WATTS. PARRILLA ESPIRALADA CROMADA. 3 ASPAS MET\u00c1LICAS TIPO TR\u00c9BOL. CABEZAL RECLINABLE Y SOPORTE CROMADO. MOTOR DE ALTO RENDIMIENTO. S\u00daPER SILENCIOSO.<\/p>\n","protected":false},"featured_media":3898,"template":"","meta":[],"product_brand":[],"product_cat":[15,69,118],"product_tag":[],"class_list":{"0":"post-3897","1":"product","2":"type-product","3":"status-publish","4":"has-post-thumbnail","6":"product_cat-todos-los-productos","7":"product_cat-productos-cocinas","8":"product_cat-climatizacion","10":"first","11":"instock","12":"shipping-taxable","13":"purchasable","14":"product-type-simple"},"_links":{"self":[{"href":"https:\/\/delosarroyos.com\/tienda\/wp-json\/wp\/v2\/product\/3897","targetHints":{"allow":["GET"]}}],"collection":[{"href":"https:\/\/delosarroyos.com\/tienda\/wp-json\/wp\/v2\/product"}],"about":[{"href":"https:\/\/delosarroyos.com\/tienda\/wp-json\/wp\/v2\/types\/product"}],"wp:featuredmedia":[{"embeddable":true,"href":"https:\/\/delosarroyos.com\/tienda\/wp-json\/wp\/v2\/media\/3898"}],"wp:attachment":[{"href":"https:\/\/delosarroyos.com\/tienda\/wp-json\/wp\/v2\/media?parent=3897"}],"wp:term":[{"taxonomy":"product_brand","embeddable":true,"href":"https:\/\/delosarroyos.com\/tienda\/wp-json\/wp\/v2\/product_brand?post=3897"},{"taxonomy":"product_cat","embeddable":true,"href":"https:\/\/delosarroyos.com\/tienda\/wp-json\/wp\/v2\/product_cat?post=3897"},{"taxonomy":"product_tag","embeddable":true,"href":"https:\/\/delosarroyos.com\/tienda\/wp-json\/wp\/v2\/product_tag?post=3897"}],"curies":[{"name":"wp","href":"https:\/\/api.w.org\/{rel}","templated":true}]}}