





























{"id":3906,"date":"2026-01-27T12:22:13","date_gmt":"2026-01-27T15:22:13","guid":{"rendered":"https:\/\/delosarroyos.com\/tienda\/?post_type=product&#038;p=3906"},"modified":"2026-02-26T11:25:28","modified_gmt":"2026-02-26T14:25:28","slug":"split-carrier-53hvn18gn81f-4601-kcal-h-inverter","status":"publish","type":"product","link":"https:\/\/delosarroyos.com\/tienda\/producto\/split-carrier-53hvn18gn81f-4601-kcal-h-inverter\/","title":{"rendered":"SPLIT CARRIER 53HVN18GN81F 4601 KCAL\/H INVERTER"},"content":{"rendered":"<p>El split Xpower Inverter Carrier utiliza refrigerante ecol\u00f3gico R-32 que no afecta a la capa de ozono y tiene un 70% menos de potencial de calentamiento global que el R-410A.<\/p>\n<p>Adem\u00e1s, el gas refrigerante R-32 es m\u00e1s eficiente, lo que se traduce en mayor ahorro de energ\u00eda.<\/p>\n<p>Incluye controles de aplicaciones por voz, compatible con Alexa o desde la app de Google Home, que podr\u00e1s manejar<\/p>\n<p>desde tu celular, para un uso f\u00e1cil en el hogar.<\/p>\n<p>Tensi\u00f3n: 220v (50hz)<\/p>\n<p>Capacidad Nominal:<\/p>\n<p>-Refrigeraci\u00f3n: 5.35 kW \/ 4601 kcal\/h<\/p>\n<p>-Calefacci\u00f3n: 5.50 kW \/ 4730 kcal\/h<\/p>\n<p>Consumo El\u00e9ctrico:<\/p>\n<p>-Refrigeraci\u00f3n: 1.47 kW<\/p>\n<p>-Calefacci\u00f3n: 1.52 kW<\/p>\n<p>Dimensiones (ancho x prof. x alto):<\/p>\n<p>-Unidad Interior: 971x228x321 mm<\/p>\n<p>-Unidad Exterior: 765x303x555 mm<\/p>\n<p>Peso neto \/ bruto:<\/p>\n<p>-Unidad Interior: 11.70 \/ 15 kg<\/p>\n<p>-Unidad Exterior: 27.50 \/ 29.90 kg<\/p>\n<p>Eficiencia Energ\u00e9tica:<\/p>\n<p>-Unidad Interior: A++<\/p>\n<p>-Unidad Exterior: A<\/p>\n","protected":false},"excerpt":{"rendered":"<p>El split Xpower Inverter Carrier utiliza refrigerante ecol\u00f3gico R-32 que no afecta a la capa de ozono y tiene un 70% menos de potencial de calentamiento global que el R-410A. Adem\u00e1s, el gas refrigerante R-32 es m\u00e1s eficiente, lo que se traduce en mayor ahorro de energ\u00eda. Incluye controles de aplicaciones por voz, compatible con [&#8230;]\n","protected":false},"featured_media":3907,"template":"","meta":[],"product_brand":[],"product_cat":[15,69,118],"product_tag":[],"class_list":{"0":"post-3906","1":"product","2":"type-product","3":"status-publish","4":"has-post-thumbnail","6":"product_cat-todos-los-productos","7":"product_cat-productos-cocinas","8":"product_cat-climatizacion","10":"first","11":"instock","12":"sold-individually","13":"shipping-taxable","14":"purchasable","15":"product-type-simple"},"_links":{"self":[{"href":"https:\/\/delosarroyos.com\/tienda\/wp-json\/wp\/v2\/product\/3906","targetHints":{"allow":["GET"]}}],"collection":[{"href":"https:\/\/delosarroyos.com\/tienda\/wp-json\/wp\/v2\/product"}],"about":[{"href":"https:\/\/delosarroyos.com\/tienda\/wp-json\/wp\/v2\/types\/product"}],"wp:featuredmedia":[{"embeddable":true,"href":"https:\/\/delosarroyos.com\/tienda\/wp-json\/wp\/v2\/media\/3907"}],"wp:attachment":[{"href":"https:\/\/delosarroyos.com\/tienda\/wp-json\/wp\/v2\/media?parent=3906"}],"wp:term":[{"taxonomy":"product_brand","embeddable":true,"href":"https:\/\/delosarroyos.com\/tienda\/wp-json\/wp\/v2\/product_brand?post=3906"},{"taxonomy":"product_cat","embeddable":true,"href":"https:\/\/delosarroyos.com\/tienda\/wp-json\/wp\/v2\/product_cat?post=3906"},{"taxonomy":"product_tag","embeddable":true,"href":"https:\/\/delosarroyos.com\/tienda\/wp-json\/wp\/v2\/product_tag?post=3906"}],"curies":[{"name":"wp","href":"https:\/\/api.w.org\/{rel}","templated":true}]}}