





























{"id":3924,"date":"2026-02-04T11:37:43","date_gmt":"2026-02-04T14:37:43","guid":{"rendered":"https:\/\/delosarroyos.com\/tienda\/?post_type=product&#038;p=3924"},"modified":"2026-04-07T11:20:40","modified_gmt":"2026-04-07T14:20:40","slug":"silla-harmony-plastica-simil-ratan","status":"publish","type":"product","link":"https:\/\/delosarroyos.com\/tienda\/producto\/silla-harmony-plastica-simil-ratan\/","title":{"rendered":"SILLA HARMONY PLASTICA SIMIL RATAN"},"content":{"rendered":"<p>La Silla Harmony cuenta con un dise\u00f1o moderno y vers\u00e1til, es apta para interior o exterior. Adem\u00e1s de ser muy c\u00f3moda es super resistente y f\u00e1cil de limpiar.<\/p>\n<p>MEDIDAS:<br \/>\n&#8211; Asiento: 45 x 44 cm<br \/>\n&#8211; Altura del respaldo: 48 cm<br \/>\n&#8211; Altura total: 84 cm<br \/>\n&#8211; Altura del piso al asiento: 45 cm<br \/>\n&#8211; Peso m\u00e1ximo recomendado: 120 k<\/p>\n","protected":false},"excerpt":{"rendered":"<p>La Silla Harmony cuenta con un dise\u00f1o moderno y vers\u00e1til, es apta para interior o exterior. Adem\u00e1s de ser muy c\u00f3moda es super resistente y f\u00e1cil de limpiar. MEDIDAS: &#8211; Asiento: 45 x 44 cm &#8211; Altura del respaldo: 48 cm &#8211; Altura total: 84 cm &#8211; Altura del piso al asiento: 45 cm &#8211; [&#8230;]\n","protected":false},"featured_media":3925,"template":"","meta":[],"product_brand":[],"product_cat":[15,113,122],"product_tag":[],"class_list":{"0":"post-3924","1":"product","2":"type-product","3":"status-publish","4":"has-post-thumbnail","6":"product_cat-todos-los-productos","7":"product_cat-muebles-de-exteriores","8":"product_cat-muebles-y-colchones","10":"first","11":"instock","12":"shipping-taxable","13":"purchasable","14":"product-type-simple"},"_links":{"self":[{"href":"https:\/\/delosarroyos.com\/tienda\/wp-json\/wp\/v2\/product\/3924","targetHints":{"allow":["GET"]}}],"collection":[{"href":"https:\/\/delosarroyos.com\/tienda\/wp-json\/wp\/v2\/product"}],"about":[{"href":"https:\/\/delosarroyos.com\/tienda\/wp-json\/wp\/v2\/types\/product"}],"wp:featuredmedia":[{"embeddable":true,"href":"https:\/\/delosarroyos.com\/tienda\/wp-json\/wp\/v2\/media\/3925"}],"wp:attachment":[{"href":"https:\/\/delosarroyos.com\/tienda\/wp-json\/wp\/v2\/media?parent=3924"}],"wp:term":[{"taxonomy":"product_brand","embeddable":true,"href":"https:\/\/delosarroyos.com\/tienda\/wp-json\/wp\/v2\/product_brand?post=3924"},{"taxonomy":"product_cat","embeddable":true,"href":"https:\/\/delosarroyos.com\/tienda\/wp-json\/wp\/v2\/product_cat?post=3924"},{"taxonomy":"product_tag","embeddable":true,"href":"https:\/\/delosarroyos.com\/tienda\/wp-json\/wp\/v2\/product_tag?post=3924"}],"curies":[{"name":"wp","href":"https:\/\/api.w.org\/{rel}","templated":true}]}}