





























{"id":3944,"date":"2026-02-18T10:29:56","date_gmt":"2026-02-18T13:29:56","guid":{"rendered":"https:\/\/delosarroyos.com\/tienda\/?post_type=product&#038;p=3944"},"modified":"2026-04-24T09:13:52","modified_gmt":"2026-04-24T12:13:52","slug":"cafetera-smartlife-sl-cm9402-1-5-lt-900w","status":"publish","type":"product","link":"https:\/\/delosarroyos.com\/tienda\/producto\/cafetera-smartlife-sl-cm9402-1-5-lt-900w\/","title":{"rendered":"CAFETERA SMARTLIFE SL-CM9402 1.5 lt 900W"},"content":{"rendered":"<p>Tipo de cafetera<br \/>\nDe filtro<br \/>\nPotencia 900 W<br \/>\nCon pantalla digital No<br \/>\nCon doble salida No<br \/>\nJarra de vidrio S\u00ed<br \/>\nIncluye temporizador No<br \/>\nCon selector de intensidad No<br \/>\nCon emisi\u00f3n de vapor No<br \/>\nCon funci\u00f3n de calentamiento de tazas No<br \/>\nColor Negro &#8211; Inox<br \/>\nApagado autom\u00e1tico Si<br \/>\nCon indicador de agua Si<br \/>\nCon luz indicadora Si<br \/>\nCapacidad en volumen 1.5 L<br \/>\nCapacidad en tazas 12 tazas<br \/>\nFiltro anti goteo Si<br \/>\nCon control de temperatura No<br \/>\nCon limpieza autom\u00e1tica No<br \/>\nMateriales Pl\u00e1stico &#8211; detalles inox<br \/>\nCon filtro removible y lavable Si<br \/>\nTipo de filtro Permanente<br \/>\nMedidas con caja (Lon x An x Al)<br \/>\n29.5 x 23 x 40 cm<br \/>\nPeso con caja 2.5 kg<\/p>\n","protected":false},"excerpt":{"rendered":"<p>Tipo de cafetera De filtro Potencia 900 W Con pantalla digital No Con doble salida No Jarra de vidrio S\u00ed Incluye temporizador No Con selector de intensidad No Con emisi\u00f3n de vapor No Con funci\u00f3n de calentamiento de tazas No Color Negro &#8211; Inox Apagado autom\u00e1tico Si Con indicador de agua Si Con luz indicadora [&#8230;]\n","protected":false},"featured_media":3945,"template":"","meta":[],"product_brand":[],"product_cat":[15,69,70],"product_tag":[],"class_list":{"0":"post-3944","1":"product","2":"type-product","3":"status-publish","4":"has-post-thumbnail","6":"product_cat-todos-los-productos","7":"product_cat-productos-cocinas","8":"product_cat-productos-electros","10":"first","11":"instock","12":"sold-individually","13":"shipping-taxable","14":"purchasable","15":"product-type-simple"},"_links":{"self":[{"href":"https:\/\/delosarroyos.com\/tienda\/wp-json\/wp\/v2\/product\/3944","targetHints":{"allow":["GET"]}}],"collection":[{"href":"https:\/\/delosarroyos.com\/tienda\/wp-json\/wp\/v2\/product"}],"about":[{"href":"https:\/\/delosarroyos.com\/tienda\/wp-json\/wp\/v2\/types\/product"}],"wp:featuredmedia":[{"embeddable":true,"href":"https:\/\/delosarroyos.com\/tienda\/wp-json\/wp\/v2\/media\/3945"}],"wp:attachment":[{"href":"https:\/\/delosarroyos.com\/tienda\/wp-json\/wp\/v2\/media?parent=3944"}],"wp:term":[{"taxonomy":"product_brand","embeddable":true,"href":"https:\/\/delosarroyos.com\/tienda\/wp-json\/wp\/v2\/product_brand?post=3944"},{"taxonomy":"product_cat","embeddable":true,"href":"https:\/\/delosarroyos.com\/tienda\/wp-json\/wp\/v2\/product_cat?post=3944"},{"taxonomy":"product_tag","embeddable":true,"href":"https:\/\/delosarroyos.com\/tienda\/wp-json\/wp\/v2\/product_tag?post=3944"}],"curies":[{"name":"wp","href":"https:\/\/api.w.org\/{rel}","templated":true}]}}