





























{"id":3946,"date":"2026-02-18T10:37:50","date_gmt":"2026-02-18T13:37:50","guid":{"rendered":"https:\/\/delosarroyos.com\/tienda\/?post_type=product&#038;p=3946"},"modified":"2026-02-18T10:37:50","modified_gmt":"2026-02-18T13:37:50","slug":"cafetera-expreso-smartlife-sl-ec8501-20bar-2-en-1","status":"publish","type":"product","link":"https:\/\/delosarroyos.com\/tienda\/producto\/cafetera-expreso-smartlife-sl-ec8501-20bar-2-en-1\/","title":{"rendered":"CAFETERA EXPRESO SMARTLIFE SL-EC8501 20BAR 2 EN 1"},"content":{"rendered":"<p>Tipo de cafetera<br \/>\nExpreso &#8211; C\u00e1psula Monodosis<br \/>\nPotencia 850 W<br \/>\nPresi\u00f3n 20 bar<br \/>\nTecnolog\u00eda Autom\u00e1tica<br \/>\nCon pantalla digital No<br \/>\nCon doble salida S\u00ed<br \/>\nJarra de vidrio No<br \/>\nIncluye temporizador No<br \/>\nCon selector de intensidad No<br \/>\nCon emisi\u00f3n de vapor S\u00ed<br \/>\nCon funci\u00f3n de calentamiento de tazas S\u00ed<br \/>\nColor Negro &#8211; Inox<br \/>\nApagado autom\u00e1tico Si<br \/>\nCon indicador de agua Si<br \/>\nCon luz indicadora Si<br \/>\nCapacidad en volumen 1.5 L<br \/>\nFiltro anti goteo Si<br \/>\nCon control de temperatura No<br \/>\nCon limpieza autom\u00e1tica No<br \/>\nMateriales Pl\u00e1stico &#8211; detalles inox<br \/>\nCon filtro removible y lavable Si<br \/>\nTipo de filtro Permanente<br \/>\nMedidas con caja (Lon x An x Al)<br \/>\n19.5 x 17 x 21 cm<\/p>\n","protected":false},"excerpt":{"rendered":"<p>Tipo de cafetera Expreso &#8211; C\u00e1psula Monodosis Potencia 850 W Presi\u00f3n 20 bar Tecnolog\u00eda Autom\u00e1tica Con pantalla digital No Con doble salida S\u00ed Jarra de vidrio No Incluye temporizador No Con selector de intensidad No Con emisi\u00f3n de vapor S\u00ed Con funci\u00f3n de calentamiento de tazas S\u00ed Color Negro &#8211; Inox Apagado autom\u00e1tico Si Con [&#8230;]\n","protected":false},"featured_media":3947,"template":"","meta":[],"product_brand":[],"product_cat":[15,69,70],"product_tag":[],"class_list":{"0":"post-3946","1":"product","2":"type-product","3":"status-publish","4":"has-post-thumbnail","6":"product_cat-todos-los-productos","7":"product_cat-productos-cocinas","8":"product_cat-productos-electros","10":"first","11":"instock","12":"sold-individually","13":"shipping-taxable","14":"purchasable","15":"product-type-simple"},"_links":{"self":[{"href":"https:\/\/delosarroyos.com\/tienda\/wp-json\/wp\/v2\/product\/3946","targetHints":{"allow":["GET"]}}],"collection":[{"href":"https:\/\/delosarroyos.com\/tienda\/wp-json\/wp\/v2\/product"}],"about":[{"href":"https:\/\/delosarroyos.com\/tienda\/wp-json\/wp\/v2\/types\/product"}],"wp:featuredmedia":[{"embeddable":true,"href":"https:\/\/delosarroyos.com\/tienda\/wp-json\/wp\/v2\/media\/3947"}],"wp:attachment":[{"href":"https:\/\/delosarroyos.com\/tienda\/wp-json\/wp\/v2\/media?parent=3946"}],"wp:term":[{"taxonomy":"product_brand","embeddable":true,"href":"https:\/\/delosarroyos.com\/tienda\/wp-json\/wp\/v2\/product_brand?post=3946"},{"taxonomy":"product_cat","embeddable":true,"href":"https:\/\/delosarroyos.com\/tienda\/wp-json\/wp\/v2\/product_cat?post=3946"},{"taxonomy":"product_tag","embeddable":true,"href":"https:\/\/delosarroyos.com\/tienda\/wp-json\/wp\/v2\/product_tag?post=3946"}],"curies":[{"name":"wp","href":"https:\/\/api.w.org\/{rel}","templated":true}]}}